{"id":11377,"date":"2025-12-16T17:19:40","date_gmt":"2025-12-16T15:19:40","guid":{"rendered":"https:\/\/ursus.ee\/toode\/roll-on-silmaseerum-vitamiin-c-3xaction-2\/"},"modified":"2026-03-27T16:21:37","modified_gmt":"2026-03-27T14:21:37","slug":"roll-on-silmaseerum-vitamiin-c-3xaction-2","status":"publish","type":"product","link":"https:\/\/ursus.ee\/en\/toode\/roll-on-silmaseerum-vitamiin-c-3xaction-2\/","title":{"rendered":"Roll-on silmaseerum Vitamiin C 3xAction"},"content":{"rendered":"<p>Silmaseerum, mille koostises olevad h\u00fcaluroonhape, traneksaamhape, peptiidid ja kolme C-vitamiini kompleks, v\u00e4hendab t\u00f5husalt turset, tumedaid silmaaluseid ning parandab naha tugevust ja elastsust, v\u00e4hendades peeneid jooni ja kortse.<\/p>\n","protected":false},"excerpt":{"rendered":"<p>Silmaseerum, mille koostises olevad h\u00fcaluroonhape, traneksaamhape, peptiidid ja kolme C-vitamiini kompleks, v\u00e4hendab t\u00f5husalt turset, tumedaid silmaaluseid ning parandab naha tugevust ja elastsust, v\u00e4hendades peeneid jooni ja kortse.<\/p>\n","protected":false},"featured_media":11378,"comment_status":"closed","ping_status":"open","template":"","meta":{"_acf_changed":false},"product_brand":[187],"product_cat":[188,200],"product_tag":[],"class_list":{"0":"post-11377","1":"product","2":"type-product","3":"status-publish","4":"has-post-thumbnail","6":"product_brand-eveline-cosmetics","7":"product_cat-naohooldus","8":"product_cat-silmakreemid","9":"pa_kogus-15-ml","10":"pa_koostis-aqua-water-glycerin-peg-40-hydrogenated-castor-oil-caffeine-menthyl-lactate-ascorbyl-tetraisopalmitate-ascorbyl-glucoside-ascorbyl-palmitate-tranexamic-acid-palmitoyl-tripeptide-38-palmit","11":"pa_paritolumaa-poola","12":"pa_uhik-ml","14":"first","15":"instock","16":"purchasable","17":"product-type-simple"},"acf":[],"_links":{"self":[{"href":"https:\/\/ursus.ee\/en\/wp-json\/wp\/v2\/product\/11377","targetHints":{"allow":["GET"]}}],"collection":[{"href":"https:\/\/ursus.ee\/en\/wp-json\/wp\/v2\/product"}],"about":[{"href":"https:\/\/ursus.ee\/en\/wp-json\/wp\/v2\/types\/product"}],"replies":[{"embeddable":true,"href":"https:\/\/ursus.ee\/en\/wp-json\/wp\/v2\/comments?post=11377"}],"wp:featuredmedia":[{"embeddable":true,"href":"https:\/\/ursus.ee\/en\/wp-json\/wp\/v2\/media\/11378"}],"wp:attachment":[{"href":"https:\/\/ursus.ee\/en\/wp-json\/wp\/v2\/media?parent=11377"}],"wp:term":[{"taxonomy":"product_brand","embeddable":true,"href":"https:\/\/ursus.ee\/en\/wp-json\/wp\/v2\/product_brand?post=11377"},{"taxonomy":"product_cat","embeddable":true,"href":"https:\/\/ursus.ee\/en\/wp-json\/wp\/v2\/product_cat?post=11377"},{"taxonomy":"product_tag","embeddable":true,"href":"https:\/\/ursus.ee\/en\/wp-json\/wp\/v2\/product_tag?post=11377"}],"curies":[{"name":"wp","href":"https:\/\/api.w.org\/{rel}","templated":true}]}}