{"id":11375,"date":"2025-12-16T17:19:40","date_gmt":"2025-12-16T15:19:40","guid":{"rendered":"https:\/\/ursus.ee\/toode\/kortsudevastane-seerum-vitamiin-c-3xaction-2\/"},"modified":"2026-03-27T16:21:35","modified_gmt":"2026-03-27T14:21:35","slug":"kortsudevastane-seerum-vitamiin-c-3xaction-2","status":"publish","type":"product","link":"https:\/\/ursus.ee\/en\/toode\/kortsudevastane-seerum-vitamiin-c-3xaction-2\/","title":{"rendered":"Kortsudevastane seerum Vitamiin C 3xAction"},"content":{"rendered":"<p>Seerum, mille koostises olevad traneksaamhape, oomegahape, fosfolipiidid ja kolme C-vitamiini kompleks toimib kiiresti, v\u00e4hendab peenete joonte ja kortsude teket. Tugevdab ja taastab nahka, tagades selle tervislikuma v\u00e4limuse ja intensiivse niisutuse. Seerumi v\u00f5imas antioks\u00fcdantne toime, kaitseb nahka kahjulike v\u00e4listegurite eest.<\/p>\n","protected":false},"excerpt":{"rendered":"<p>Seerum, mille koostises olevad traneksaamhape, oomegahape, fosfolipiidid ja kolme C-vitamiini kompleks toimib kiiresti, v\u00e4hendab peenete joonte ja kortsude teket. Tugevdab ja taastab nahka, tagades selle tervislikuma v\u00e4limuse ja intensiivse niisutuse. Seerumi v\u00f5imas antioks\u00fcdantne toime, kaitseb nahka kahjulike v\u00e4listegurite eest.<\/p>\n","protected":false},"featured_media":11376,"comment_status":"closed","ping_status":"open","template":"","meta":{"_acf_changed":false},"product_brand":[187],"product_cat":[188,205],"product_tag":[],"class_list":{"0":"post-11375","1":"product","2":"type-product","3":"status-publish","4":"has-post-thumbnail","6":"product_brand-eveline-cosmetics","7":"product_cat-naohooldus","8":"product_cat-naoseerumid","9":"pa_kogus-30-ml","10":"pa_koostis-aqua-water-caprylic-capric-triglyceride-propanediol-glycerin-ethylhexyl-stearate-isopropyl-palmitate-pentaerythrityl-distearate-tripelargonin-betaine-lauryl-glucoside-polyglyceryl-2-dipol","11":"pa_paritolumaa-poola","12":"pa_uhik-ml","14":"first","15":"instock","16":"purchasable","17":"product-type-simple"},"acf":[],"_links":{"self":[{"href":"https:\/\/ursus.ee\/en\/wp-json\/wp\/v2\/product\/11375","targetHints":{"allow":["GET"]}}],"collection":[{"href":"https:\/\/ursus.ee\/en\/wp-json\/wp\/v2\/product"}],"about":[{"href":"https:\/\/ursus.ee\/en\/wp-json\/wp\/v2\/types\/product"}],"replies":[{"embeddable":true,"href":"https:\/\/ursus.ee\/en\/wp-json\/wp\/v2\/comments?post=11375"}],"wp:featuredmedia":[{"embeddable":true,"href":"https:\/\/ursus.ee\/en\/wp-json\/wp\/v2\/media\/11376"}],"wp:attachment":[{"href":"https:\/\/ursus.ee\/en\/wp-json\/wp\/v2\/media?parent=11375"}],"wp:term":[{"taxonomy":"product_brand","embeddable":true,"href":"https:\/\/ursus.ee\/en\/wp-json\/wp\/v2\/product_brand?post=11375"},{"taxonomy":"product_cat","embeddable":true,"href":"https:\/\/ursus.ee\/en\/wp-json\/wp\/v2\/product_cat?post=11375"},{"taxonomy":"product_tag","embeddable":true,"href":"https:\/\/ursus.ee\/en\/wp-json\/wp\/v2\/product_tag?post=11375"}],"curies":[{"name":"wp","href":"https:\/\/api.w.org\/{rel}","templated":true}]}}