{"id":11373,"date":"2025-12-16T17:19:40","date_gmt":"2025-12-16T15:19:40","guid":{"rendered":"https:\/\/ursus.ee\/toode\/naokreem-vitamiin-c-3xaction-niisutav-spf-50-2\/"},"modified":"2026-03-27T16:21:36","modified_gmt":"2026-03-27T14:21:36","slug":"naokreem-vitamiin-c-3xaction-niisutav-spf-50-2","status":"publish","type":"product","link":"https:\/\/ursus.ee\/en\/toode\/naokreem-vitamiin-c-3xaction-niisutav-spf-50-2\/","title":{"rendered":"N\u00e4okreem Vitamiin C 3xAction niisutav SPF 50"},"content":{"rendered":"<p>SPF 50 filtriga n\u00e4okreem pakub t\u00f5husat kaitset kiirguse ja teiste negatiivsete keskkonnam\u00f5jude eest. Aktiivsed koostisosad nagu kolme C-vitamiini kompleks, traneksaamhape ja kollageen tugevdavad naha loomulikku kaitsebarj\u00e4\u00e4ri, ennetades seel\u00e4bi naha enneaegset vananemist. N\u00e4okreem aitab v\u00e4hendada kortse, niisutab ja toidab.<\/p>\n","protected":false},"excerpt":{"rendered":"<p>SPF 50 filtriga n\u00e4okreem pakub t\u00f5husat kaitset kiirguse ja teiste negatiivsete keskkonnam\u00f5jude eest. Aktiivsed koostisosad nagu kolme C-vitamiini kompleks, traneksaamhape ja kollageen tugevdavad naha loomulikku kaitsebarj\u00e4\u00e4ri, ennetades seel\u00e4bi naha enneaegset vananemist. N\u00e4okreem aitab v\u00e4hendada kortse, niisutab ja toidab.<\/p>\n","protected":false},"featured_media":11374,"comment_status":"closed","ping_status":"open","template":"","meta":{"_acf_changed":false},"product_brand":[187],"product_cat":[188,198],"product_tag":[],"class_list":{"0":"post-11373","1":"product","2":"type-product","3":"status-publish","4":"has-post-thumbnail","6":"product_brand-eveline-cosmetics","7":"product_cat-naohooldus","8":"product_cat-naokreemid","9":"pa_kogus-30-ml","10":"pa_koostis-aqua-water-ethylhexyl-methoxycinnamate-ethylhexyl-salicylate-methylene-bis-benzotriazolyl-tetramethylbutylphenol-nano-c12-15-alkyl-benzoate-ceteareth-20-cetyl-alcohol-dicaprylyl-ether-bis","11":"pa_paritolumaa-poola","12":"pa_uhik-ml","14":"first","15":"instock","16":"purchasable","17":"product-type-simple"},"acf":[],"_links":{"self":[{"href":"https:\/\/ursus.ee\/en\/wp-json\/wp\/v2\/product\/11373","targetHints":{"allow":["GET"]}}],"collection":[{"href":"https:\/\/ursus.ee\/en\/wp-json\/wp\/v2\/product"}],"about":[{"href":"https:\/\/ursus.ee\/en\/wp-json\/wp\/v2\/types\/product"}],"replies":[{"embeddable":true,"href":"https:\/\/ursus.ee\/en\/wp-json\/wp\/v2\/comments?post=11373"}],"wp:featuredmedia":[{"embeddable":true,"href":"https:\/\/ursus.ee\/en\/wp-json\/wp\/v2\/media\/11374"}],"wp:attachment":[{"href":"https:\/\/ursus.ee\/en\/wp-json\/wp\/v2\/media?parent=11373"}],"wp:term":[{"taxonomy":"product_brand","embeddable":true,"href":"https:\/\/ursus.ee\/en\/wp-json\/wp\/v2\/product_brand?post=11373"},{"taxonomy":"product_cat","embeddable":true,"href":"https:\/\/ursus.ee\/en\/wp-json\/wp\/v2\/product_cat?post=11373"},{"taxonomy":"product_tag","embeddable":true,"href":"https:\/\/ursus.ee\/en\/wp-json\/wp\/v2\/product_tag?post=11373"}],"curies":[{"name":"wp","href":"https:\/\/api.w.org\/{rel}","templated":true}]}}