{"id":11371,"date":"2025-12-16T17:19:40","date_gmt":"2025-12-16T15:19:40","guid":{"rendered":"https:\/\/ursus.ee\/toode\/naokreem-vitamiin-c-3xaction-taastav-ja-toitev-2\/"},"modified":"2026-03-27T16:21:36","modified_gmt":"2026-03-27T14:21:36","slug":"naokreem-vitamiin-c-3xaction-taastav-ja-toitev-2","status":"publish","type":"product","link":"https:\/\/ursus.ee\/en\/toode\/naokreem-vitamiin-c-3xaction-taastav-ja-toitev-2\/","title":{"rendered":"N\u00e4okreem Vitamiin C 3xAction taastav ja toitev"},"content":{"rendered":"<p>N\u00e4okreemi t\u00f5hus koostis sisaldab kolme C-vitamiini kompleksi, aidates noorendada nahka, \u00fchtlustada nahatooni ja v\u00e4hendada vananemisilminguid. Traneksaamhape ja keramiidid muudavad naha siledaks, elastseks, niisutatuks ja kaitsevad seda negatiivsete keskkonnam\u00f5jude eest. Kreem imendub kiiresti ning selle kerge tekstuur muudab pealekandmise mugavaks ja meeldivaks.<\/p>\n","protected":false},"excerpt":{"rendered":"<p>N\u00e4okreemi t\u00f5hus koostis sisaldab kolme C-vitamiini kompleksi, aidates noorendada nahka, \u00fchtlustada nahatooni ja v\u00e4hendada vananemisilminguid. Traneksaamhape ja keramiidid muudavad naha siledaks, elastseks, niisutatuks ja kaitsevad seda negatiivsete keskkonnam\u00f5jude eest. Kreem imendub kiiresti ning selle kerge tekstuur muudab pealekandmise mugavaks ja meeldivaks.<\/p>\n","protected":false},"featured_media":11372,"comment_status":"closed","ping_status":"open","template":"","meta":{"_acf_changed":false},"product_brand":[187],"product_cat":[188,198],"product_tag":[],"class_list":{"0":"post-11371","1":"product","2":"type-product","3":"status-publish","4":"has-post-thumbnail","6":"product_brand-eveline-cosmetics","7":"product_cat-naohooldus","8":"product_cat-naokreemid","9":"pa_kogus-50-ml","10":"pa_koostis-aqua-water-caprylic-capric-triglyceride-butyrospermum-parkii-butter-cetyl-alcohol-glyceryl-stearates-myristyl-myristate-glycerin-disodium-cetearyl-sulfosuccinate-mangifera-indica-seed-butte","11":"pa_paritolumaa-poola","12":"pa_uhik-ml","14":"first","15":"instock","16":"purchasable","17":"product-type-simple"},"acf":[],"_links":{"self":[{"href":"https:\/\/ursus.ee\/en\/wp-json\/wp\/v2\/product\/11371","targetHints":{"allow":["GET"]}}],"collection":[{"href":"https:\/\/ursus.ee\/en\/wp-json\/wp\/v2\/product"}],"about":[{"href":"https:\/\/ursus.ee\/en\/wp-json\/wp\/v2\/types\/product"}],"replies":[{"embeddable":true,"href":"https:\/\/ursus.ee\/en\/wp-json\/wp\/v2\/comments?post=11371"}],"wp:featuredmedia":[{"embeddable":true,"href":"https:\/\/ursus.ee\/en\/wp-json\/wp\/v2\/media\/11372"}],"wp:attachment":[{"href":"https:\/\/ursus.ee\/en\/wp-json\/wp\/v2\/media?parent=11371"}],"wp:term":[{"taxonomy":"product_brand","embeddable":true,"href":"https:\/\/ursus.ee\/en\/wp-json\/wp\/v2\/product_brand?post=11371"},{"taxonomy":"product_cat","embeddable":true,"href":"https:\/\/ursus.ee\/en\/wp-json\/wp\/v2\/product_cat?post=11371"},{"taxonomy":"product_tag","embeddable":true,"href":"https:\/\/ursus.ee\/en\/wp-json\/wp\/v2\/product_tag?post=11371"}],"curies":[{"name":"wp","href":"https:\/\/api.w.org\/{rel}","templated":true}]}}