{"id":11364,"date":"2025-12-16T17:18:05","date_gmt":"2025-12-16T15:18:05","guid":{"rendered":"https:\/\/ursus.ee\/toode\/remodelift-therapy-silmakreem-kofeiiniga-2\/"},"modified":"2026-04-02T12:39:02","modified_gmt":"2026-04-02T09:39:02","slug":"remodelift-therapy-silmakreem-kofeiiniga-2","status":"publish","type":"product","link":"https:\/\/ursus.ee\/en\/toode\/remodelift-therapy-silmakreem-kofeiiniga-2\/","title":{"rendered":"Remodelift Therapy silmakreem kofeiiniga"},"content":{"rendered":"<p>Uuenduslik Micro Spicule Needles \u2122 mesoteraapia tehnoloogias on oskuslikult kasutatud \u00e4ra looduses leiduva Spongilla spicule mageveek\u00e4sna mikron\u00f5elte omadused, kutsudes esile noorenemisprotsessid nahas. T\u00e4nu mikron\u00f5eltele tungivad toimeained s\u00fcgavale naha sisse, toetades loomulikke uuenemisprotsesse \u00f5rnas silma\u00fcmbruse piirkonnas. Aitab v\u00e4hendada kortsude n\u00e4htavust, v\u00e4hendab silmade turset ning annab silma\u00fcmbruse nahale s\u00e4ra.<\/p>\n","protected":false},"excerpt":{"rendered":"<p>Uuenduslik Micro Spicule Needles \u2122 mesoteraapia tehnoloogias on oskuslikult kasutatud \u00e4ra looduses leiduva Spongilla spicule mageveek\u00e4sna mikron\u00f5elte omadused, kutsudes esile noorenemisprotsessid nahas. T\u00e4nu mikron\u00f5eltele tungivad toimeained s\u00fcgavale naha sisse, toetades loomulikke uuenemisprotsesse \u00f5rnas silma\u00fcmbruse piirkonnas. Aitab v\u00e4hendada kortsude n\u00e4htavust, v\u00e4hendab silmade turset ning annab silma\u00fcmbruse nahale s\u00e4ra.<\/p>\n","protected":false},"featured_media":11365,"comment_status":"closed","ping_status":"closed","template":"","meta":{"_acf_changed":false},"product_brand":[187],"product_cat":[188,200],"product_tag":[],"class_list":{"0":"post-11364","1":"product","2":"type-product","3":"status-publish","4":"has-post-thumbnail","6":"product_brand-eveline-cosmetics","7":"product_cat-naohooldus","8":"product_cat-silmakreemid","9":"pa_kogus-15-ml","10":"pa_koostis-aqua-water-isononyl-isononanoate-cetearyl-alcohol-propanediol-butyrospermum-parkii-butter-caprylic-capric-triglyceride-glycine-soja-oil-glycerin-disodium-cetearyl-sulfosuccinate-olus-oil","11":"pa_paritolumaa-poola","12":"pa_uhik-ml","14":"first","15":"instock","16":"purchasable","17":"product-type-simple"},"acf":[],"_links":{"self":[{"href":"https:\/\/ursus.ee\/en\/wp-json\/wp\/v2\/product\/11364","targetHints":{"allow":["GET"]}}],"collection":[{"href":"https:\/\/ursus.ee\/en\/wp-json\/wp\/v2\/product"}],"about":[{"href":"https:\/\/ursus.ee\/en\/wp-json\/wp\/v2\/types\/product"}],"replies":[{"embeddable":true,"href":"https:\/\/ursus.ee\/en\/wp-json\/wp\/v2\/comments?post=11364"}],"wp:featuredmedia":[{"embeddable":true,"href":"https:\/\/ursus.ee\/en\/wp-json\/wp\/v2\/media\/11365"}],"wp:attachment":[{"href":"https:\/\/ursus.ee\/en\/wp-json\/wp\/v2\/media?parent=11364"}],"wp:term":[{"taxonomy":"product_brand","embeddable":true,"href":"https:\/\/ursus.ee\/en\/wp-json\/wp\/v2\/product_brand?post=11364"},{"taxonomy":"product_cat","embeddable":true,"href":"https:\/\/ursus.ee\/en\/wp-json\/wp\/v2\/product_cat?post=11364"},{"taxonomy":"product_tag","embeddable":true,"href":"https:\/\/ursus.ee\/en\/wp-json\/wp\/v2\/product_tag?post=11364"}],"curies":[{"name":"wp","href":"https:\/\/api.w.org\/{rel}","templated":true}]}}