{"id":11360,"date":"2025-12-16T17:18:05","date_gmt":"2025-12-16T15:18:05","guid":{"rendered":"https:\/\/ursus.ee\/toode\/remodelift-therapy-naokreem-60-2\/"},"modified":"2026-03-27T16:21:37","modified_gmt":"2026-03-27T14:21:37","slug":"remodelift-therapy-naokreem-60-2","status":"publish","type":"product","link":"https:\/\/ursus.ee\/en\/toode\/remodelift-therapy-naokreem-60-2\/","title":{"rendered":"Remodelift Therapy n\u00e4okreem 60+"},"content":{"rendered":"<p>Uuenduslik Micro Spicule Needles \u2122 mesoteraapia tehnoloogias on oskuslikult kasutatud \u00e4ra looduses leiduva Spongilla spicule mageveek\u00e4sna mikron\u00f5elte omadused, kutsudes esile noorenemisprotsessid nahas. T\u00e4nu mikron\u00f5eltele tungivad toimeained s\u00fcgavale naha sisse, toetades loomulikke uuenemisprotsesse. N\u00e4okreem niisutab ja aitab taastada l\u00f5tvunud n\u00e4okontuure, \u00fchtlustab nahatooni, rikastatud keramiididega, vitamiinidega A+E.<\/p>\n","protected":false},"excerpt":{"rendered":"<p>Uuenduslik Micro Spicule Needles \u2122 mesoteraapia tehnoloogias on oskuslikult kasutatud \u00e4ra looduses leiduva Spongilla spicule mageveek\u00e4sna mikron\u00f5elte omadused, kutsudes esile noorenemisprotsessid nahas. T\u00e4nu mikron\u00f5eltele tungivad toimeained s\u00fcgavale naha sisse, toetades loomulikke uuenemisprotsesse. N\u00e4okreem niisutab ja aitab taastada l\u00f5tvunud n\u00e4okontuure, \u00fchtlustab nahatooni, rikastatud keramiididega, vitamiinidega A+E.<\/p>\n","protected":false},"featured_media":11361,"comment_status":"closed","ping_status":"open","template":"","meta":{"_acf_changed":false},"product_brand":[187],"product_cat":[188,198],"product_tag":[],"class_list":{"0":"post-11360","1":"product","2":"type-product","3":"status-publish","4":"has-post-thumbnail","6":"product_brand-eveline-cosmetics","7":"product_cat-naohooldus","8":"product_cat-naokreemid","9":"pa_kogus-50-ml","10":"pa_koostis-aqua-water-glyceryl-stearate-peg-100-stearate-propanediol-isononyl-isononanoate-cetearyl-alcohol-dicaprylyl-ether-dimethicone-glycerin-betaine-methyl-gluceth-20-myristyl-myristate-argan","11":"pa_paritolumaa-poola","12":"pa_uhik-ml","14":"first","15":"instock","16":"purchasable","17":"product-type-simple"},"acf":[],"_links":{"self":[{"href":"https:\/\/ursus.ee\/en\/wp-json\/wp\/v2\/product\/11360","targetHints":{"allow":["GET"]}}],"collection":[{"href":"https:\/\/ursus.ee\/en\/wp-json\/wp\/v2\/product"}],"about":[{"href":"https:\/\/ursus.ee\/en\/wp-json\/wp\/v2\/types\/product"}],"replies":[{"embeddable":true,"href":"https:\/\/ursus.ee\/en\/wp-json\/wp\/v2\/comments?post=11360"}],"wp:featuredmedia":[{"embeddable":true,"href":"https:\/\/ursus.ee\/en\/wp-json\/wp\/v2\/media\/11361"}],"wp:attachment":[{"href":"https:\/\/ursus.ee\/en\/wp-json\/wp\/v2\/media?parent=11360"}],"wp:term":[{"taxonomy":"product_brand","embeddable":true,"href":"https:\/\/ursus.ee\/en\/wp-json\/wp\/v2\/product_brand?post=11360"},{"taxonomy":"product_cat","embeddable":true,"href":"https:\/\/ursus.ee\/en\/wp-json\/wp\/v2\/product_cat?post=11360"},{"taxonomy":"product_tag","embeddable":true,"href":"https:\/\/ursus.ee\/en\/wp-json\/wp\/v2\/product_tag?post=11360"}],"curies":[{"name":"wp","href":"https:\/\/api.w.org\/{rel}","templated":true}]}}