{"id":11355,"date":"2025-12-16T17:18:05","date_gmt":"2025-12-16T15:18:05","guid":{"rendered":"https:\/\/ursus.ee\/toode\/naomask-luxury-24k-gold-2\/"},"modified":"2026-03-27T16:21:36","modified_gmt":"2026-03-27T14:21:36","slug":"naomask-luxury-24k-gold-2","status":"publish","type":"product","link":"https:\/\/ursus.ee\/en\/toode\/naomask-luxury-24k-gold-2\/","title":{"rendered":"N\u00e4omask Luxury 24k Gold"},"content":{"rendered":"<p>Kreem-mask on eksklusiivne hooldus, mis parandab koheselt naha elastsust ja s\u00e4ra. Sobib igale vanusele ja nahat\u00fc\u00fcbile.<\/p>\n","protected":false},"excerpt":{"rendered":"<p>Kreem-mask on eksklusiivne hooldus, mis parandab koheselt naha elastsust ja s\u00e4ra. Sobib igale vanusele ja nahat\u00fc\u00fcbile.<\/p>\n","protected":false},"featured_media":14224,"comment_status":"closed","ping_status":"closed","template":"","meta":{"_acf_changed":false},"product_brand":[187],"product_cat":[188,192],"product_tag":[],"class_list":{"0":"post-11355","1":"product","2":"type-product","3":"status-publish","4":"has-post-thumbnail","6":"product_brand-eveline-cosmetics","7":"product_cat-naohooldus","8":"product_cat-naomaskid","9":"pa_kogus-2x5-ml","10":"pa_koostis-aqua-water-glycerin-caprylic-capric-triglyceride-propanediol-coco-caprylate-helianthus-annuus-seed-oil-pullulan-prunus-amygdalus-dulcis-oil-panthenol-sodium-hyaluronate-trehalose-urea-s","11":"pa_paritolumaa-poola","12":"pa_uhik-ml","14":"first","15":"instock","16":"purchasable","17":"product-type-simple"},"acf":[],"_links":{"self":[{"href":"https:\/\/ursus.ee\/en\/wp-json\/wp\/v2\/product\/11355","targetHints":{"allow":["GET"]}}],"collection":[{"href":"https:\/\/ursus.ee\/en\/wp-json\/wp\/v2\/product"}],"about":[{"href":"https:\/\/ursus.ee\/en\/wp-json\/wp\/v2\/types\/product"}],"replies":[{"embeddable":true,"href":"https:\/\/ursus.ee\/en\/wp-json\/wp\/v2\/comments?post=11355"}],"wp:featuredmedia":[{"embeddable":true,"href":"https:\/\/ursus.ee\/en\/wp-json\/wp\/v2\/media\/14224"}],"wp:attachment":[{"href":"https:\/\/ursus.ee\/en\/wp-json\/wp\/v2\/media?parent=11355"}],"wp:term":[{"taxonomy":"product_brand","embeddable":true,"href":"https:\/\/ursus.ee\/en\/wp-json\/wp\/v2\/product_brand?post=11355"},{"taxonomy":"product_cat","embeddable":true,"href":"https:\/\/ursus.ee\/en\/wp-json\/wp\/v2\/product_cat?post=11355"},{"taxonomy":"product_tag","embeddable":true,"href":"https:\/\/ursus.ee\/en\/wp-json\/wp\/v2\/product_tag?post=11355"}],"curies":[{"name":"wp","href":"https:\/\/api.w.org\/{rel}","templated":true}]}}