{"id":11354,"date":"2025-12-16T17:18:05","date_gmt":"2025-12-16T15:18:05","guid":{"rendered":"https:\/\/ursus.ee\/toode\/mitsellaarvesi-luxury-2\/"},"modified":"2026-03-27T16:21:36","modified_gmt":"2026-03-27T14:21:36","slug":"mitsellaarvesi-luxury-2","status":"publish","type":"product","link":"https:\/\/ursus.ee\/en\/toode\/mitsellaarvesi-luxury-2\/","title":{"rendered":"Mitsellaarvesi Luxury"},"content":{"rendered":"<p>Professionaalne toode n\u00e4o- ja silmameigi eemaldamiseks ning igat t\u00fc\u00fcpi naha p\u00f5hjalikuks puhastamiseks. Eemaldab ka veekindla meigi. T\u00f5hus koostis eemaldab k\u00f5ik mustused ja jumestuse \u00fche t\u00f5mbega, ilma h\u00f5\u00f5rumata. Unikaalne valem sisaldab pro-vitamiin B5, mis v\u00e4rskendab, leevendab \u00e4rritust ja parandab naha elastsust. P\u00e4rast pealekandmist on nahk p\u00f5hjalikult puhastatud, pehme ja t\u00e4iuslikult ette valmistatud edasisteks hooldusprotseduurideks.<\/p>\n","protected":false},"excerpt":{"rendered":"<p>Professionaalne toode n\u00e4o- ja silmameigi eemaldamiseks ning igat t\u00fc\u00fcpi naha p\u00f5hjalikuks puhastamiseks. Eemaldab ka veekindla meigi. T\u00f5hus koostis eemaldab k\u00f5ik mustused ja jumestuse \u00fche t\u00f5mbega, ilma h\u00f5\u00f5rumata. Unikaalne valem sisaldab pro-vitamiin B5, mis v\u00e4rskendab, leevendab \u00e4rritust ja parandab naha elastsust. P\u00e4rast pealekandmist on nahk p\u00f5hjalikult puhastatud, pehme ja t\u00e4iuslikult ette valmistatud edasisteks hooldusprotseduurideks.<\/p>\n","protected":false},"featured_media":14221,"comment_status":"closed","ping_status":"closed","template":"","meta":{"_acf_changed":false},"product_brand":[187],"product_cat":[188,189],"product_tag":[],"class_list":{"0":"post-11354","1":"product","2":"type-product","3":"status-publish","4":"has-post-thumbnail","6":"product_brand-eveline-cosmetics","7":"product_cat-naohooldus","8":"product_cat-naopuhastus","9":"pa_kogus-500-ml","10":"pa_koostis-aqua-peg-6-caprylic-capric-glycerides-panthenol-propanediol-polyaminopropyl-biguanide-allantoin-glycerin-rosa-gallica-flower-extract-rosa-damascena-flower-oil-potassium-sorbate-sorbic-acid","11":"pa_paritolumaa-poola","12":"pa_uhik-ml","14":"first","15":"instock","16":"purchasable","17":"product-type-simple"},"acf":[],"_links":{"self":[{"href":"https:\/\/ursus.ee\/en\/wp-json\/wp\/v2\/product\/11354","targetHints":{"allow":["GET"]}}],"collection":[{"href":"https:\/\/ursus.ee\/en\/wp-json\/wp\/v2\/product"}],"about":[{"href":"https:\/\/ursus.ee\/en\/wp-json\/wp\/v2\/types\/product"}],"replies":[{"embeddable":true,"href":"https:\/\/ursus.ee\/en\/wp-json\/wp\/v2\/comments?post=11354"}],"wp:featuredmedia":[{"embeddable":true,"href":"https:\/\/ursus.ee\/en\/wp-json\/wp\/v2\/media\/14221"}],"wp:attachment":[{"href":"https:\/\/ursus.ee\/en\/wp-json\/wp\/v2\/media?parent=11354"}],"wp:term":[{"taxonomy":"product_brand","embeddable":true,"href":"https:\/\/ursus.ee\/en\/wp-json\/wp\/v2\/product_brand?post=11354"},{"taxonomy":"product_cat","embeddable":true,"href":"https:\/\/ursus.ee\/en\/wp-json\/wp\/v2\/product_cat?post=11354"},{"taxonomy":"product_tag","embeddable":true,"href":"https:\/\/ursus.ee\/en\/wp-json\/wp\/v2\/product_tag?post=11354"}],"curies":[{"name":"wp","href":"https:\/\/api.w.org\/{rel}","templated":true}]}}