{"id":11353,"date":"2025-12-16T17:18:05","date_gmt":"2025-12-16T15:18:05","guid":{"rendered":"https:\/\/ursus.ee\/toode\/silmaumbruskreem-botuliiniga-2\/"},"modified":"2026-03-27T16:21:38","modified_gmt":"2026-03-27T14:21:38","slug":"silmaumbruskreem-botuliiniga-2","status":"publish","type":"product","link":"https:\/\/ursus.ee\/en\/toode\/silmaumbruskreem-botuliiniga-2\/","title":{"rendered":"Silma\u00fcmbruskreem botuliiniga"},"content":{"rendered":"<p>Silma\u00fcmbruskreemi kontsentreeritud bio\u00fchilduv koostis l\u00f5dvestab miimikajooni, v\u00e4hendab v\u00e4simuse ja stressi s\u00fcmptomeid. Koostises sisalduv CENTELLA ASIATICA pinguldab, silub ja parandab naha elastsust. Ens\u00fc\u00fcmid tugevdavad epidermise loomulikku vastupanuv\u00f5imet, niisutavad ja toidavad. HYDRO-N-lock FUSION \u2013 blokeerib liigset niiskuse kadu, kaitseb fotovananemise eest, parandab naha tugevust ja elastsust, v\u00e4hendades intensiivselt n\u00e4htavaid vananemise m\u00e4rke.<\/p>\n","protected":false},"excerpt":{"rendered":"<p>Silma\u00fcmbruskreemi kontsentreeritud bio\u00fchilduv koostis l\u00f5dvestab miimikajooni, v\u00e4hendab v\u00e4simuse ja stressi s\u00fcmptomeid. Koostises sisalduv CENTELLA ASIATICA pinguldab, silub ja parandab naha elastsust. Ens\u00fc\u00fcmid tugevdavad epidermise loomulikku vastupanuv\u00f5imet, niisutavad ja toidavad. HYDRO-N-lock FUSION \u2013 blokeerib liigset niiskuse kadu, kaitseb fotovananemise eest, parandab naha tugevust ja elastsust, v\u00e4hendades intensiivselt n\u00e4htavaid vananemise m\u00e4rke.<\/p>\n","protected":false},"featured_media":14219,"comment_status":"closed","ping_status":"closed","template":"","meta":{"_acf_changed":false},"product_brand":[187],"product_cat":[188,200],"product_tag":[],"class_list":{"0":"post-11353","1":"product","2":"type-product","3":"status-publish","4":"has-post-thumbnail","6":"product_brand-eveline-cosmetics","7":"product_cat-naohooldus","8":"product_cat-silmakreemid","9":"pa_kogus-20-ml","10":"pa_koostis-aqua-water-snail-secretion-filtrate-glycerin-isopropyl-myristate-ceteareth-20-cetearyl-alcohol-dimethicone-butyrospermum-parkii-butter-persea-gratissima-oil-triticum-vulgare-germ-oil-glic","11":"pa_paritolumaa-poola","12":"pa_uhik-ml","14":"first","15":"instock","16":"purchasable","17":"product-type-simple"},"acf":[],"_links":{"self":[{"href":"https:\/\/ursus.ee\/en\/wp-json\/wp\/v2\/product\/11353","targetHints":{"allow":["GET"]}}],"collection":[{"href":"https:\/\/ursus.ee\/en\/wp-json\/wp\/v2\/product"}],"about":[{"href":"https:\/\/ursus.ee\/en\/wp-json\/wp\/v2\/types\/product"}],"replies":[{"embeddable":true,"href":"https:\/\/ursus.ee\/en\/wp-json\/wp\/v2\/comments?post=11353"}],"wp:featuredmedia":[{"embeddable":true,"href":"https:\/\/ursus.ee\/en\/wp-json\/wp\/v2\/media\/14219"}],"wp:attachment":[{"href":"https:\/\/ursus.ee\/en\/wp-json\/wp\/v2\/media?parent=11353"}],"wp:term":[{"taxonomy":"product_brand","embeddable":true,"href":"https:\/\/ursus.ee\/en\/wp-json\/wp\/v2\/product_brand?post=11353"},{"taxonomy":"product_cat","embeddable":true,"href":"https:\/\/ursus.ee\/en\/wp-json\/wp\/v2\/product_cat?post=11353"},{"taxonomy":"product_tag","embeddable":true,"href":"https:\/\/ursus.ee\/en\/wp-json\/wp\/v2\/product_tag?post=11353"}],"curies":[{"name":"wp","href":"https:\/\/api.w.org\/{rel}","templated":true}]}}