{"id":11352,"date":"2025-12-16T17:18:05","date_gmt":"2025-12-16T15:18:05","guid":{"rendered":"https:\/\/ursus.ee\/toode\/naokreem-65-luxury-infusion-2\/"},"modified":"2026-03-27T16:21:36","modified_gmt":"2026-03-27T14:21:36","slug":"naokreem-65-luxury-infusion-2","status":"publish","type":"product","link":"https:\/\/ursus.ee\/en\/toode\/naokreem-65-luxury-infusion-2\/","title":{"rendered":"N\u00e4okreem 65+ Luxury Infusion"},"content":{"rendered":"<p>Intensiivne kortsudevastane hooldus nahale p\u00e4rast 65. eluaastat l\u00e4bimurdelise, teaduslikult arenenud koostisega! Noorendab nahka toitainetega, taastab noorusliku struktuuri ja \u00fchtlustab nahatooni. Kaasaegne bioaktiivne valem on v\u00e4lja t\u00f6\u00f6tatud rakkude intensiivseks parandamiseks, kasutades hoolikalt valitud toimeaineid, mis stimuleerivad kollageeni teket. Sobib nii p\u00e4evaseks kui ka \u00f6iseks nahahoolduseks. H\u00dcALUROONHAPE JA PEPTIIDID tungivad s\u00fcgavale epidermisesse ja taastavad intensiivselt tugikiude, v\u00e4hendades kortse ja taastades naha noorusliku v\u00e4limuse. EKSKLUSIIVNE MUSTA ROOSI EKSTRAKT silub ja kaitseb nahka vabade radikaalide eest. MATRIXYL\u00ae SYNTHE\u20196\u2122 t\u00e4idab s\u00fcgavad kortsud. 24K KULLAOSAKESED t\u00f5stavad ja pingutavad nahka.<\/p>\n","protected":false},"excerpt":{"rendered":"<p>Intensiivne kortsudevastane hooldus nahale p\u00e4rast 65. eluaastat l\u00e4bimurdelise, teaduslikult arenenud koostisega! Noorendab nahka toitainetega, taastab noorusliku struktuuri ja \u00fchtlustab nahatooni. Kaasaegne bioaktiivne valem on v\u00e4lja t\u00f6\u00f6tatud rakkude intensiivseks parandamiseks, kasutades hoolikalt valitud toimeaineid, mis stimuleerivad kollageeni teket. Sobib nii p\u00e4evaseks kui ka \u00f6iseks nahahoolduseks. H\u00dcALUROONHAPE JA PEPTIIDID tungivad s\u00fcgavale epidermisesse ja taastavad intensiivselt tugikiude, v\u00e4hendades<\/p>\n","protected":false},"featured_media":14216,"comment_status":"closed","ping_status":"closed","template":"","meta":{"_acf_changed":false},"product_brand":[187],"product_cat":[188,198],"product_tag":[],"class_list":{"0":"post-11352","1":"product","2":"type-product","3":"status-publish","4":"has-post-thumbnail","6":"product_brand-eveline-cosmetics","7":"product_cat-naohooldus","8":"product_cat-naokreemid","9":"pa_kogus-50-ml","10":"pa_koostis-aqua-ethylhexyl-stearate-trimethylolpropane-triisostearate-brassica-campestris-seed-oil-polyglyceryl-3-methylglucose-distearate-glyceryl-stearate-se-glycerin-cetearyl-alcohol-isostearyl-isost","11":"pa_paritolumaa-poola","12":"pa_uhik-ml","14":"first","15":"instock","16":"purchasable","17":"product-type-simple"},"acf":[],"_links":{"self":[{"href":"https:\/\/ursus.ee\/en\/wp-json\/wp\/v2\/product\/11352","targetHints":{"allow":["GET"]}}],"collection":[{"href":"https:\/\/ursus.ee\/en\/wp-json\/wp\/v2\/product"}],"about":[{"href":"https:\/\/ursus.ee\/en\/wp-json\/wp\/v2\/types\/product"}],"replies":[{"embeddable":true,"href":"https:\/\/ursus.ee\/en\/wp-json\/wp\/v2\/comments?post=11352"}],"wp:featuredmedia":[{"embeddable":true,"href":"https:\/\/ursus.ee\/en\/wp-json\/wp\/v2\/media\/14216"}],"wp:attachment":[{"href":"https:\/\/ursus.ee\/en\/wp-json\/wp\/v2\/media?parent=11352"}],"wp:term":[{"taxonomy":"product_brand","embeddable":true,"href":"https:\/\/ursus.ee\/en\/wp-json\/wp\/v2\/product_brand?post=11352"},{"taxonomy":"product_cat","embeddable":true,"href":"https:\/\/ursus.ee\/en\/wp-json\/wp\/v2\/product_cat?post=11352"},{"taxonomy":"product_tag","embeddable":true,"href":"https:\/\/ursus.ee\/en\/wp-json\/wp\/v2\/product_tag?post=11352"}],"curies":[{"name":"wp","href":"https:\/\/api.w.org\/{rel}","templated":true}]}}