{"id":11351,"date":"2025-12-16T17:18:05","date_gmt":"2025-12-16T15:18:05","guid":{"rendered":"https:\/\/ursus.ee\/toode\/naokreem-55-luxury-infusion-2\/"},"modified":"2026-03-27T16:21:36","modified_gmt":"2026-03-27T14:21:36","slug":"naokreem-55-luxury-infusion-2","status":"publish","type":"product","link":"https:\/\/ursus.ee\/en\/toode\/naokreem-55-luxury-infusion-2\/","title":{"rendered":"N\u00e4okreem 55+ Luxury Infusion"},"content":{"rendered":"<p>M\u00e4rgatavalt taastatud, sile, kortsudeta nahk p\u00e4rast 55. eluaastat. L\u00e4bimurdeline valem parandab m\u00e4rgatavalt naha tugevust, soodustades kollageeni ja elastiini tootmist, et vananevat nahka n\u00e4htavalt taastada. Kreem aitab taastada naha noorusliku struktuuri ning sobib p\u00e4evaseks ja \u00f6iseks n\u00e4ohoolduseks. EKSKLUSIIVNE BLACK ROSE v\u00e4hendab t\u00f5husalt s\u00fcgavate kortsude teket. Sisaldab suures koguses k\u00fcllastumata rasvhappeid, mis taastavad naha epidermise h\u00fcdrolipiidse kihi, aidates seel\u00e4bi naharakkudel uueneda. Kasutamine: kandke kreemi puhastatud n\u00e4o-ja kaelapiirkonnale hommikul ja \u00f5htul.<\/p>\n","protected":false},"excerpt":{"rendered":"<p>M\u00e4rgatavalt taastatud, sile, kortsudeta nahk p\u00e4rast 55. eluaastat. L\u00e4bimurdeline valem parandab m\u00e4rgatavalt naha tugevust, soodustades kollageeni ja elastiini tootmist, et vananevat nahka n\u00e4htavalt taastada. Kreem aitab taastada naha noorusliku struktuuri ning sobib p\u00e4evaseks ja \u00f6iseks n\u00e4ohoolduseks. EKSKLUSIIVNE BLACK ROSE v\u00e4hendab t\u00f5husalt s\u00fcgavate kortsude teket. Sisaldab suures koguses k\u00fcllastumata rasvhappeid, mis taastavad naha epidermise h\u00fcdrolipiidse kihi,<\/p>\n","protected":false},"featured_media":14214,"comment_status":"closed","ping_status":"closed","template":"","meta":{"_acf_changed":false},"product_brand":[187],"product_cat":[188,198],"product_tag":[],"class_list":{"0":"post-11351","1":"product","2":"type-product","3":"status-publish","4":"has-post-thumbnail","6":"product_brand-eveline-cosmetics","7":"product_cat-naohooldus","8":"product_cat-naokreemid","9":"pa_kogus-50-ml","10":"pa_koostis-aqua-ethylhexyl-stearate-isohexadecane-caprylic-capric-triglyceride-polyglyceryl-3-methylglucose-distearate-glyceryl-stearate-se-glycerin-isostearyl-isostearate-trimethylolpropane-triisostear","11":"pa_paritolumaa-poola","12":"pa_uhik-ml","14":"first","15":"instock","16":"purchasable","17":"product-type-simple"},"acf":[],"_links":{"self":[{"href":"https:\/\/ursus.ee\/en\/wp-json\/wp\/v2\/product\/11351","targetHints":{"allow":["GET"]}}],"collection":[{"href":"https:\/\/ursus.ee\/en\/wp-json\/wp\/v2\/product"}],"about":[{"href":"https:\/\/ursus.ee\/en\/wp-json\/wp\/v2\/types\/product"}],"replies":[{"embeddable":true,"href":"https:\/\/ursus.ee\/en\/wp-json\/wp\/v2\/comments?post=11351"}],"wp:featuredmedia":[{"embeddable":true,"href":"https:\/\/ursus.ee\/en\/wp-json\/wp\/v2\/media\/14214"}],"wp:attachment":[{"href":"https:\/\/ursus.ee\/en\/wp-json\/wp\/v2\/media?parent=11351"}],"wp:term":[{"taxonomy":"product_brand","embeddable":true,"href":"https:\/\/ursus.ee\/en\/wp-json\/wp\/v2\/product_brand?post=11351"},{"taxonomy":"product_cat","embeddable":true,"href":"https:\/\/ursus.ee\/en\/wp-json\/wp\/v2\/product_cat?post=11351"},{"taxonomy":"product_tag","embeddable":true,"href":"https:\/\/ursus.ee\/en\/wp-json\/wp\/v2\/product_tag?post=11351"}],"curies":[{"name":"wp","href":"https:\/\/api.w.org\/{rel}","templated":true}]}}