{"id":11350,"date":"2025-12-16T17:18:05","date_gmt":"2025-12-16T15:18:05","guid":{"rendered":"https:\/\/ursus.ee\/toode\/naokreem-45-luxury-infusion-2\/"},"modified":"2026-03-27T16:21:36","modified_gmt":"2026-03-27T14:21:36","slug":"naokreem-45-luxury-infusion-2","status":"publish","type":"product","link":"https:\/\/ursus.ee\/en\/toode\/naokreem-45-luxury-infusion-2\/","title":{"rendered":"N\u00e4okreem 45+ Luxury Infusion"},"content":{"rendered":"<p>T\u00e4iustatud koostisega n\u00e4okreem elustab \u00f5rna naha, v\u00f5itleb peenete joonte ja kortsude tekkega, taastades naha elastsust. \u00dclim nahahooldus vanusele 45+ aastat. Sobib nii p\u00e4evaseks kui ka \u00f6iseks n\u00e4ohoolduseks. EKSKLUSIIVNE BLACK ROSE kaitseb nahka vabade radikaalide tekke eest. PRO-RETINOL uuendab kollageeni struktuure. 24K KULLAOSAKESED siluvad nahka. MATRIXYL\u00ae3000 stimuleerib naha koostisosade s\u00fcnteesi, t\u00e4ites kortse ja parandades naha tihedust.<\/p>\n","protected":false},"excerpt":{"rendered":"<p>T\u00e4iustatud koostisega n\u00e4okreem elustab \u00f5rna naha, v\u00f5itleb peenete joonte ja kortsude tekkega, taastades naha elastsust. \u00dclim nahahooldus vanusele 45+ aastat. Sobib nii p\u00e4evaseks kui ka \u00f6iseks n\u00e4ohoolduseks. EKSKLUSIIVNE BLACK ROSE kaitseb nahka vabade radikaalide tekke eest. PRO-RETINOL uuendab kollageeni struktuure. 24K KULLAOSAKESED siluvad nahka. MATRIXYL\u00ae3000 stimuleerib naha koostisosade s\u00fcnteesi, t\u00e4ites kortse ja parandades naha tihedust.<\/p>\n","protected":false},"featured_media":14212,"comment_status":"closed","ping_status":"closed","template":"","meta":{"_acf_changed":false},"product_brand":[187],"product_cat":[188,198],"product_tag":[],"class_list":{"0":"post-11350","1":"product","2":"type-product","3":"status-publish","4":"has-post-thumbnail","6":"product_brand-eveline-cosmetics","7":"product_cat-naohooldus","8":"product_cat-naokreemid","9":"pa_kogus-50-ml","10":"pa_koostis-aqua-water-ethylhexyl-stearate-isohexadecane-caprylic-capric-triglyceride-polyglyceryl-3-methylglucose-distearate-glyceryl-stearate-se-glycerin-isostearyl-isostearate-trimethylolpropane-tri","11":"pa_paritolumaa-poola","12":"pa_uhik-ml","14":"first","15":"instock","16":"purchasable","17":"product-type-simple"},"acf":[],"_links":{"self":[{"href":"https:\/\/ursus.ee\/en\/wp-json\/wp\/v2\/product\/11350","targetHints":{"allow":["GET"]}}],"collection":[{"href":"https:\/\/ursus.ee\/en\/wp-json\/wp\/v2\/product"}],"about":[{"href":"https:\/\/ursus.ee\/en\/wp-json\/wp\/v2\/types\/product"}],"replies":[{"embeddable":true,"href":"https:\/\/ursus.ee\/en\/wp-json\/wp\/v2\/comments?post=11350"}],"wp:featuredmedia":[{"embeddable":true,"href":"https:\/\/ursus.ee\/en\/wp-json\/wp\/v2\/media\/14212"}],"wp:attachment":[{"href":"https:\/\/ursus.ee\/en\/wp-json\/wp\/v2\/media?parent=11350"}],"wp:term":[{"taxonomy":"product_brand","embeddable":true,"href":"https:\/\/ursus.ee\/en\/wp-json\/wp\/v2\/product_brand?post=11350"},{"taxonomy":"product_cat","embeddable":true,"href":"https:\/\/ursus.ee\/en\/wp-json\/wp\/v2\/product_cat?post=11350"},{"taxonomy":"product_tag","embeddable":true,"href":"https:\/\/ursus.ee\/en\/wp-json\/wp\/v2\/product_tag?post=11350"}],"curies":[{"name":"wp","href":"https:\/\/api.w.org\/{rel}","templated":true}]}}