{"id":11349,"date":"2025-12-16T17:18:05","date_gmt":"2025-12-16T15:18:05","guid":{"rendered":"https:\/\/ursus.ee\/toode\/naokreem-35-luxury-infusion-2\/"},"modified":"2026-03-27T16:21:36","modified_gmt":"2026-03-27T14:21:36","slug":"naokreem-35-luxury-infusion-2","status":"publish","type":"product","link":"https:\/\/ursus.ee\/en\/toode\/naokreem-35-luxury-infusion-2\/","title":{"rendered":"N\u00e4okreem 35+ Luxury Infusion"},"content":{"rendered":"<p>Kreem sobib suurep\u00e4raselt k\u00f5ikidele nahat\u00fc\u00fcpidele, eriti normaalsele kuni rasusele nahat\u00fc\u00fcbile, esimeste kortsude ilmingutega v\u00f5itlemiseks. T\u00e4iustatud koostis tugevdab naha loomulikku kaitses\u00fcsteemi, silub kortse ja takistab nende teket, muutes naha siledaks ja eluj\u00f5uliseks. Koostises sisalduv MUSTA ROOSI EKTRAKT silub ja taastab naha elastsuse. 24K GOLD pinguldab ja niisutab. KOENS\u00dc\u00dcM Q10 neutraliseerib vabu radikaale, turgutab nahka ja aeglustab vananemisprotsesse. EVERMAT\u2122 matistab ja v\u00e4hendab poore. Sobib p\u00e4evaseks ja \u00f6iseks hoolduseks<\/p>\n","protected":false},"excerpt":{"rendered":"<p>Kreem sobib suurep\u00e4raselt k\u00f5ikidele nahat\u00fc\u00fcpidele, eriti normaalsele kuni rasusele nahat\u00fc\u00fcbile, esimeste kortsude ilmingutega v\u00f5itlemiseks. T\u00e4iustatud koostis tugevdab naha loomulikku kaitses\u00fcsteemi, silub kortse ja takistab nende teket, muutes naha siledaks ja eluj\u00f5uliseks. Koostises sisalduv MUSTA ROOSI EKTRAKT silub ja taastab naha elastsuse. 24K GOLD pinguldab ja niisutab. KOENS\u00dc\u00dcM Q10 neutraliseerib vabu radikaale, turgutab nahka ja aeglustab<\/p>\n","protected":false},"featured_media":14210,"comment_status":"closed","ping_status":"closed","template":"","meta":{"_acf_changed":false},"product_brand":[187],"product_cat":[188,198],"product_tag":[],"class_list":{"0":"post-11349","1":"product","2":"type-product","3":"status-publish","4":"has-post-thumbnail","6":"product_brand-eveline-cosmetics","7":"product_cat-naohooldus","8":"product_cat-naokreemid","9":"pa_kogus-50-ml","10":"pa_koostis-aqua-water-dicaprylyl-ether-caprylic-capric-triglyceride-glyceryl-stearates-polyglyceryl-3-methylglucose-distearate-glycerin-cetearyl-alcohol-dimethicone-isohexadecane-isostearyl-isosteara","11":"pa_paritolumaa-poola","12":"pa_uhik-ml","14":"first","15":"instock","16":"purchasable","17":"product-type-simple"},"acf":[],"_links":{"self":[{"href":"https:\/\/ursus.ee\/en\/wp-json\/wp\/v2\/product\/11349","targetHints":{"allow":["GET"]}}],"collection":[{"href":"https:\/\/ursus.ee\/en\/wp-json\/wp\/v2\/product"}],"about":[{"href":"https:\/\/ursus.ee\/en\/wp-json\/wp\/v2\/types\/product"}],"replies":[{"embeddable":true,"href":"https:\/\/ursus.ee\/en\/wp-json\/wp\/v2\/comments?post=11349"}],"wp:featuredmedia":[{"embeddable":true,"href":"https:\/\/ursus.ee\/en\/wp-json\/wp\/v2\/media\/14210"}],"wp:attachment":[{"href":"https:\/\/ursus.ee\/en\/wp-json\/wp\/v2\/media?parent=11349"}],"wp:term":[{"taxonomy":"product_brand","embeddable":true,"href":"https:\/\/ursus.ee\/en\/wp-json\/wp\/v2\/product_brand?post=11349"},{"taxonomy":"product_cat","embeddable":true,"href":"https:\/\/ursus.ee\/en\/wp-json\/wp\/v2\/product_cat?post=11349"},{"taxonomy":"product_tag","embeddable":true,"href":"https:\/\/ursus.ee\/en\/wp-json\/wp\/v2\/product_tag?post=11349"}],"curies":[{"name":"wp","href":"https:\/\/api.w.org\/{rel}","templated":true}]}}