{"id":11347,"date":"2025-12-16T17:18:05","date_gmt":"2025-12-16T15:18:05","guid":{"rendered":"https:\/\/ursus.ee\/toode\/naoseerum-luxury-diamond-2\/"},"modified":"2026-03-27T16:21:36","modified_gmt":"2026-03-27T14:21:36","slug":"naoseerum-luxury-diamond-2","status":"publish","type":"product","link":"https:\/\/ursus.ee\/en\/toode\/naoseerum-luxury-diamond-2\/","title":{"rendered":"N\u00e4oseerum Luxury Diamond"},"content":{"rendered":"<p>Kolmekordse kontsentreeritud seerumi uuenduslik koosits l\u00f5dvestab t\u00f5husalt n\u00e4olihaseid, silub peeneid joonekesi ja kortse ning pinguldab koheselt vananemisele kalduvaid n\u00e4opiirkond &#8211;  silma\u00fcmbrus, huulte piirkond ja otsaesine. Christian Laurent\u00ae Iconic Diamond Collection sobib k\u00f5ikidele nahat\u00fc\u00fcpidele ja vanusegruppidele.DERMOFUSION 4D TECHNOLOGY\u2122 on revolutsiooniline tehnoloogia, mis v\u00f5imaldab toimeainete \u00fclekandmist naha s\u00fcgavamatesse kihtidesse, mis vabanevad j\u00e4rk-j\u00e4rgult maksimaalse efekti saavutamiseks. DIAMOND DUST osakesed noorendavad nahka. 24K KULLAOSAKESED niisutavad nahka ja siluvad peeneid joonekesi.<\/p>\n","protected":false},"excerpt":{"rendered":"<p>Kolmekordse kontsentreeritud seerumi uuenduslik koosits l\u00f5dvestab t\u00f5husalt n\u00e4olihaseid, silub peeneid joonekesi ja kortse ning pinguldab koheselt vananemisele kalduvaid n\u00e4opiirkond &#8211; silma\u00fcmbrus, huulte piirkond ja otsaesine. Christian Laurent\u00ae Iconic Diamond Collection sobib k\u00f5ikidele nahat\u00fc\u00fcpidele ja vanusegruppidele.DERMOFUSION 4D TECHNOLOGY\u2122 on revolutsiooniline tehnoloogia, mis v\u00f5imaldab toimeainete \u00fclekandmist naha s\u00fcgavamatesse kihtidesse, mis vabanevad j\u00e4rk-j\u00e4rgult maksimaalse efekti saavutamiseks. DIAMOND DUST<\/p>\n","protected":false},"featured_media":11348,"comment_status":"closed","ping_status":"open","template":"","meta":{"_acf_changed":false},"product_brand":[187],"product_cat":[188,198],"product_tag":[],"class_list":{"0":"post-11347","1":"product","2":"type-product","3":"status-publish","4":"has-post-thumbnail","6":"product_brand-eveline-cosmetics","7":"product_cat-naohooldus","8":"product_cat-naokreemid","9":"pa_kogus-30-ml","10":"pa_koostis-aqua-water-glycerin-snail-secretion-filtrate-isopropyl-myristate-ceteareth-20-cetearyl-alcohol-dimethicone-butyrospermum-parkii-butter-prunus-amygdalus-dulcis-oil-moringa-oleifera-seed-oil","11":"pa_paritolumaa-poola","12":"pa_uhik-ml","14":"first","15":"instock","16":"purchasable","17":"product-type-simple"},"acf":[],"_links":{"self":[{"href":"https:\/\/ursus.ee\/en\/wp-json\/wp\/v2\/product\/11347","targetHints":{"allow":["GET"]}}],"collection":[{"href":"https:\/\/ursus.ee\/en\/wp-json\/wp\/v2\/product"}],"about":[{"href":"https:\/\/ursus.ee\/en\/wp-json\/wp\/v2\/types\/product"}],"replies":[{"embeddable":true,"href":"https:\/\/ursus.ee\/en\/wp-json\/wp\/v2\/comments?post=11347"}],"wp:featuredmedia":[{"embeddable":true,"href":"https:\/\/ursus.ee\/en\/wp-json\/wp\/v2\/media\/11348"}],"wp:attachment":[{"href":"https:\/\/ursus.ee\/en\/wp-json\/wp\/v2\/media?parent=11347"}],"wp:term":[{"taxonomy":"product_brand","embeddable":true,"href":"https:\/\/ursus.ee\/en\/wp-json\/wp\/v2\/product_brand?post=11347"},{"taxonomy":"product_cat","embeddable":true,"href":"https:\/\/ursus.ee\/en\/wp-json\/wp\/v2\/product_cat?post=11347"},{"taxonomy":"product_tag","embeddable":true,"href":"https:\/\/ursus.ee\/en\/wp-json\/wp\/v2\/product_tag?post=11347"}],"curies":[{"name":"wp","href":"https:\/\/api.w.org\/{rel}","templated":true}]}}