{"id":11345,"date":"2025-12-16T17:18:05","date_gmt":"2025-12-16T15:18:05","guid":{"rendered":"https:\/\/ursus.ee\/toode\/naokreem-luxury-diamond-2\/"},"modified":"2026-03-27T16:21:36","modified_gmt":"2026-03-27T14:21:36","slug":"naokreem-luxury-diamond-2","status":"publish","type":"product","link":"https:\/\/ursus.ee\/en\/toode\/naokreem-luxury-diamond-2\/","title":{"rendered":"N\u00e4okreem Luxury Diamond"},"content":{"rendered":"<p>Rikkalike koostisosadega kontsentreeritud kreem, mis on v\u00e4lja t\u00f6\u00f6tatud pakkuma intensiivset, eksklusiivset ja noorendavat igap\u00e4evast hooldust k\u00f5ikidele nahat\u00fc\u00fcpidele. Kreemi siidine tekstuur pakub koheselt toitvat ja siluvat toimet. Koostises sisaldub teemanti tolm noorendab ja stimuleerib naha regeneratsiooni. 24K KULLAOSAKESED niisutavad nahka ja siluvad peeneid joonekesi. Neuropeptiidid aitavad ennetada kortsude teket ja v\u00e4hendavad olemasolevate n\u00e4htavust.<\/p>\n","protected":false},"excerpt":{"rendered":"<p>Rikkalike koostisosadega kontsentreeritud kreem, mis on v\u00e4lja t\u00f6\u00f6tatud pakkuma intensiivset, eksklusiivset ja noorendavat igap\u00e4evast hooldust k\u00f5ikidele nahat\u00fc\u00fcpidele. Kreemi siidine tekstuur pakub koheselt toitvat ja siluvat toimet. Koostises sisaldub teemanti tolm noorendab ja stimuleerib naha regeneratsiooni. 24K KULLAOSAKESED niisutavad nahka ja siluvad peeneid joonekesi. Neuropeptiidid aitavad ennetada kortsude teket ja v\u00e4hendavad olemasolevate n\u00e4htavust.<\/p>\n","protected":false},"featured_media":11346,"comment_status":"closed","ping_status":"open","template":"","meta":{"_acf_changed":false},"product_brand":[187],"product_cat":[188,198],"product_tag":[],"class_list":{"0":"post-11345","1":"product","2":"type-product","3":"status-publish","4":"has-post-thumbnail","6":"product_brand-eveline-cosmetics","7":"product_cat-naohooldus","8":"product_cat-naokreemid","9":"pa_kogus-50-ml","10":"pa_koostis-aqua-water-glycerin-snail-secretion-filtrate-isopropyl-myristatecetearyl-alcohol-ceteareth-20-dimethicone-butyrospermum-parkii-butter-prunus-amygdalus-dulcis-oil-moringa-oleifera-seed-oil","11":"pa_paritolumaa-poola","12":"pa_uhik-ml","14":"first","15":"instock","16":"purchasable","17":"product-type-simple"},"acf":[],"_links":{"self":[{"href":"https:\/\/ursus.ee\/en\/wp-json\/wp\/v2\/product\/11345","targetHints":{"allow":["GET"]}}],"collection":[{"href":"https:\/\/ursus.ee\/en\/wp-json\/wp\/v2\/product"}],"about":[{"href":"https:\/\/ursus.ee\/en\/wp-json\/wp\/v2\/types\/product"}],"replies":[{"embeddable":true,"href":"https:\/\/ursus.ee\/en\/wp-json\/wp\/v2\/comments?post=11345"}],"wp:featuredmedia":[{"embeddable":true,"href":"https:\/\/ursus.ee\/en\/wp-json\/wp\/v2\/media\/11346"}],"wp:attachment":[{"href":"https:\/\/ursus.ee\/en\/wp-json\/wp\/v2\/media?parent=11345"}],"wp:term":[{"taxonomy":"product_brand","embeddable":true,"href":"https:\/\/ursus.ee\/en\/wp-json\/wp\/v2\/product_brand?post=11345"},{"taxonomy":"product_cat","embeddable":true,"href":"https:\/\/ursus.ee\/en\/wp-json\/wp\/v2\/product_cat?post=11345"},{"taxonomy":"product_tag","embeddable":true,"href":"https:\/\/ursus.ee\/en\/wp-json\/wp\/v2\/product_tag?post=11345"}],"curies":[{"name":"wp","href":"https:\/\/api.w.org\/{rel}","templated":true}]}}