{"id":11341,"date":"2025-12-16T17:18:05","date_gmt":"2025-12-16T15:18:05","guid":{"rendered":"https:\/\/ursus.ee\/toode\/gold-peptides-naomask-8ml-2\/"},"modified":"2026-03-27T16:21:35","modified_gmt":"2026-03-27T14:21:35","slug":"gold-peptides-naomask-8ml-2","status":"publish","type":"product","link":"https:\/\/ursus.ee\/en\/toode\/gold-peptides-naomask-8ml-2\/","title":{"rendered":"Gold Peptides n\u00e4omask 8ml"},"content":{"rendered":"<p>Luksuslik pinguldav ja noorendav n\u00e4omask kuldpeptiidi ja kollageeniga. See intensiivne hooldus silub, t\u00f5stab ja taastab naha elastsuse juba m\u00f5ne minutiga, j\u00e4ttes naha siledaks ja v\u00e4rskeks.<br \/>\nKuldpeptiid ja kollageen tugevdavad naha struktuuri, v\u00e4hendavad kortse ning parandavad toonust. Taimsete \u00f5lide ja vitamiinide kompleks toidab, niisutab ja kaitseb nahka vananemism\u00e4rkide eest.<br \/>\nSobib k\u00fcpsele ja elastsust kaotanud nahale, mis vajab kiiret turgutust ja n\u00e4htavat noorendavat efekti.<\/p>\n","protected":false},"excerpt":{"rendered":"<p>Luksuslik pinguldav ja noorendav n\u00e4omask kuldpeptiidi ja kollageeniga. See intensiivne hooldus silub, t\u00f5stab ja taastab naha elastsuse juba m\u00f5ne minutiga, j\u00e4ttes naha siledaks ja v\u00e4rskeks. Kuldpeptiid ja kollageen tugevdavad naha struktuuri, v\u00e4hendavad kortse ning parandavad toonust. Taimsete \u00f5lide ja vitamiinide kompleks toidab, niisutab ja kaitseb nahka vananemism\u00e4rkide eest. Sobib k\u00fcpsele ja elastsust kaotanud nahale, mis<\/p>\n","protected":false},"featured_media":11342,"comment_status":"closed","ping_status":"open","template":"","meta":{"_acf_changed":false},"product_brand":[187],"product_cat":[188,192],"product_tag":[],"class_list":{"0":"post-11341","1":"product","2":"type-product","3":"status-publish","4":"has-post-thumbnail","6":"product_brand-eveline-cosmetics","7":"product_cat-naohooldus","8":"product_cat-naomaskid","9":"pa_kogus-8-ml","10":"pa_paritolumaa-poola","11":"pa_uhik-ml","13":"first","14":"instock","15":"purchasable","16":"product-type-simple"},"acf":[],"_links":{"self":[{"href":"https:\/\/ursus.ee\/en\/wp-json\/wp\/v2\/product\/11341","targetHints":{"allow":["GET"]}}],"collection":[{"href":"https:\/\/ursus.ee\/en\/wp-json\/wp\/v2\/product"}],"about":[{"href":"https:\/\/ursus.ee\/en\/wp-json\/wp\/v2\/types\/product"}],"replies":[{"embeddable":true,"href":"https:\/\/ursus.ee\/en\/wp-json\/wp\/v2\/comments?post=11341"}],"wp:featuredmedia":[{"embeddable":true,"href":"https:\/\/ursus.ee\/en\/wp-json\/wp\/v2\/media\/11342"}],"wp:attachment":[{"href":"https:\/\/ursus.ee\/en\/wp-json\/wp\/v2\/media?parent=11341"}],"wp:term":[{"taxonomy":"product_brand","embeddable":true,"href":"https:\/\/ursus.ee\/en\/wp-json\/wp\/v2\/product_brand?post=11341"},{"taxonomy":"product_cat","embeddable":true,"href":"https:\/\/ursus.ee\/en\/wp-json\/wp\/v2\/product_cat?post=11341"},{"taxonomy":"product_tag","embeddable":true,"href":"https:\/\/ursus.ee\/en\/wp-json\/wp\/v2\/product_tag?post=11341"}],"curies":[{"name":"wp","href":"https:\/\/api.w.org\/{rel}","templated":true}]}}