{"id":11339,"date":"2025-12-16T17:18:05","date_gmt":"2025-12-16T15:18:05","guid":{"rendered":"https:\/\/ursus.ee\/toode\/silmakreem-gold-peptides-pinguldav-2\/"},"modified":"2026-03-27T16:21:38","modified_gmt":"2026-03-27T14:21:38","slug":"silmakreem-gold-peptides-pinguldav-2","status":"publish","type":"product","link":"https:\/\/ursus.ee\/en\/toode\/silmakreem-gold-peptides-pinguldav-2\/","title":{"rendered":"Silmakreem Gold Peptides pinguldav"},"content":{"rendered":"<p>Gold Peptides pinguldav silmakreem aitab v\u00e4hendada t\u00f5husalt tumedaid silmaaluseid ja turseid. Kreem taastab naha v\u00e4rske ja noorusliku v\u00e4limuse. Rikkalik koostis, kuhu on lisatud 7 erinevat \u00f5li (argaania, makadaamia, jojoba, tsubaki, cucui, marula ja roosi), keramiide ja kofeiini, tagab silma\u00fcmbruse naha kohese metamorfoosi, v\u00e4hendades n\u00e4htavaid vananemise m\u00e4rke nagu kuivus, elastsuse kadu, tumedad ja hallid silmaalused ning turset.<\/p>\n","protected":false},"excerpt":{"rendered":"<p>Gold Peptides pinguldav silmakreem aitab v\u00e4hendada t\u00f5husalt tumedaid silmaaluseid ja turseid. Kreem taastab naha v\u00e4rske ja noorusliku v\u00e4limuse. Rikkalik koostis, kuhu on lisatud 7 erinevat \u00f5li (argaania, makadaamia, jojoba, tsubaki, cucui, marula ja roosi), keramiide ja kofeiini, tagab silma\u00fcmbruse naha kohese metamorfoosi, v\u00e4hendades n\u00e4htavaid vananemise m\u00e4rke nagu kuivus, elastsuse kadu, tumedad ja hallid silmaalused ning<\/p>\n","protected":false},"featured_media":11340,"comment_status":"closed","ping_status":"open","template":"","meta":{"_acf_changed":false},"product_brand":[187],"product_cat":[188,200],"product_tag":[],"class_list":{"0":"post-11339","1":"product","2":"type-product","3":"status-publish","4":"has-post-thumbnail","6":"product_brand-eveline-cosmetics","7":"product_cat-naohooldus","8":"product_cat-silmakreemid","9":"pa_kogus-20-ml","10":"pa_koostis-aqua-water-propanediol-glycerin-behenyl-alcohol-isononyl-isononanoate-glyceryl-stearates-triisostearin-butylene-glycol-octyldodecanol-hydroxyethyl-acrylate-sodium-acryloyldimethyl-taurate","11":"pa_paritolumaa-poola","12":"pa_uhik-ml","14":"first","15":"instock","16":"purchasable","17":"product-type-simple"},"acf":[],"_links":{"self":[{"href":"https:\/\/ursus.ee\/en\/wp-json\/wp\/v2\/product\/11339","targetHints":{"allow":["GET"]}}],"collection":[{"href":"https:\/\/ursus.ee\/en\/wp-json\/wp\/v2\/product"}],"about":[{"href":"https:\/\/ursus.ee\/en\/wp-json\/wp\/v2\/types\/product"}],"replies":[{"embeddable":true,"href":"https:\/\/ursus.ee\/en\/wp-json\/wp\/v2\/comments?post=11339"}],"wp:featuredmedia":[{"embeddable":true,"href":"https:\/\/ursus.ee\/en\/wp-json\/wp\/v2\/media\/11340"}],"wp:attachment":[{"href":"https:\/\/ursus.ee\/en\/wp-json\/wp\/v2\/media?parent=11339"}],"wp:term":[{"taxonomy":"product_brand","embeddable":true,"href":"https:\/\/ursus.ee\/en\/wp-json\/wp\/v2\/product_brand?post=11339"},{"taxonomy":"product_cat","embeddable":true,"href":"https:\/\/ursus.ee\/en\/wp-json\/wp\/v2\/product_cat?post=11339"},{"taxonomy":"product_tag","embeddable":true,"href":"https:\/\/ursus.ee\/en\/wp-json\/wp\/v2\/product_tag?post=11339"}],"curies":[{"name":"wp","href":"https:\/\/api.w.org\/{rel}","templated":true}]}}