{"id":11335,"date":"2025-12-16T17:18:05","date_gmt":"2025-12-16T15:18:05","guid":{"rendered":"https:\/\/ursus.ee\/toode\/naokreem-gold-peptides-pinguldav-70-2\/"},"modified":"2026-03-27T16:21:36","modified_gmt":"2026-03-27T14:21:36","slug":"naokreem-gold-peptides-pinguldav-70-2","status":"publish","type":"product","link":"https:\/\/ursus.ee\/en\/toode\/naokreem-gold-peptides-pinguldav-70-2\/","title":{"rendered":"N\u00e4okreem Gold Peptides pinguldav 70+"},"content":{"rendered":"<p>Pinguldav n\u00e4okreem on m\u00f5eldud 70+ vanuses n\u00e4o-ja dekolteepiirkonna  hoolduseks. Luksuslik n\u00e4okreem, mis on loodud spetsiaalselt k\u00fcpse naha vajadustele. Kuldpeptiidide sisaldus koostises  aitab t\u00f5husalt v\u00e4hendada kortse, parandab naha elastsust ja silub selle pinda. Keramiidid, lipiidid ja spilantool tagavad nahale kauakestva niisutuse, parandavad n\u00e4okontuure ning  tugevdavad naha kaitsefunktsioone. Kreem sobib nii p\u00e4evaseks kui ka \u00f6iseks hoolduseks.<\/p>\n","protected":false},"excerpt":{"rendered":"<p>Pinguldav n\u00e4okreem on m\u00f5eldud 70+ vanuses n\u00e4o-ja dekolteepiirkonna hoolduseks. Luksuslik n\u00e4okreem, mis on loodud spetsiaalselt k\u00fcpse naha vajadustele. Kuldpeptiidide sisaldus koostises aitab t\u00f5husalt v\u00e4hendada kortse, parandab naha elastsust ja silub selle pinda. Keramiidid, lipiidid ja spilantool tagavad nahale kauakestva niisutuse, parandavad n\u00e4okontuure ning tugevdavad naha kaitsefunktsioone. Kreem sobib nii p\u00e4evaseks kui ka \u00f6iseks hoolduseks.<\/p>\n","protected":false},"featured_media":11336,"comment_status":"closed","ping_status":"open","template":"","meta":{"_acf_changed":false},"product_brand":[187],"product_cat":[188,198],"product_tag":[],"class_list":{"0":"post-11335","1":"product","2":"type-product","3":"status-publish","4":"has-post-thumbnail","6":"product_brand-eveline-cosmetics","7":"product_cat-naohooldus","8":"product_cat-naokreemid","9":"pa_kogus-50-ml","10":"pa_koostis-aqua-water-glycerin-cetearyl-alcohol-ethylhexyl-stearate-caprylic-capric-triglyceride-butyrospermum-parkii-butter-isopropyl-myristate-behenyl-alcohol-cocos-nucifera-oil-pentaerythrityl-di","11":"pa_paritolumaa-poola","12":"pa_uhik-ml","14":"first","15":"instock","16":"purchasable","17":"product-type-simple"},"acf":[],"_links":{"self":[{"href":"https:\/\/ursus.ee\/en\/wp-json\/wp\/v2\/product\/11335","targetHints":{"allow":["GET"]}}],"collection":[{"href":"https:\/\/ursus.ee\/en\/wp-json\/wp\/v2\/product"}],"about":[{"href":"https:\/\/ursus.ee\/en\/wp-json\/wp\/v2\/types\/product"}],"replies":[{"embeddable":true,"href":"https:\/\/ursus.ee\/en\/wp-json\/wp\/v2\/comments?post=11335"}],"wp:featuredmedia":[{"embeddable":true,"href":"https:\/\/ursus.ee\/en\/wp-json\/wp\/v2\/media\/11336"}],"wp:attachment":[{"href":"https:\/\/ursus.ee\/en\/wp-json\/wp\/v2\/media?parent=11335"}],"wp:term":[{"taxonomy":"product_brand","embeddable":true,"href":"https:\/\/ursus.ee\/en\/wp-json\/wp\/v2\/product_brand?post=11335"},{"taxonomy":"product_cat","embeddable":true,"href":"https:\/\/ursus.ee\/en\/wp-json\/wp\/v2\/product_cat?post=11335"},{"taxonomy":"product_tag","embeddable":true,"href":"https:\/\/ursus.ee\/en\/wp-json\/wp\/v2\/product_tag?post=11335"}],"curies":[{"name":"wp","href":"https:\/\/api.w.org\/{rel}","templated":true}]}}