{"id":11333,"date":"2025-12-16T17:18:05","date_gmt":"2025-12-16T15:18:05","guid":{"rendered":"https:\/\/ursus.ee\/toode\/naokreem-gold-peptides-pinguldav-60-2\/"},"modified":"2026-03-27T16:21:36","modified_gmt":"2026-03-27T14:21:36","slug":"naokreem-gold-peptides-pinguldav-60-2","status":"publish","type":"product","link":"https:\/\/ursus.ee\/en\/toode\/naokreem-gold-peptides-pinguldav-60-2\/","title":{"rendered":"N\u00e4okreem Gold Peptides pinguldav 60+"},"content":{"rendered":"<p>Pinguldav n\u00e4okreem 60+ vanuses n\u00e4onaha hoolduseks. Kreemi koostis p\u00f5hineb kuldpeptiidide kompleksil, mis toetab naha uuenemisprotsesse ning taastab selle elastsuse ja tugevuse. Keramiidid ja PhytoCellTec\u2122 t\u00fcvirakud aitavad s\u00e4ilitada naha optimaalset niisutustaset ja tagab selle terve, s\u00e4rava v\u00e4limuse. Toitained tungivad s\u00fcgavatesse nahakihtidesse ja tugevdavad naha kaitsefunktsioone. Kreem sobib kasutamiseks nii p\u00e4eval kui \u00f6\u00f6sel.<\/p>\n","protected":false},"excerpt":{"rendered":"<p>Pinguldav n\u00e4okreem 60+ vanuses n\u00e4onaha hoolduseks. Kreemi koostis p\u00f5hineb kuldpeptiidide kompleksil, mis toetab naha uuenemisprotsesse ning taastab selle elastsuse ja tugevuse. Keramiidid ja PhytoCellTec\u2122 t\u00fcvirakud aitavad s\u00e4ilitada naha optimaalset niisutustaset ja tagab selle terve, s\u00e4rava v\u00e4limuse. Toitained tungivad s\u00fcgavatesse nahakihtidesse ja tugevdavad naha kaitsefunktsioone. Kreem sobib kasutamiseks nii p\u00e4eval kui \u00f6\u00f6sel.<\/p>\n","protected":false},"featured_media":11334,"comment_status":"closed","ping_status":"open","template":"","meta":{"_acf_changed":false},"product_brand":[187],"product_cat":[188,198],"product_tag":[],"class_list":{"0":"post-11333","1":"product","2":"type-product","3":"status-publish","4":"has-post-thumbnail","6":"product_brand-eveline-cosmetics","7":"product_cat-naohooldus","8":"product_cat-naokreemid","9":"pa_kogus-50-ml","10":"pa_koostis-aqua-water-propanediol-glycerin-behenyl-alcohol-isononyl-isononanoate-glyceryl-stearates-triisostearin-butylene-glycol-octyldodecanol-hydroxyethyl-acrylate-sodium-acryloyldimethyl-taurate","11":"pa_paritolumaa-poola","12":"pa_uhik-ml","14":"first","15":"instock","16":"purchasable","17":"product-type-simple"},"acf":[],"_links":{"self":[{"href":"https:\/\/ursus.ee\/en\/wp-json\/wp\/v2\/product\/11333","targetHints":{"allow":["GET"]}}],"collection":[{"href":"https:\/\/ursus.ee\/en\/wp-json\/wp\/v2\/product"}],"about":[{"href":"https:\/\/ursus.ee\/en\/wp-json\/wp\/v2\/types\/product"}],"replies":[{"embeddable":true,"href":"https:\/\/ursus.ee\/en\/wp-json\/wp\/v2\/comments?post=11333"}],"wp:featuredmedia":[{"embeddable":true,"href":"https:\/\/ursus.ee\/en\/wp-json\/wp\/v2\/media\/11334"}],"wp:attachment":[{"href":"https:\/\/ursus.ee\/en\/wp-json\/wp\/v2\/media?parent=11333"}],"wp:term":[{"taxonomy":"product_brand","embeddable":true,"href":"https:\/\/ursus.ee\/en\/wp-json\/wp\/v2\/product_brand?post=11333"},{"taxonomy":"product_cat","embeddable":true,"href":"https:\/\/ursus.ee\/en\/wp-json\/wp\/v2\/product_cat?post=11333"},{"taxonomy":"product_tag","embeddable":true,"href":"https:\/\/ursus.ee\/en\/wp-json\/wp\/v2\/product_tag?post=11333"}],"curies":[{"name":"wp","href":"https:\/\/api.w.org\/{rel}","templated":true}]}}