{"id":11331,"date":"2025-12-16T17:13:57","date_gmt":"2025-12-16T15:13:57","guid":{"rendered":"https:\/\/ursus.ee\/toode\/naokreem-gold-peptides-pinguldav-50-2\/"},"modified":"2026-03-27T16:21:36","modified_gmt":"2026-03-27T14:21:36","slug":"naokreem-gold-peptides-pinguldav-50-2","status":"publish","type":"product","link":"https:\/\/ursus.ee\/en\/toode\/naokreem-gold-peptides-pinguldav-50-2\/","title":{"rendered":"N\u00e4okreem Gold Peptides pinguldav 50+"},"content":{"rendered":"<p>Gold Peptides pinguldav kreem on m\u00f5eldud 50+ vanuses n\u00e4o-ja dekolteepiirkonna hoolduseks. T\u00e4nu kreemi koostises sisalduvatele kullaosakestele ja Tri-Collagen kompleksile, aitab see taastada naha noorusliku v\u00e4limuse. Nahk on pinguldatud ja toidetud ning kaitstud liiga kiire vananemise eest. Kreem pehmendab ja niisutab, aga omab ka taastavat ja rahustavat toimet, tugevdades n\u00e4htavalt naha struktuuri. Kreem sobib kasutamiseks nii p\u00e4eval kui \u00f6\u00f6sel, et taastada noor ja terve v\u00e4limus!<\/p>\n","protected":false},"excerpt":{"rendered":"<p>Gold Peptides pinguldav kreem on m\u00f5eldud 50+ vanuses n\u00e4o-ja dekolteepiirkonna hoolduseks. T\u00e4nu kreemi koostises sisalduvatele kullaosakestele ja Tri-Collagen kompleksile, aitab see taastada naha noorusliku v\u00e4limuse. Nahk on pinguldatud ja toidetud ning kaitstud liiga kiire vananemise eest. Kreem pehmendab ja niisutab, aga omab ka taastavat ja rahustavat toimet, tugevdades n\u00e4htavalt naha struktuuri. Kreem sobib kasutamiseks nii<\/p>\n","protected":false},"featured_media":11332,"comment_status":"closed","ping_status":"open","template":"","meta":{"_acf_changed":false},"product_brand":[187],"product_cat":[188,198],"product_tag":[],"class_list":{"0":"post-11331","1":"product","2":"type-product","3":"status-publish","4":"has-post-thumbnail","6":"product_brand-eveline-cosmetics","7":"product_cat-naohooldus","8":"product_cat-naokreemid","9":"pa_kogus-50-ml","10":"pa_koostis-aqua-water-propanediol-glycerin-behenyl-alcohol-isononyl-isononanoate-glyceryl-stearates-triisostearin-butylene-glycol-octyldodecanol-hydroxyethyl-acrylate-sodium-acryloyldimethyl-taurate","11":"pa_paritolumaa-poola","12":"pa_uhik-ml","14":"first","15":"instock","16":"purchasable","17":"product-type-simple"},"acf":[],"_links":{"self":[{"href":"https:\/\/ursus.ee\/en\/wp-json\/wp\/v2\/product\/11331","targetHints":{"allow":["GET"]}}],"collection":[{"href":"https:\/\/ursus.ee\/en\/wp-json\/wp\/v2\/product"}],"about":[{"href":"https:\/\/ursus.ee\/en\/wp-json\/wp\/v2\/types\/product"}],"replies":[{"embeddable":true,"href":"https:\/\/ursus.ee\/en\/wp-json\/wp\/v2\/comments?post=11331"}],"wp:featuredmedia":[{"embeddable":true,"href":"https:\/\/ursus.ee\/en\/wp-json\/wp\/v2\/media\/11332"}],"wp:attachment":[{"href":"https:\/\/ursus.ee\/en\/wp-json\/wp\/v2\/media?parent=11331"}],"wp:term":[{"taxonomy":"product_brand","embeddable":true,"href":"https:\/\/ursus.ee\/en\/wp-json\/wp\/v2\/product_brand?post=11331"},{"taxonomy":"product_cat","embeddable":true,"href":"https:\/\/ursus.ee\/en\/wp-json\/wp\/v2\/product_cat?post=11331"},{"taxonomy":"product_tag","embeddable":true,"href":"https:\/\/ursus.ee\/en\/wp-json\/wp\/v2\/product_tag?post=11331"}],"curies":[{"name":"wp","href":"https:\/\/api.w.org\/{rel}","templated":true}]}}