{"id":11329,"date":"2025-12-16T17:13:57","date_gmt":"2025-12-16T15:13:57","guid":{"rendered":"https:\/\/ursus.ee\/toode\/gold-lift-expert-naomask-kortsudevastane-3in1-2\/"},"modified":"2026-03-27T16:21:34","modified_gmt":"2026-03-27T14:21:34","slug":"gold-lift-expert-naomask-kortsudevastane-3in1-2","status":"publish","type":"product","link":"https:\/\/ursus.ee\/en\/toode\/gold-lift-expert-naomask-kortsudevastane-3in1-2\/","title":{"rendered":"Gold Lift Expert n\u00e4omask kortsudevastane 3in1"},"content":{"rendered":"<p>Luksuslik 24 kraadise kullasisaldusega kortsudevastane mask k\u00fcpsele, kuivale ja tundlikule nahale. Kiiretoimeline mask pinguldab, t\u00e4idab kortse ja t\u00f5stab naha elastsust koheselt.<\/p>\n","protected":false},"excerpt":{"rendered":"<p>Luksuslik 24 kraadise kullasisaldusega kortsudevastane mask k\u00fcpsele, kuivale ja tundlikule nahale. Kiiretoimeline mask pinguldab, t\u00e4idab kortse ja t\u00f5stab naha elastsust koheselt.<\/p>\n","protected":false},"featured_media":11330,"comment_status":"closed","ping_status":"open","template":"","meta":{"_acf_changed":false},"product_brand":[187],"product_cat":[188,192],"product_tag":[],"class_list":{"0":"post-11329","1":"product","2":"type-product","3":"status-publish","4":"has-post-thumbnail","6":"product_brand-eveline-cosmetics","7":"product_cat-naohooldus","8":"product_cat-naomaskid","9":"pa_kogus-7-ml","10":"pa_paritolumaa-poola","11":"pa_uhik-ml","13":"first","14":"instock","15":"purchasable","16":"product-type-simple"},"acf":[],"_links":{"self":[{"href":"https:\/\/ursus.ee\/en\/wp-json\/wp\/v2\/product\/11329","targetHints":{"allow":["GET"]}}],"collection":[{"href":"https:\/\/ursus.ee\/en\/wp-json\/wp\/v2\/product"}],"about":[{"href":"https:\/\/ursus.ee\/en\/wp-json\/wp\/v2\/types\/product"}],"replies":[{"embeddable":true,"href":"https:\/\/ursus.ee\/en\/wp-json\/wp\/v2\/comments?post=11329"}],"wp:featuredmedia":[{"embeddable":true,"href":"https:\/\/ursus.ee\/en\/wp-json\/wp\/v2\/media\/11330"}],"wp:attachment":[{"href":"https:\/\/ursus.ee\/en\/wp-json\/wp\/v2\/media?parent=11329"}],"wp:term":[{"taxonomy":"product_brand","embeddable":true,"href":"https:\/\/ursus.ee\/en\/wp-json\/wp\/v2\/product_brand?post=11329"},{"taxonomy":"product_cat","embeddable":true,"href":"https:\/\/ursus.ee\/en\/wp-json\/wp\/v2\/product_cat?post=11329"},{"taxonomy":"product_tag","embeddable":true,"href":"https:\/\/ursus.ee\/en\/wp-json\/wp\/v2\/product_tag?post=11329"}],"curies":[{"name":"wp","href":"https:\/\/api.w.org\/{rel}","templated":true}]}}