{"id":11327,"date":"2025-12-16T17:13:57","date_gmt":"2025-12-16T15:13:57","guid":{"rendered":"https:\/\/ursus.ee\/toode\/gold-lift-expert-silmakreem-2\/"},"modified":"2026-03-27T16:21:35","modified_gmt":"2026-03-27T14:21:35","slug":"gold-lift-expert-silmakreem-2","status":"publish","type":"product","link":"https:\/\/ursus.ee\/en\/toode\/gold-lift-expert-silmakreem-2\/","title":{"rendered":"Gold Lift Expert silmakreem"},"content":{"rendered":"<p>Luksusliku 24-karaadise kulla, h\u00fcaluroonhappe ja ArgatenstylTM sisaldusega silmakreem niisutab, toidab, uuendab ning aitab v\u00e4hendada kortsusid silma\u00fcmbruse piirkonnas. Kreem aitab leevendada silmade \u00fcmbruse turseid ja \u00fchtlustab tumenenud nahatooni.<\/p>\n","protected":false},"excerpt":{"rendered":"<p>Luksusliku 24-karaadise kulla, h\u00fcaluroonhappe ja ArgatenstylTM sisaldusega silmakreem niisutab, toidab, uuendab ning aitab v\u00e4hendada kortsusid silma\u00fcmbruse piirkonnas. Kreem aitab leevendada silmade \u00fcmbruse turseid ja \u00fchtlustab tumenenud nahatooni.<\/p>\n","protected":false},"featured_media":11328,"comment_status":"closed","ping_status":"open","template":"","meta":{"_acf_changed":false},"product_brand":[187],"product_cat":[188,200],"product_tag":[],"class_list":{"0":"post-11327","1":"product","2":"type-product","3":"status-publish","4":"has-post-thumbnail","6":"product_brand-eveline-cosmetics","7":"product_cat-naohooldus","8":"product_cat-silmakreemid","9":"pa_kogus-15-ml","10":"pa_paritolumaa-poola","11":"pa_uhik-ml","13":"first","14":"instock","15":"purchasable","16":"product-type-simple"},"acf":[],"_links":{"self":[{"href":"https:\/\/ursus.ee\/en\/wp-json\/wp\/v2\/product\/11327","targetHints":{"allow":["GET"]}}],"collection":[{"href":"https:\/\/ursus.ee\/en\/wp-json\/wp\/v2\/product"}],"about":[{"href":"https:\/\/ursus.ee\/en\/wp-json\/wp\/v2\/types\/product"}],"replies":[{"embeddable":true,"href":"https:\/\/ursus.ee\/en\/wp-json\/wp\/v2\/comments?post=11327"}],"wp:featuredmedia":[{"embeddable":true,"href":"https:\/\/ursus.ee\/en\/wp-json\/wp\/v2\/media\/11328"}],"wp:attachment":[{"href":"https:\/\/ursus.ee\/en\/wp-json\/wp\/v2\/media?parent=11327"}],"wp:term":[{"taxonomy":"product_brand","embeddable":true,"href":"https:\/\/ursus.ee\/en\/wp-json\/wp\/v2\/product_brand?post=11327"},{"taxonomy":"product_cat","embeddable":true,"href":"https:\/\/ursus.ee\/en\/wp-json\/wp\/v2\/product_cat?post=11327"},{"taxonomy":"product_tag","embeddable":true,"href":"https:\/\/ursus.ee\/en\/wp-json\/wp\/v2\/product_tag?post=11327"}],"curies":[{"name":"wp","href":"https:\/\/api.w.org\/{rel}","templated":true}]}}