{"id":11323,"date":"2025-12-16T17:13:57","date_gmt":"2025-12-16T15:13:57","guid":{"rendered":"https:\/\/ursus.ee\/toode\/gold-lift-expert-paeva-ja-ookreem-50-2\/"},"modified":"2026-03-27T16:21:34","modified_gmt":"2026-03-27T14:21:34","slug":"gold-lift-expert-paeva-ja-ookreem-50-2","status":"publish","type":"product","link":"https:\/\/ursus.ee\/en\/toode\/gold-lift-expert-paeva-ja-ookreem-50-2\/","title":{"rendered":"Gold Lift Expert p\u00e4eva- ja \u00f6\u00f6kreem 50+"},"content":{"rendered":"<p>Luksusliku 24-karaadise kulla, MatrixylTM ja PhytoCellTecTM sisaldusega \u00f6\u00f6- ja p\u00e4evakreem on nahka noorendava efektiga. T\u00e4nu 24-kraadise kulla osakestele kreem uuendab nahka, aitab v\u00e4hendada kortsusid ning pinguldab. Kullaosakesed aitavad aeglustada nahas melaniini toomist ning toob esile naturaalse s\u00e4ra. Sisaldab Collasurge LQTM, proretinooli A, argaania-, makadaamia- ja kukui p\u00e4hkli \u00f5li.<\/p>\n","protected":false},"excerpt":{"rendered":"<p>Luksusliku 24-karaadise kulla, MatrixylTM ja PhytoCellTecTM sisaldusega \u00f6\u00f6- ja p\u00e4evakreem on nahka noorendava efektiga. T\u00e4nu 24-kraadise kulla osakestele kreem uuendab nahka, aitab v\u00e4hendada kortsusid ning pinguldab. Kullaosakesed aitavad aeglustada nahas melaniini toomist ning toob esile naturaalse s\u00e4ra. Sisaldab Collasurge LQTM, proretinooli A, argaania-, makadaamia- ja kukui p\u00e4hkli \u00f5li.<\/p>\n","protected":false},"featured_media":11324,"comment_status":"closed","ping_status":"open","template":"","meta":{"_acf_changed":false},"product_brand":[187],"product_cat":[188,198],"product_tag":[],"class_list":{"0":"post-11323","1":"product","2":"type-product","3":"status-publish","4":"has-post-thumbnail","6":"product_brand-eveline-cosmetics","7":"product_cat-naohooldus","8":"product_cat-naokreemid","9":"pa_kogus-50-ml","10":"pa_paritolumaa-poola","11":"pa_uhik-ml","13":"first","14":"instock","15":"purchasable","16":"product-type-simple"},"acf":[],"_links":{"self":[{"href":"https:\/\/ursus.ee\/en\/wp-json\/wp\/v2\/product\/11323","targetHints":{"allow":["GET"]}}],"collection":[{"href":"https:\/\/ursus.ee\/en\/wp-json\/wp\/v2\/product"}],"about":[{"href":"https:\/\/ursus.ee\/en\/wp-json\/wp\/v2\/types\/product"}],"replies":[{"embeddable":true,"href":"https:\/\/ursus.ee\/en\/wp-json\/wp\/v2\/comments?post=11323"}],"wp:featuredmedia":[{"embeddable":true,"href":"https:\/\/ursus.ee\/en\/wp-json\/wp\/v2\/media\/11324"}],"wp:attachment":[{"href":"https:\/\/ursus.ee\/en\/wp-json\/wp\/v2\/media?parent=11323"}],"wp:term":[{"taxonomy":"product_brand","embeddable":true,"href":"https:\/\/ursus.ee\/en\/wp-json\/wp\/v2\/product_brand?post=11323"},{"taxonomy":"product_cat","embeddable":true,"href":"https:\/\/ursus.ee\/en\/wp-json\/wp\/v2\/product_cat?post=11323"},{"taxonomy":"product_tag","embeddable":true,"href":"https:\/\/ursus.ee\/en\/wp-json\/wp\/v2\/product_tag?post=11323"}],"curies":[{"name":"wp","href":"https:\/\/api.w.org\/{rel}","templated":true}]}}