{"id":11321,"date":"2025-12-16T17:13:57","date_gmt":"2025-12-16T15:13:57","guid":{"rendered":"https:\/\/ursus.ee\/toode\/gold-lift-expert-paeva-ja-ookreem-40-2\/"},"modified":"2026-03-27T16:21:34","modified_gmt":"2026-03-27T14:21:34","slug":"gold-lift-expert-paeva-ja-ookreem-40-2","status":"publish","type":"product","link":"https:\/\/ursus.ee\/en\/toode\/gold-lift-expert-paeva-ja-ookreem-40-2\/","title":{"rendered":"Gold Lift Expert p\u00e4eva- ja \u00f6\u00f6kreem 40+"},"content":{"rendered":"<p>Luksusliku koostisega kreemseerum on v\u00e4lja t\u00f6\u00f6tatud spetsiaalselt 40+ elutu, kuiva ja tundliku naha hoolduseks. Puhta 24-karaadise kulla osakesed, Kombuchka\u2122 ja h\u00fcaluroonhape v\u00e4hendavad ja pinguldavad kortse, toidavad, niisutavad ja taastavad nahka, kaitsevad v\u00e4lise kahjuliku m\u00f5ju eest ja annavad nahale noorema v\u00e4limuse ja tervisliku s\u00e4ra. Kreem sisaldab aktiivsete koostisosadena aasia vesinaba ja merevetika ekstrakti, makadaamia-, mandli- ja inca inchi \u00f5li.<\/p>\n","protected":false},"excerpt":{"rendered":"<p>Luksusliku koostisega kreemseerum on v\u00e4lja t\u00f6\u00f6tatud spetsiaalselt 40+ elutu, kuiva ja tundliku naha hoolduseks. Puhta 24-karaadise kulla osakesed, Kombuchka\u2122 ja h\u00fcaluroonhape v\u00e4hendavad ja pinguldavad kortse, toidavad, niisutavad ja taastavad nahka, kaitsevad v\u00e4lise kahjuliku m\u00f5ju eest ja annavad nahale noorema v\u00e4limuse ja tervisliku s\u00e4ra. Kreem sisaldab aktiivsete koostisosadena aasia vesinaba ja merevetika ekstrakti, makadaamia-, mandli- ja<\/p>\n","protected":false},"featured_media":11322,"comment_status":"closed","ping_status":"open","template":"","meta":{"_acf_changed":false},"product_brand":[187],"product_cat":[188,198],"product_tag":[],"class_list":{"0":"post-11321","1":"product","2":"type-product","3":"status-publish","4":"has-post-thumbnail","6":"product_brand-eveline-cosmetics","7":"product_cat-naohooldus","8":"product_cat-naokreemid","9":"pa_kogus-50-ml","10":"pa_paritolumaa-poola","11":"pa_uhik-ml","13":"first","14":"instock","15":"purchasable","16":"product-type-simple"},"acf":[],"_links":{"self":[{"href":"https:\/\/ursus.ee\/en\/wp-json\/wp\/v2\/product\/11321","targetHints":{"allow":["GET"]}}],"collection":[{"href":"https:\/\/ursus.ee\/en\/wp-json\/wp\/v2\/product"}],"about":[{"href":"https:\/\/ursus.ee\/en\/wp-json\/wp\/v2\/types\/product"}],"replies":[{"embeddable":true,"href":"https:\/\/ursus.ee\/en\/wp-json\/wp\/v2\/comments?post=11321"}],"wp:featuredmedia":[{"embeddable":true,"href":"https:\/\/ursus.ee\/en\/wp-json\/wp\/v2\/media\/11322"}],"wp:attachment":[{"href":"https:\/\/ursus.ee\/en\/wp-json\/wp\/v2\/media?parent=11321"}],"wp:term":[{"taxonomy":"product_brand","embeddable":true,"href":"https:\/\/ursus.ee\/en\/wp-json\/wp\/v2\/product_brand?post=11321"},{"taxonomy":"product_cat","embeddable":true,"href":"https:\/\/ursus.ee\/en\/wp-json\/wp\/v2\/product_cat?post=11321"},{"taxonomy":"product_tag","embeddable":true,"href":"https:\/\/ursus.ee\/en\/wp-json\/wp\/v2\/product_tag?post=11321"}],"curies":[{"name":"wp","href":"https:\/\/api.w.org\/{rel}","templated":true}]}}