{"id":11319,"date":"2025-12-16T17:13:57","date_gmt":"2025-12-16T15:13:57","guid":{"rendered":"https:\/\/ursus.ee\/toode\/face-therapy-professional-ampullmask-naole-mezoneedles-7ml-2\/"},"modified":"2026-03-27T16:21:34","modified_gmt":"2026-03-27T14:21:34","slug":"face-therapy-professional-ampullmask-naole-mezoneedles-7ml-2","status":"publish","type":"product","link":"https:\/\/ursus.ee\/en\/toode\/face-therapy-professional-ampullmask-naole-mezoneedles-7ml-2\/","title":{"rendered":"Face Therapy Professional ampullmask n\u00e4ole Mezoneedles 7ml"},"content":{"rendered":"<p>Professionaalne taastav n\u00e4omask, mis kasutab Spongilla mikron\u00f5elu naha uuendamise ja elastsuse parandamiseks. Mask ergutab rakkude uuenemist, silub tekstuuri ja pinguldab nahka, pakkudes sarnast toimet nagu mikron\u00f5elteraapia \u2013 kuid \u00f5rnalt ja koduseks kasutamiseks. Vitamiinid A, C, E ja B3 \u00fchtlustavad jumet, tugevdavad kaitsebarj\u00e4\u00e4ri ja v\u00e4hendavad kortse. Jojoba- ja makadaamia\u00f5li toidavad ning niisutavad s\u00fcgavuti, taastades naha pehmuse ja s\u00e4ra.<br \/>\nTulemus: siledam, elastsem ja nooruslikum nahk juba p\u00e4rast esimest kasutuskorda. Sobib k\u00fcpsele, v\u00e4sinud v\u00f5i elastsust kaotanud nahale.<\/p>\n","protected":false},"excerpt":{"rendered":"<p>Professionaalne taastav n\u00e4omask, mis kasutab Spongilla mikron\u00f5elu naha uuendamise ja elastsuse parandamiseks. Mask ergutab rakkude uuenemist, silub tekstuuri ja pinguldab nahka, pakkudes sarnast toimet nagu mikron\u00f5elteraapia \u2013 kuid \u00f5rnalt ja koduseks kasutamiseks. Vitamiinid A, C, E ja B3 \u00fchtlustavad jumet, tugevdavad kaitsebarj\u00e4\u00e4ri ja v\u00e4hendavad kortse. Jojoba- ja makadaamia\u00f5li toidavad ning niisutavad s\u00fcgavuti, taastades naha pehmuse<\/p>\n","protected":false},"featured_media":11320,"comment_status":"closed","ping_status":"open","template":"","meta":{"_acf_changed":false},"product_brand":[187],"product_cat":[188,192],"product_tag":[],"class_list":{"0":"post-11319","1":"product","2":"type-product","3":"status-publish","4":"has-post-thumbnail","6":"product_brand-eveline-cosmetics","7":"product_cat-naohooldus","8":"product_cat-naomaskid","9":"pa_kogus-7-ml","10":"pa_paritolumaa-poola","11":"pa_uhik-ml","13":"first","14":"instock","15":"purchasable","16":"product-type-simple"},"acf":[],"_links":{"self":[{"href":"https:\/\/ursus.ee\/en\/wp-json\/wp\/v2\/product\/11319","targetHints":{"allow":["GET"]}}],"collection":[{"href":"https:\/\/ursus.ee\/en\/wp-json\/wp\/v2\/product"}],"about":[{"href":"https:\/\/ursus.ee\/en\/wp-json\/wp\/v2\/types\/product"}],"replies":[{"embeddable":true,"href":"https:\/\/ursus.ee\/en\/wp-json\/wp\/v2\/comments?post=11319"}],"wp:featuredmedia":[{"embeddable":true,"href":"https:\/\/ursus.ee\/en\/wp-json\/wp\/v2\/media\/11320"}],"wp:attachment":[{"href":"https:\/\/ursus.ee\/en\/wp-json\/wp\/v2\/media?parent=11319"}],"wp:term":[{"taxonomy":"product_brand","embeddable":true,"href":"https:\/\/ursus.ee\/en\/wp-json\/wp\/v2\/product_brand?post=11319"},{"taxonomy":"product_cat","embeddable":true,"href":"https:\/\/ursus.ee\/en\/wp-json\/wp\/v2\/product_cat?post=11319"},{"taxonomy":"product_tag","embeddable":true,"href":"https:\/\/ursus.ee\/en\/wp-json\/wp\/v2\/product_tag?post=11319"}],"curies":[{"name":"wp","href":"https:\/\/api.w.org\/{rel}","templated":true}]}}