{"id":11317,"date":"2025-12-16T17:13:57","date_gmt":"2025-12-16T15:13:57","guid":{"rendered":"https:\/\/ursus.ee\/toode\/face-therapy-professional-kooriv-ampullmask-naole-microscrub-8ml-2\/"},"modified":"2026-04-04T12:06:47","modified_gmt":"2026-04-04T09:06:47","slug":"face-therapy-professional-kooriv-ampullmask-naole-microscrub-8ml-2","status":"publish","type":"product","link":"https:\/\/ursus.ee\/en\/toode\/face-therapy-professional-kooriv-ampullmask-naole-microscrub-8ml-2\/","title":{"rendered":"Face Therapy Professional kooriv ampullmask n\u00e4ole Microscrub 8ml"},"content":{"rendered":"<p>Kreemjas peene teralisusega koorimismask, mis puhastab ja v\u00e4rskendab nahka juba m\u00f5ne hetkega. Eemaldab \u00f5rnalt surnud naharakud, avab poorid ja \u00fchtlustab jumet, j\u00e4ttes naha siledaks, pehmeks ja s\u00e4ravaks.<br \/>\nRiisi- ja kreeka p\u00e4hkliosakesed puhastavad t\u00f5husalt, probiootikumid ja jakoni mahl toetavad naha loomulikku mikrofloorat ning C-vitamiin toob esile v\u00e4rske jume. Oliivi\u00f5li ja allantoiin niisutavad ja rahustavad, hoides naha tasakaalus.<br \/>\nIdeaalne kombineeritud, rasusele v\u00f5i tuhmile nahale, mis vajab s\u00fcgavpuhastust ja uut s\u00e4ra.<\/p>\n","protected":false},"excerpt":{"rendered":"<p>Kreemjas peene teralisusega koorimismask, mis puhastab ja v\u00e4rskendab nahka juba m\u00f5ne hetkega. Eemaldab \u00f5rnalt surnud naharakud, avab poorid ja \u00fchtlustab jumet, j\u00e4ttes naha siledaks, pehmeks ja s\u00e4ravaks. Riisi- ja kreeka p\u00e4hkliosakesed puhastavad t\u00f5husalt, probiootikumid ja jakoni mahl toetavad naha loomulikku mikrofloorat ning C-vitamiin toob esile v\u00e4rske jume. Oliivi\u00f5li ja allantoiin niisutavad ja rahustavad, hoides naha<\/p>\n","protected":false},"featured_media":11318,"comment_status":"closed","ping_status":"open","template":"","meta":{"_acf_changed":false},"product_brand":[187],"product_cat":[188,192],"product_tag":[],"class_list":{"0":"post-11317","1":"product","2":"type-product","3":"status-publish","4":"has-post-thumbnail","6":"product_brand-eveline-cosmetics","7":"product_cat-naohooldus","8":"product_cat-naomaskid","9":"pa_kogus-8-ml","10":"pa_paritolumaa-poola","11":"pa_uhik-ml","13":"first","14":"instock","15":"purchasable","16":"product-type-simple"},"acf":[],"_links":{"self":[{"href":"https:\/\/ursus.ee\/en\/wp-json\/wp\/v2\/product\/11317","targetHints":{"allow":["GET"]}}],"collection":[{"href":"https:\/\/ursus.ee\/en\/wp-json\/wp\/v2\/product"}],"about":[{"href":"https:\/\/ursus.ee\/en\/wp-json\/wp\/v2\/types\/product"}],"replies":[{"embeddable":true,"href":"https:\/\/ursus.ee\/en\/wp-json\/wp\/v2\/comments?post=11317"}],"wp:featuredmedia":[{"embeddable":true,"href":"https:\/\/ursus.ee\/en\/wp-json\/wp\/v2\/media\/11318"}],"wp:attachment":[{"href":"https:\/\/ursus.ee\/en\/wp-json\/wp\/v2\/media?parent=11317"}],"wp:term":[{"taxonomy":"product_brand","embeddable":true,"href":"https:\/\/ursus.ee\/en\/wp-json\/wp\/v2\/product_brand?post=11317"},{"taxonomy":"product_cat","embeddable":true,"href":"https:\/\/ursus.ee\/en\/wp-json\/wp\/v2\/product_cat?post=11317"},{"taxonomy":"product_tag","embeddable":true,"href":"https:\/\/ursus.ee\/en\/wp-json\/wp\/v2\/product_tag?post=11317"}],"curies":[{"name":"wp","href":"https:\/\/api.w.org\/{rel}","templated":true}]}}