{"id":11313,"date":"2025-12-16T17:13:57","date_gmt":"2025-12-16T15:13:57","guid":{"rendered":"https:\/\/ursus.ee\/toode\/face-therapy-professional-ampullmask-naole-keramiid-8ml-2\/"},"modified":"2026-03-27T16:21:34","modified_gmt":"2026-03-27T14:21:34","slug":"face-therapy-professional-ampullmask-naole-keramiid-8ml-2","status":"publish","type":"product","link":"https:\/\/ursus.ee\/en\/toode\/face-therapy-professional-ampullmask-naole-keramiid-8ml-2\/","title":{"rendered":"Face Therapy Professional ampullmask n\u00e4ole keramiid 8ml"},"content":{"rendered":"<p>Keramiididega kreemjas n\u00e4omask on sobilik v\u00e4ga kuiva, \u00e4rritunud ja kahjustatud h\u00fcdrolipiidkihiga naha hooldamiseks. Aktiivsete koostisosade toimel kohene m\u00f5ju: pikaajaline niisutatus, leevendus naha kiskumisele ja kuivusest tulenevale ebamugavustundele.<\/p>\n","protected":false},"excerpt":{"rendered":"<p>Keramiididega kreemjas n\u00e4omask on sobilik v\u00e4ga kuiva, \u00e4rritunud ja kahjustatud h\u00fcdrolipiidkihiga naha hooldamiseks. Aktiivsete koostisosade toimel kohene m\u00f5ju: pikaajaline niisutatus, leevendus naha kiskumisele ja kuivusest tulenevale ebamugavustundele.<\/p>\n","protected":false},"featured_media":11314,"comment_status":"closed","ping_status":"open","template":"","meta":{"_acf_changed":false},"product_brand":[187],"product_cat":[188,192],"product_tag":[],"class_list":{"0":"post-11313","1":"product","2":"type-product","3":"status-publish","4":"has-post-thumbnail","6":"product_brand-eveline-cosmetics","7":"product_cat-naohooldus","8":"product_cat-naomaskid","9":"pa_kogus-8-ml","10":"pa_koostis-aqua-water-cetearyl-alcohol-glycerin-butyrospermum-parkii-butter-glyceryl-stearates-isostearyl-isostearate-helianthus-annuus-seed-oil-glyceryl-stearate-citrate-simmondsia-chinensis-seed-oil","11":"pa_paritolumaa-poola","12":"pa_uhik-ml","14":"first","15":"instock","16":"purchasable","17":"product-type-simple"},"acf":[],"_links":{"self":[{"href":"https:\/\/ursus.ee\/en\/wp-json\/wp\/v2\/product\/11313","targetHints":{"allow":["GET"]}}],"collection":[{"href":"https:\/\/ursus.ee\/en\/wp-json\/wp\/v2\/product"}],"about":[{"href":"https:\/\/ursus.ee\/en\/wp-json\/wp\/v2\/types\/product"}],"replies":[{"embeddable":true,"href":"https:\/\/ursus.ee\/en\/wp-json\/wp\/v2\/comments?post=11313"}],"wp:featuredmedia":[{"embeddable":true,"href":"https:\/\/ursus.ee\/en\/wp-json\/wp\/v2\/media\/11314"}],"wp:attachment":[{"href":"https:\/\/ursus.ee\/en\/wp-json\/wp\/v2\/media?parent=11313"}],"wp:term":[{"taxonomy":"product_brand","embeddable":true,"href":"https:\/\/ursus.ee\/en\/wp-json\/wp\/v2\/product_brand?post=11313"},{"taxonomy":"product_cat","embeddable":true,"href":"https:\/\/ursus.ee\/en\/wp-json\/wp\/v2\/product_cat?post=11313"},{"taxonomy":"product_tag","embeddable":true,"href":"https:\/\/ursus.ee\/en\/wp-json\/wp\/v2\/product_tag?post=11313"}],"curies":[{"name":"wp","href":"https:\/\/api.w.org\/{rel}","templated":true}]}}