{"id":11311,"date":"2025-12-16T17:13:57","date_gmt":"2025-12-16T15:13:57","guid":{"rendered":"https:\/\/ursus.ee\/toode\/face-therapy-professional-ampullmask-naole-c-vitamiin-8ml-2\/"},"modified":"2026-03-27T16:21:34","modified_gmt":"2026-03-27T14:21:34","slug":"face-therapy-professional-ampullmask-naole-c-vitamiin-8ml-2","status":"publish","type":"product","link":"https:\/\/ursus.ee\/en\/toode\/face-therapy-professional-ampullmask-naole-c-vitamiin-8ml-2\/","title":{"rendered":"Face Therapy Professional ampullmask n\u00e4ole C-vitamiin 8ml"},"content":{"rendered":"<p>C-vitamiiniga geel-kreemjas n\u00e4omask on sobilik elutu, v\u00e4sinud ja eba\u00fchtlase tooniga naha hoolduseks. Aktiivsete koostisosade toimel kohene m\u00f5ju: \u00fchtlustab nahatooni, niisutab ja annab eluj\u00f5ulise s\u00e4ra. Aitab kaitsta v\u00e4liste tegurite kahjuliku m\u00f5ju eest, ennetab enneaegset vananemist, niisutab ja v\u00e4rskendab.<\/p>\n","protected":false},"excerpt":{"rendered":"<p>C-vitamiiniga geel-kreemjas n\u00e4omask on sobilik elutu, v\u00e4sinud ja eba\u00fchtlase tooniga naha hoolduseks. Aktiivsete koostisosade toimel kohene m\u00f5ju: \u00fchtlustab nahatooni, niisutab ja annab eluj\u00f5ulise s\u00e4ra. Aitab kaitsta v\u00e4liste tegurite kahjuliku m\u00f5ju eest, ennetab enneaegset vananemist, niisutab ja v\u00e4rskendab.<\/p>\n","protected":false},"featured_media":11312,"comment_status":"closed","ping_status":"open","template":"","meta":{"_acf_changed":false},"product_brand":[187],"product_cat":[188,192],"product_tag":[],"class_list":{"0":"post-11311","1":"product","2":"type-product","3":"status-publish","4":"has-post-thumbnail","6":"product_brand-eveline-cosmetics","7":"product_cat-naohooldus","8":"product_cat-naomaskid","9":"pa_kogus-8-ml","10":"pa_koostis-aqua-vesi-glutseriin-peg-40-hudrogeenitud-kastooroli-poluakrulaadi-ristpolumeer-6-askorbiinhape-askorbuulglukosiid-betaiin-feruulhape-inuliin-tsellulooskummi-tselluloos-fruktoos","11":"pa_paritolumaa-poola","12":"pa_uhik-ml","14":"first","15":"instock","16":"purchasable","17":"product-type-simple"},"acf":[],"_links":{"self":[{"href":"https:\/\/ursus.ee\/en\/wp-json\/wp\/v2\/product\/11311","targetHints":{"allow":["GET"]}}],"collection":[{"href":"https:\/\/ursus.ee\/en\/wp-json\/wp\/v2\/product"}],"about":[{"href":"https:\/\/ursus.ee\/en\/wp-json\/wp\/v2\/types\/product"}],"replies":[{"embeddable":true,"href":"https:\/\/ursus.ee\/en\/wp-json\/wp\/v2\/comments?post=11311"}],"wp:featuredmedia":[{"embeddable":true,"href":"https:\/\/ursus.ee\/en\/wp-json\/wp\/v2\/media\/11312"}],"wp:attachment":[{"href":"https:\/\/ursus.ee\/en\/wp-json\/wp\/v2\/media?parent=11311"}],"wp:term":[{"taxonomy":"product_brand","embeddable":true,"href":"https:\/\/ursus.ee\/en\/wp-json\/wp\/v2\/product_brand?post=11311"},{"taxonomy":"product_cat","embeddable":true,"href":"https:\/\/ursus.ee\/en\/wp-json\/wp\/v2\/product_cat?post=11311"},{"taxonomy":"product_tag","embeddable":true,"href":"https:\/\/ursus.ee\/en\/wp-json\/wp\/v2\/product_tag?post=11311"}],"curies":[{"name":"wp","href":"https:\/\/api.w.org\/{rel}","templated":true}]}}