{"id":11307,"date":"2025-12-16T17:13:57","date_gmt":"2025-12-16T15:13:57","guid":{"rendered":"https:\/\/ursus.ee\/toode\/face-therapy-professional-ampullmask-naole-retinool-8ml-2\/"},"modified":"2026-03-27T16:21:34","modified_gmt":"2026-03-27T14:21:34","slug":"face-therapy-professional-ampullmask-naole-retinool-8ml-2","status":"publish","type":"product","link":"https:\/\/ursus.ee\/en\/toode\/face-therapy-professional-ampullmask-naole-retinool-8ml-2\/","title":{"rendered":"Face Therapy Professional ampullmask n\u00e4ole retinool 8ml"},"content":{"rendered":"<p>Retinooliga kreemjas n\u00e4omask on sobilik esimeste vananemisilmingutega naha hoolduseks. Aktiivsete koostisosade toimel kohene m\u00f5ju: pinguldab ja parandab naha v\u00e4limust, \u00fchtlustab v\u00e4rvitooni ja soodustab naha uuendamist.<\/p>\n","protected":false},"excerpt":{"rendered":"<p>Retinooliga kreemjas n\u00e4omask on sobilik esimeste vananemisilmingutega naha hoolduseks. Aktiivsete koostisosade toimel kohene m\u00f5ju: pinguldab ja parandab naha v\u00e4limust, \u00fchtlustab v\u00e4rvitooni ja soodustab naha uuendamist.<\/p>\n","protected":false},"featured_media":11308,"comment_status":"closed","ping_status":"open","template":"","meta":{"_acf_changed":false},"product_brand":[187],"product_cat":[188,192],"product_tag":[],"class_list":{"0":"post-11307","1":"product","2":"type-product","3":"status-publish","4":"has-post-thumbnail","6":"product_brand-eveline-cosmetics","7":"product_cat-naohooldus","8":"product_cat-naomaskid","9":"pa_kogus-8-ml","10":"pa_paritolumaa-poola","11":"pa_uhik-ml","13":"first","14":"instock","15":"purchasable","16":"product-type-simple"},"acf":[],"_links":{"self":[{"href":"https:\/\/ursus.ee\/en\/wp-json\/wp\/v2\/product\/11307","targetHints":{"allow":["GET"]}}],"collection":[{"href":"https:\/\/ursus.ee\/en\/wp-json\/wp\/v2\/product"}],"about":[{"href":"https:\/\/ursus.ee\/en\/wp-json\/wp\/v2\/types\/product"}],"replies":[{"embeddable":true,"href":"https:\/\/ursus.ee\/en\/wp-json\/wp\/v2\/comments?post=11307"}],"wp:featuredmedia":[{"embeddable":true,"href":"https:\/\/ursus.ee\/en\/wp-json\/wp\/v2\/media\/11308"}],"wp:attachment":[{"href":"https:\/\/ursus.ee\/en\/wp-json\/wp\/v2\/media?parent=11307"}],"wp:term":[{"taxonomy":"product_brand","embeddable":true,"href":"https:\/\/ursus.ee\/en\/wp-json\/wp\/v2\/product_brand?post=11307"},{"taxonomy":"product_cat","embeddable":true,"href":"https:\/\/ursus.ee\/en\/wp-json\/wp\/v2\/product_cat?post=11307"},{"taxonomy":"product_tag","embeddable":true,"href":"https:\/\/ursus.ee\/en\/wp-json\/wp\/v2\/product_tag?post=11307"}],"curies":[{"name":"wp","href":"https:\/\/api.w.org\/{rel}","templated":true}]}}