{"id":11305,"date":"2025-12-16T17:13:57","date_gmt":"2025-12-16T15:13:57","guid":{"rendered":"https:\/\/ursus.ee\/toode\/face-therapy-professional-ampullmask-naole-kollageen-8ml-2\/"},"modified":"2026-04-04T12:06:47","modified_gmt":"2026-04-04T09:06:47","slug":"face-therapy-professional-ampullmask-naole-kollageen-8ml-2","status":"publish","type":"product","link":"https:\/\/ursus.ee\/en\/toode\/face-therapy-professional-ampullmask-naole-kollageen-8ml-2\/","title":{"rendered":"Face Therapy Professional ampullmask n\u00e4ole kollageen 8ml"},"content":{"rendered":"<p>Kollageeniga kreemjas n\u00e4omask on sobilik k\u00fcpse ja v\u00e4sinud naha s\u00fcgavuti niisutamiseks ja toitmiseks. Aktiivsete koostisosade toimel kohene m\u00f5ju: miimikajoonte ja kortsude v\u00e4henemine, pinguldamine ja naha noorendamine.<\/p>\n","protected":false},"excerpt":{"rendered":"<p>Kollageeniga kreemjas n\u00e4omask on sobilik k\u00fcpse ja v\u00e4sinud naha s\u00fcgavuti niisutamiseks ja toitmiseks. Aktiivsete koostisosade toimel kohene m\u00f5ju: miimikajoonte ja kortsude v\u00e4henemine, pinguldamine ja naha noorendamine.<\/p>\n","protected":false},"featured_media":11306,"comment_status":"closed","ping_status":"open","template":"","meta":{"_acf_changed":false},"product_brand":[187],"product_cat":[188,192],"product_tag":[],"class_list":{"0":"post-11305","1":"product","2":"type-product","3":"status-publish","4":"has-post-thumbnail","6":"product_brand-eveline-cosmetics","7":"product_cat-naohooldus","8":"product_cat-naomaskid","9":"pa_kogus-8-ml","10":"pa_koostis-aqua-vesi-tsetearuulalkohol-glutseriin-buturospermum-parkii-voi-glutseruulstearaadid-isostearuulisostearaat-glutsiin-sojaoli-glutseruulstearaattsitraat-kollageen-simmondsia","11":"pa_paritolumaa-poola","12":"pa_uhik-ml","14":"first","15":"instock","16":"purchasable","17":"product-type-simple"},"acf":[],"_links":{"self":[{"href":"https:\/\/ursus.ee\/en\/wp-json\/wp\/v2\/product\/11305","targetHints":{"allow":["GET"]}}],"collection":[{"href":"https:\/\/ursus.ee\/en\/wp-json\/wp\/v2\/product"}],"about":[{"href":"https:\/\/ursus.ee\/en\/wp-json\/wp\/v2\/types\/product"}],"replies":[{"embeddable":true,"href":"https:\/\/ursus.ee\/en\/wp-json\/wp\/v2\/comments?post=11305"}],"wp:featuredmedia":[{"embeddable":true,"href":"https:\/\/ursus.ee\/en\/wp-json\/wp\/v2\/media\/11306"}],"wp:attachment":[{"href":"https:\/\/ursus.ee\/en\/wp-json\/wp\/v2\/media?parent=11305"}],"wp:term":[{"taxonomy":"product_brand","embeddable":true,"href":"https:\/\/ursus.ee\/en\/wp-json\/wp\/v2\/product_brand?post=11305"},{"taxonomy":"product_cat","embeddable":true,"href":"https:\/\/ursus.ee\/en\/wp-json\/wp\/v2\/product_cat?post=11305"},{"taxonomy":"product_tag","embeddable":true,"href":"https:\/\/ursus.ee\/en\/wp-json\/wp\/v2\/product_tag?post=11305"}],"curies":[{"name":"wp","href":"https:\/\/api.w.org\/{rel}","templated":true}]}}