{"id":11302,"date":"2025-12-16T17:13:57","date_gmt":"2025-12-16T15:13:57","guid":{"rendered":"https:\/\/ursus.ee\/toode\/facemed-mitsellaarvesi-hualuroonhappega-3in1-2\/"},"modified":"2026-03-27T16:21:34","modified_gmt":"2026-03-27T14:21:34","slug":"facemed-mitsellaarvesi-hualuroonhappega-3in1-2","status":"publish","type":"product","link":"https:\/\/ursus.ee\/en\/toode\/facemed-mitsellaarvesi-hualuroonhappega-3in1-2\/","title":{"rendered":"Facemed mitsellaarvesi h\u00fcaluroonhappega 3in1"},"content":{"rendered":"<p>Facemed+ mitsellaarvesi h\u00fcaluroonhappega tundlikule nahale. Sobib igap\u00e4evaseks kasutamiseks kuivale, tundlikule ja \u00e4rritunud nahale. Eemaldab jumestuse (ka veekindla) ning puhastab s\u00fcgavuti. Mitsellaarvesi puhastab naha s\u00fcgavuti ja efektiivselt, eemaldab ka veekindla jumestuse. Sobib igap\u00e4evaseks kasutamiseks kuivale, tundlikule ja \u00e4rritunud nahale.<\/p>\n","protected":false},"excerpt":{"rendered":"<p>Facemed+ mitsellaarvesi h\u00fcaluroonhappega tundlikule nahale. Sobib igap\u00e4evaseks kasutamiseks kuivale, tundlikule ja \u00e4rritunud nahale. Eemaldab jumestuse (ka veekindla) ning puhastab s\u00fcgavuti. Mitsellaarvesi puhastab naha s\u00fcgavuti ja efektiivselt, eemaldab ka veekindla jumestuse. Sobib igap\u00e4evaseks kasutamiseks kuivale, tundlikule ja \u00e4rritunud nahale.<\/p>\n","protected":false},"featured_media":11303,"comment_status":"closed","ping_status":"open","template":"","meta":{"_acf_changed":false},"product_brand":[187],"product_cat":[188,189],"product_tag":[],"class_list":{"0":"post-11302","1":"product","2":"type-product","3":"status-publish","4":"has-post-thumbnail","6":"product_brand-eveline-cosmetics","7":"product_cat-naohooldus","8":"product_cat-naopuhastus","9":"pa_kogus-400-ml","10":"pa_paritolumaa-poola","11":"pa_uhik-ml","13":"first","14":"instock","15":"purchasable","16":"product-type-simple"},"acf":[],"_links":{"self":[{"href":"https:\/\/ursus.ee\/en\/wp-json\/wp\/v2\/product\/11302","targetHints":{"allow":["GET"]}}],"collection":[{"href":"https:\/\/ursus.ee\/en\/wp-json\/wp\/v2\/product"}],"about":[{"href":"https:\/\/ursus.ee\/en\/wp-json\/wp\/v2\/types\/product"}],"replies":[{"embeddable":true,"href":"https:\/\/ursus.ee\/en\/wp-json\/wp\/v2\/comments?post=11302"}],"wp:featuredmedia":[{"embeddable":true,"href":"https:\/\/ursus.ee\/en\/wp-json\/wp\/v2\/media\/11303"}],"wp:attachment":[{"href":"https:\/\/ursus.ee\/en\/wp-json\/wp\/v2\/media?parent=11302"}],"wp:term":[{"taxonomy":"product_brand","embeddable":true,"href":"https:\/\/ursus.ee\/en\/wp-json\/wp\/v2\/product_brand?post=11302"},{"taxonomy":"product_cat","embeddable":true,"href":"https:\/\/ursus.ee\/en\/wp-json\/wp\/v2\/product_cat?post=11302"},{"taxonomy":"product_tag","embeddable":true,"href":"https:\/\/ursus.ee\/en\/wp-json\/wp\/v2\/product_tag?post=11302"}],"curies":[{"name":"wp","href":"https:\/\/api.w.org\/{rel}","templated":true}]}}