{"id":11297,"date":"2025-12-16T17:13:57","date_gmt":"2025-12-16T15:13:57","guid":{"rendered":"https:\/\/ursus.ee\/toode\/noudepesumasina-puhastuspulber-2\/"},"modified":"2026-03-27T15:31:41","modified_gmt":"2026-03-27T13:31:41","slug":"noudepesumasina-puhastuspulber-2","status":"publish","type":"product","link":"https:\/\/ursus.ee\/en\/toode\/noudepesumasina-puhastuspulber-2\/","title":{"rendered":"N\u00f5udepesumasina puhastuspulber"},"content":{"rendered":"<p>Eemaldab ebameeldiva l\u00f5hna ja toiduj\u00e4\u00e4gid. V\u00e4rske laimil\u00f5hnaga. Iga pesuts\u00fckli ajal v\u00f5ib n\u00f5udepesumasina s\u00fcvenditesse ja varjatud kohtadesse j\u00e4\u00e4da mustust ja pesuainej\u00e4\u00e4ke. Aja jooksul v\u00f5ivad need j\u00e4\u00e4gid p\u00f5hjustada ebameeldivat l\u00f5hna ja seadme rikkeid. N\u00f5udepesumasina niiske sisemus v\u00f5ib soodustada mikroorganismide arenemist. Dr. Beckmanni n\u00f5udepesumasina puhastusaine Dishwasher Hygiene Cleaner kaitseb masinat selle eest. Kummitihendeid ja servasid saab puhastada pakendis kaasas oleva spetsiaalse puhastuslapiga. Pulber puhastab n\u00f5udepesumasina h\u00fcgieeniliselt, j\u00f5udes t\u00f5husalt ka raskesti ligip\u00e4\u00e4setavate osadeni nagu filter, t\u00fchjenduspump, veepump ja pihustiv\u00f5ll ning eemaldab ebameeldivad l\u00f5hnad.<\/p>\n","protected":false},"excerpt":{"rendered":"<p>Eemaldab ebameeldiva l\u00f5hna ja toiduj\u00e4\u00e4gid. V\u00e4rske laimil\u00f5hnaga. Iga pesuts\u00fckli ajal v\u00f5ib n\u00f5udepesumasina s\u00fcvenditesse ja varjatud kohtadesse j\u00e4\u00e4da mustust ja pesuainej\u00e4\u00e4ke. Aja jooksul v\u00f5ivad need j\u00e4\u00e4gid p\u00f5hjustada ebameeldivat l\u00f5hna ja seadme rikkeid. N\u00f5udepesumasina niiske sisemus v\u00f5ib soodustada mikroorganismide arenemist. Dr. Beckmanni n\u00f5udepesumasina puhastusaine Dishwasher Hygiene Cleaner kaitseb masinat selle eest. Kummitihendeid ja servasid saab puhastada pakendis<\/p>\n","protected":false},"featured_media":11298,"comment_status":"closed","ping_status":"closed","template":"","meta":{"_acf_changed":false},"product_brand":[110],"product_cat":[116,111],"product_tag":[],"class_list":{"0":"post-11297","1":"product","2":"type-product","3":"status-publish","4":"has-post-thumbnail","6":"product_brand-dr-beckmann","7":"product_cat-puhastusvahendid","8":"product_cat-kodukeemia","9":"pa_kogus-75-g","10":"pa_koostis-puhastuspulber-15-30-hapniku-baasil-pleegitusained-5-fosfaadid-desinfektsioonivahendid-lohnaained-puhastuslapp-5-mitteioonseid-pindaktiivseid-aineid-fenoksuetanool-lohnaained","11":"pa_paritolumaa-inglismaa","12":"pa_uhik-g","14":"first","15":"instock","16":"purchasable","17":"product-type-simple"},"acf":[],"_links":{"self":[{"href":"https:\/\/ursus.ee\/en\/wp-json\/wp\/v2\/product\/11297","targetHints":{"allow":["GET"]}}],"collection":[{"href":"https:\/\/ursus.ee\/en\/wp-json\/wp\/v2\/product"}],"about":[{"href":"https:\/\/ursus.ee\/en\/wp-json\/wp\/v2\/types\/product"}],"replies":[{"embeddable":true,"href":"https:\/\/ursus.ee\/en\/wp-json\/wp\/v2\/comments?post=11297"}],"wp:featuredmedia":[{"embeddable":true,"href":"https:\/\/ursus.ee\/en\/wp-json\/wp\/v2\/media\/11298"}],"wp:attachment":[{"href":"https:\/\/ursus.ee\/en\/wp-json\/wp\/v2\/media?parent=11297"}],"wp:term":[{"taxonomy":"product_brand","embeddable":true,"href":"https:\/\/ursus.ee\/en\/wp-json\/wp\/v2\/product_brand?post=11297"},{"taxonomy":"product_cat","embeddable":true,"href":"https:\/\/ursus.ee\/en\/wp-json\/wp\/v2\/product_cat?post=11297"},{"taxonomy":"product_tag","embeddable":true,"href":"https:\/\/ursus.ee\/en\/wp-json\/wp\/v2\/product_tag?post=11297"}],"curies":[{"name":"wp","href":"https:\/\/api.w.org\/{rel}","templated":true}]}}