{"id":11293,"date":"2025-12-16T17:13:57","date_gmt":"2025-12-16T15:13:57","guid":{"rendered":"https:\/\/ursus.ee\/toode\/tualettpoti-puhastusvaht-aktiivsoega-2\/"},"modified":"2026-03-27T15:31:41","modified_gmt":"2026-03-27T13:31:41","slug":"tualettpoti-puhastusvaht-aktiivsoega-2","status":"publish","type":"product","link":"https:\/\/ursus.ee\/en\/toode\/tualettpoti-puhastusvaht-aktiivsoega-2\/","title":{"rendered":"Tualettpoti puhastusvaht aktiivs\u00f6ega"},"content":{"rendered":"<p>Wc-poti puhastusvaht aktiivs\u00f6ega on kiire ja mugav viis oma tualettpoti s\u00fcgavpuhastamiseks. Uuenduslik koostis tekitab iseaktiveeruva vahu, mis aitab t\u00f5husalt eemaldada plekid, l\u00f5hnad ja katlakivi, j\u00e4ttes tualettpoti puhtaks ja v\u00e4rskeks.<\/p>\n","protected":false},"excerpt":{"rendered":"<p>Wc-poti puhastusvaht aktiivs\u00f6ega on kiire ja mugav viis oma tualettpoti s\u00fcgavpuhastamiseks. Uuenduslik koostis tekitab iseaktiveeruva vahu, mis aitab t\u00f5husalt eemaldada plekid, l\u00f5hnad ja katlakivi, j\u00e4ttes tualettpoti puhtaks ja v\u00e4rskeks.<\/p>\n","protected":false},"featured_media":11294,"comment_status":"closed","ping_status":"open","template":"","meta":{"_acf_changed":false},"product_brand":[110],"product_cat":[116,397],"product_tag":[],"class_list":{"0":"post-11293","1":"product","2":"type-product","3":"status-publish","4":"has-post-thumbnail","6":"product_brand-dr-beckmann","7":"product_cat-puhastusvahendid","8":"product_cat-tualetipuhastusvahendid","9":"pa_kogus-3x100-g","10":"pa_koostis-30-anionische-tenside--15-30-zeolithe-phenoxyethanol-duftstoffe-citral-linalool","11":"pa_paritolumaa-saksamaa","12":"pa_uhik-g","14":"first","15":"instock","16":"purchasable","17":"product-type-simple"},"acf":[],"_links":{"self":[{"href":"https:\/\/ursus.ee\/en\/wp-json\/wp\/v2\/product\/11293","targetHints":{"allow":["GET"]}}],"collection":[{"href":"https:\/\/ursus.ee\/en\/wp-json\/wp\/v2\/product"}],"about":[{"href":"https:\/\/ursus.ee\/en\/wp-json\/wp\/v2\/types\/product"}],"replies":[{"embeddable":true,"href":"https:\/\/ursus.ee\/en\/wp-json\/wp\/v2\/comments?post=11293"}],"wp:featuredmedia":[{"embeddable":true,"href":"https:\/\/ursus.ee\/en\/wp-json\/wp\/v2\/media\/11294"}],"wp:attachment":[{"href":"https:\/\/ursus.ee\/en\/wp-json\/wp\/v2\/media?parent=11293"}],"wp:term":[{"taxonomy":"product_brand","embeddable":true,"href":"https:\/\/ursus.ee\/en\/wp-json\/wp\/v2\/product_brand?post=11293"},{"taxonomy":"product_cat","embeddable":true,"href":"https:\/\/ursus.ee\/en\/wp-json\/wp\/v2\/product_cat?post=11293"},{"taxonomy":"product_tag","embeddable":true,"href":"https:\/\/ursus.ee\/en\/wp-json\/wp\/v2\/product_tag?post=11293"}],"curies":[{"name":"wp","href":"https:\/\/api.w.org\/{rel}","templated":true}]}}