{"id":11288,"date":"2025-12-16T17:13:57","date_gmt":"2025-12-16T15:13:57","guid":{"rendered":"https:\/\/ursus.ee\/toode\/tualetipuhastusvahendi-lehed-ocean-breeze-2\/"},"modified":"2026-03-27T15:31:41","modified_gmt":"2026-03-27T13:31:41","slug":"tualetipuhastusvahendi-lehed-ocean-breeze-2","status":"publish","type":"product","link":"https:\/\/ursus.ee\/en\/toode\/tualetipuhastusvahendi-lehed-ocean-breeze-2\/","title":{"rendered":"Tualetipuhastusvahendi lehed Ocean Breeze"},"content":{"rendered":"<p>Dr. Beckmann tualetipuhastusvahendi lehed muudavad tualeti puhastamise mugavaks: \u00fclikerged lehed on 100% veeslahustuvad ning toimivad v\u00f5imsalt mustuse, katlakivi ja uriiniplekkide vastu.<br \/>\n\u2022 Lihtne kasutada ja doseerida \u2022 Efektiivne mustuse, katlakivi ja uriiniplekkide vastu \u2022 Eemaldab ebameeldivad l\u00f5hnad \u2022 H\u00fcgieeniline puhtus \u2022 H\u00e4stivahutav koostis \u2022 Meeldivalt v\u00e4rske meretuulel\u00f5hnaga \u2022 Sobilik tualeti regulaarseks puhastuseks ja kiireks v\u00e4rskenduseks \u2022 75% v\u00e4hem pakendij\u00e4\u00e4tmeid*<br \/>\n**V\u00f5rrelduna plastpudelites vedelate tualetipuhastusvahenditega, millel on v\u00f5rreldav puhastuskordade arv.<\/p>\n","protected":false},"excerpt":{"rendered":"<p>Dr. Beckmann tualetipuhastusvahendi lehed muudavad tualeti puhastamise mugavaks: \u00fclikerged lehed on 100% veeslahustuvad ning toimivad v\u00f5imsalt mustuse, katlakivi ja uriiniplekkide vastu. \u2022 Lihtne kasutada ja doseerida \u2022 Efektiivne mustuse, katlakivi ja uriiniplekkide vastu \u2022 Eemaldab ebameeldivad l\u00f5hnad \u2022 H\u00fcgieeniline puhtus \u2022 H\u00e4stivahutav koostis \u2022 Meeldivalt v\u00e4rske meretuulel\u00f5hnaga \u2022 Sobilik tualeti regulaarseks puhastuseks ja kiireks v\u00e4rskenduseks<\/p>\n","protected":false},"featured_media":11289,"comment_status":"closed","ping_status":"open","template":"","meta":{"_acf_changed":false},"product_brand":[110],"product_cat":[116,397],"product_tag":[],"class_list":{"0":"post-11288","1":"product","2":"type-product","3":"status-publish","4":"has-post-thumbnail","6":"product_brand-dr-beckmann","7":"product_cat-puhastusvahendid","8":"product_cat-tualetipuhastusvahendid","9":"pa_kogus-20-tk","10":"pa_koostis-30-anioonsed-pindaktiivsed-ained-5-15-mitteanioonsed-pindaktiivsed-ained-phenoxyethanol-parfuumid-cinnamal-linalool","11":"pa_paritolumaa-hiina","12":"pa_uhik-tk","14":"first","15":"instock","16":"purchasable","17":"product-type-simple"},"acf":[],"_links":{"self":[{"href":"https:\/\/ursus.ee\/en\/wp-json\/wp\/v2\/product\/11288","targetHints":{"allow":["GET"]}}],"collection":[{"href":"https:\/\/ursus.ee\/en\/wp-json\/wp\/v2\/product"}],"about":[{"href":"https:\/\/ursus.ee\/en\/wp-json\/wp\/v2\/types\/product"}],"replies":[{"embeddable":true,"href":"https:\/\/ursus.ee\/en\/wp-json\/wp\/v2\/comments?post=11288"}],"wp:featuredmedia":[{"embeddable":true,"href":"https:\/\/ursus.ee\/en\/wp-json\/wp\/v2\/media\/11289"}],"wp:attachment":[{"href":"https:\/\/ursus.ee\/en\/wp-json\/wp\/v2\/media?parent=11288"}],"wp:term":[{"taxonomy":"product_brand","embeddable":true,"href":"https:\/\/ursus.ee\/en\/wp-json\/wp\/v2\/product_brand?post=11288"},{"taxonomy":"product_cat","embeddable":true,"href":"https:\/\/ursus.ee\/en\/wp-json\/wp\/v2\/product_cat?post=11288"},{"taxonomy":"product_tag","embeddable":true,"href":"https:\/\/ursus.ee\/en\/wp-json\/wp\/v2\/product_tag?post=11288"}],"curies":[{"name":"wp","href":"https:\/\/api.w.org\/{rel}","templated":true}]}}