{"id":11278,"date":"2025-12-16T17:08:22","date_gmt":"2025-12-16T15:08:22","guid":{"rendered":"https:\/\/ursus.ee\/toode\/pesumasina-puhastusvedelik-2\/"},"modified":"2026-03-27T15:31:40","modified_gmt":"2026-03-27T13:31:40","slug":"pesumasina-puhastusvedelik-2","status":"publish","type":"product","link":"https:\/\/ursus.ee\/en\/toode\/pesumasina-puhastusvedelik-2\/","title":{"rendered":"Pesumasina puhastusvedelik"},"content":{"rendered":"<p>Eemaldab katlakivi, mustuse ja pesuaine j\u00e4\u00e4gid. V\u00e4rskendab ja puhastab. Kaitseb kummist detaile pragunemise eest, hoiab \u00e4ra metallosade roostetamise ning pikendab pesumasina t\u00f6\u00f6iga.<\/p>\n","protected":false},"excerpt":{"rendered":"<p>Eemaldab katlakivi, mustuse ja pesuaine j\u00e4\u00e4gid. V\u00e4rskendab ja puhastab. Kaitseb kummist detaile pragunemise eest, hoiab \u00e4ra metallosade roostetamise ning pikendab pesumasina t\u00f6\u00f6iga.<\/p>\n","protected":false},"featured_media":11279,"comment_status":"closed","ping_status":"closed","template":"","meta":{"_acf_changed":false},"product_brand":[110],"product_cat":[116,111],"product_tag":[],"class_list":{"0":"post-11278","1":"product","2":"type-product","3":"status-publish","4":"has-post-thumbnail","6":"product_brand-dr-beckmann","7":"product_cat-puhastusvahendid","8":"product_cat-kodukeemia","9":"pa_kogus-250-ml","10":"pa_koostis-alla-5-mitteioonseid-tensiide-lohnaained-heksuulkaneel-limoneen-butylphenyl-methylpropional-aqua-citric-acid-glycerin-c9-11-pareth-x-pentanoic-ac","11":"pa_paritolumaa-saksamaa","12":"pa_uhik-ml","14":"first","15":"instock","16":"purchasable","17":"product-type-simple"},"acf":[],"_links":{"self":[{"href":"https:\/\/ursus.ee\/en\/wp-json\/wp\/v2\/product\/11278","targetHints":{"allow":["GET"]}}],"collection":[{"href":"https:\/\/ursus.ee\/en\/wp-json\/wp\/v2\/product"}],"about":[{"href":"https:\/\/ursus.ee\/en\/wp-json\/wp\/v2\/types\/product"}],"replies":[{"embeddable":true,"href":"https:\/\/ursus.ee\/en\/wp-json\/wp\/v2\/comments?post=11278"}],"wp:featuredmedia":[{"embeddable":true,"href":"https:\/\/ursus.ee\/en\/wp-json\/wp\/v2\/media\/11279"}],"wp:attachment":[{"href":"https:\/\/ursus.ee\/en\/wp-json\/wp\/v2\/media?parent=11278"}],"wp:term":[{"taxonomy":"product_brand","embeddable":true,"href":"https:\/\/ursus.ee\/en\/wp-json\/wp\/v2\/product_brand?post=11278"},{"taxonomy":"product_cat","embeddable":true,"href":"https:\/\/ursus.ee\/en\/wp-json\/wp\/v2\/product_cat?post=11278"},{"taxonomy":"product_tag","embeddable":true,"href":"https:\/\/ursus.ee\/en\/wp-json\/wp\/v2\/product_tag?post=11278"}],"curies":[{"name":"wp","href":"https:\/\/api.w.org\/{rel}","templated":true}]}}