{"id":11275,"date":"2025-12-16T17:08:22","date_gmt":"2025-12-16T15:08:22","guid":{"rendered":"https:\/\/ursus.ee\/toode\/pesumasina-puhastuspulber-2\/"},"modified":"2026-03-27T15:31:40","modified_gmt":"2026-03-27T13:31:40","slug":"pesumasina-puhastuspulber-2","status":"publish","type":"product","link":"https:\/\/ursus.ee\/en\/toode\/pesumasina-puhastuspulber-2\/","title":{"rendered":"Pesumasina puhastuspulber"},"content":{"rendered":"<p>Pesemise k\u00e4igus ladestuvad pesumasina trumlisse pesuvahendi ja mustuse j\u00e4\u00e4gid. Niiskus soodustab aga mikroorganismide kasvu ning ebameeldiva l\u00f5hnade teket, eriti madalatel temperatuuridel pestes. Pestav pesu on otseses kontaktis pesumasina trummliga ja seega on pesu trumli puhtus v\u00e4ga oluline. Pesumasina puhastuspulber eemaldab ebameeldiva l\u00f5hna pesutrummlist ning eemaldab mustuse ja pesuaine j\u00e4\u00e4gid.<\/p>\n","protected":false},"excerpt":{"rendered":"<p>Pesemise k\u00e4igus ladestuvad pesumasina trumlisse pesuvahendi ja mustuse j\u00e4\u00e4gid. Niiskus soodustab aga mikroorganismide kasvu ning ebameeldiva l\u00f5hnade teket, eriti madalatel temperatuuridel pestes. Pestav pesu on otseses kontaktis pesumasina trummliga ja seega on pesu trumli puhtus v\u00e4ga oluline. Pesumasina puhastuspulber eemaldab ebameeldiva l\u00f5hna pesutrummlist ning eemaldab mustuse ja pesuaine j\u00e4\u00e4gid.<\/p>\n","protected":false},"featured_media":11276,"comment_status":"closed","ping_status":"closed","template":"","meta":{"_acf_changed":false},"product_brand":[110],"product_cat":[116,111],"product_tag":[],"class_list":{"0":"post-11275","1":"product","2":"type-product","3":"status-publish","4":"has-post-thumbnail","6":"product_brand-dr-beckmann","7":"product_cat-puhastusvahendid","8":"product_cat-kodukeemia","9":"pa_kogus-250-g","10":"pa_koostis-sisaldab-15-30-hapnikupohiseid-valgendusained-5-15-tseliid-alla-5-mitteioonsed-tensiidid-lohnaained-heksuulkaneel-limoneen-butuulfenuul-metuulpropionaal","11":"pa_paritolumaa-saksamaa","12":"pa_uhik-g","14":"first","15":"instock","16":"purchasable","17":"product-type-simple"},"acf":[],"_links":{"self":[{"href":"https:\/\/ursus.ee\/en\/wp-json\/wp\/v2\/product\/11275","targetHints":{"allow":["GET"]}}],"collection":[{"href":"https:\/\/ursus.ee\/en\/wp-json\/wp\/v2\/product"}],"about":[{"href":"https:\/\/ursus.ee\/en\/wp-json\/wp\/v2\/types\/product"}],"replies":[{"embeddable":true,"href":"https:\/\/ursus.ee\/en\/wp-json\/wp\/v2\/comments?post=11275"}],"wp:featuredmedia":[{"embeddable":true,"href":"https:\/\/ursus.ee\/en\/wp-json\/wp\/v2\/media\/11276"}],"wp:attachment":[{"href":"https:\/\/ursus.ee\/en\/wp-json\/wp\/v2\/media?parent=11275"}],"wp:term":[{"taxonomy":"product_brand","embeddable":true,"href":"https:\/\/ursus.ee\/en\/wp-json\/wp\/v2\/product_brand?post=11275"},{"taxonomy":"product_cat","embeddable":true,"href":"https:\/\/ursus.ee\/en\/wp-json\/wp\/v2\/product_cat?post=11275"},{"taxonomy":"product_tag","embeddable":true,"href":"https:\/\/ursus.ee\/en\/wp-json\/wp\/v2\/product_tag?post=11275"}],"curies":[{"name":"wp","href":"https:\/\/api.w.org\/{rel}","templated":true}]}}