{"id":11272,"date":"2025-12-16T17:08:22","date_gmt":"2025-12-16T15:08:22","guid":{"rendered":"https:\/\/ursus.ee\/toode\/lohna-ja-plekieemaldaja-loomaplekkidele-harjaga-650ml-2\/"},"modified":"2026-03-27T15:31:40","modified_gmt":"2026-03-27T13:31:40","slug":"lohna-ja-plekieemaldaja-loomaplekkidele-harjaga-650ml-2","status":"publish","type":"product","link":"https:\/\/ursus.ee\/en\/toode\/lohna-ja-plekieemaldaja-loomaplekkidele-harjaga-650ml-2\/","title":{"rendered":"L\u00f5hna- ja plekieemaldaja loomaplekkidele harjaga 650ml"},"content":{"rendered":"<p>L\u00f5hna- ja plekieemadaja lemmikloomade poolt tekitatud mustuse eemaldamiseks. Puhastusvahend aitab k\u00f5rvaldada ebameeldiva uriinil\u00f5hna, okse, v\u00e4ljaheited ja k\u00e4paj\u00e4ljed, tagades samal ajal h\u00fcgieeniliselt puhta keskkonna. Lemmikloomadele ohutu. T\u00e4nu harjasega puhastusotsikule tungib pugastusvahend s\u00fcgavale plekkidesse, j\u00e4ttes teie vaibad puhtaks ja v\u00e4rske l\u00f5hnaga.<\/p>\n","protected":false},"excerpt":{"rendered":"<p>L\u00f5hna- ja plekieemadaja lemmikloomade poolt tekitatud mustuse eemaldamiseks. Puhastusvahend aitab k\u00f5rvaldada ebameeldiva uriinil\u00f5hna, okse, v\u00e4ljaheited ja k\u00e4paj\u00e4ljed, tagades samal ajal h\u00fcgieeniliselt puhta keskkonna. Lemmikloomadele ohutu. T\u00e4nu harjasega puhastusotsikule tungib pugastusvahend s\u00fcgavale plekkidesse, j\u00e4ttes teie vaibad puhtaks ja v\u00e4rske l\u00f5hnaga.<\/p>\n","protected":false},"featured_media":11273,"comment_status":"closed","ping_status":"closed","template":"","meta":{"_acf_changed":false},"product_brand":[110],"product_cat":[116,111],"product_tag":[],"class_list":{"0":"post-11272","1":"product","2":"type-product","3":"status-publish","4":"has-post-thumbnail","6":"product_brand-dr-beckmann","7":"product_cat-puhastusvahendid","8":"product_cat-kodukeemia","9":"pa_kogus-650-ml","10":"pa_koostis-vahem-kui-5-anioonseid-ja-mitteioonseid-pindaktiivseid-aineid-hapnikupohised-pleegitusained-lohnaained-limoneen-metuulisotiasolinoon-bensisotiasolinoon","11":"pa_paritolumaa-saksamaa","12":"pa_uhik-ml","14":"first","15":"instock","16":"purchasable","17":"product-type-simple"},"acf":[],"_links":{"self":[{"href":"https:\/\/ursus.ee\/en\/wp-json\/wp\/v2\/product\/11272","targetHints":{"allow":["GET"]}}],"collection":[{"href":"https:\/\/ursus.ee\/en\/wp-json\/wp\/v2\/product"}],"about":[{"href":"https:\/\/ursus.ee\/en\/wp-json\/wp\/v2\/types\/product"}],"replies":[{"embeddable":true,"href":"https:\/\/ursus.ee\/en\/wp-json\/wp\/v2\/comments?post=11272"}],"wp:featuredmedia":[{"embeddable":true,"href":"https:\/\/ursus.ee\/en\/wp-json\/wp\/v2\/media\/11273"}],"wp:attachment":[{"href":"https:\/\/ursus.ee\/en\/wp-json\/wp\/v2\/media?parent=11272"}],"wp:term":[{"taxonomy":"product_brand","embeddable":true,"href":"https:\/\/ursus.ee\/en\/wp-json\/wp\/v2\/product_brand?post=11272"},{"taxonomy":"product_cat","embeddable":true,"href":"https:\/\/ursus.ee\/en\/wp-json\/wp\/v2\/product_cat?post=11272"},{"taxonomy":"product_tag","embeddable":true,"href":"https:\/\/ursus.ee\/en\/wp-json\/wp\/v2\/product_tag?post=11272"}],"curies":[{"name":"wp","href":"https:\/\/api.w.org\/{rel}","templated":true}]}}