{"id":11269,"date":"2025-12-16T17:08:22","date_gmt":"2025-12-16T15:08:22","guid":{"rendered":"https:\/\/ursus.ee\/toode\/vaibapuhasti-harjaga-2\/"},"modified":"2026-03-27T15:31:40","modified_gmt":"2026-03-27T13:31:40","slug":"vaibapuhasti-harjaga-2","status":"publish","type":"product","link":"https:\/\/ursus.ee\/en\/toode\/vaibapuhasti-harjaga-2\/","title":{"rendered":"Vaibapuhasti harjaga"},"content":{"rendered":"<p>Esimesel kasutuskorral keerake aplikaator lahti ja eemaldage \u00fchekordne tihend, seej\u00e4rel keerake aplikaator uuesti tugevalt kinni. Eemaldage m\u00e4\u00e4rdunud kangalt lahtised mustuseosakesed ja p\u00fchkige pritsmed. Loksutage pudelit ja pigistage \u00f5rnalt, et aplikaatoriharja plekieemaldiga niisutada. Kandke plekieemaldi plekile, nii et aplikaator puutuks m\u00e4\u00e4rdunud kangapiirkonnaga vahetult kokku. \u00c4rge leotage, las vaht teeb oma t\u00f6\u00f6. J\u00e4tke kangas 3 minutiks seisma ning p\u00fchkige t\u00f6\u00f6deldavat piirkonda niiske valge riidet\u00fckiga, eemaldades plekieemaldi- ja mustusej\u00e4\u00e4gid. Tugevate plekkide puhul v\u00f5ib protseduuri korrata. Loputage aplikaator iga kasutamise j\u00e4rel puhtaks. Hoidke pudelit p\u00fcstasendis.<\/p>\n","protected":false},"excerpt":{"rendered":"<p>Esimesel kasutuskorral keerake aplikaator lahti ja eemaldage \u00fchekordne tihend, seej\u00e4rel keerake aplikaator uuesti tugevalt kinni. Eemaldage m\u00e4\u00e4rdunud kangalt lahtised mustuseosakesed ja p\u00fchkige pritsmed. Loksutage pudelit ja pigistage \u00f5rnalt, et aplikaatoriharja plekieemaldiga niisutada. Kandke plekieemaldi plekile, nii et aplikaator puutuks m\u00e4\u00e4rdunud kangapiirkonnaga vahetult kokku. \u00c4rge leotage, las vaht teeb oma t\u00f6\u00f6. J\u00e4tke kangas 3 minutiks seisma<\/p>\n","protected":false},"featured_media":11270,"comment_status":"closed","ping_status":"closed","template":"","meta":{"_acf_changed":false},"product_brand":[110],"product_cat":[116,111],"product_tag":[],"class_list":{"0":"post-11269","1":"product","2":"type-product","3":"status-publish","4":"has-post-thumbnail","6":"product_brand-dr-beckmann","7":"product_cat-puhastusvahendid","8":"product_cat-kodukeemia","9":"pa_kogus-650-ml","10":"pa_koostis-vahem-kui-5-anioonseid-ja-mitteioonseid-pindaktiivseid-aineid-hapnikupohised-pleegitusained-lohnaained-metuulisotiasolinoon-bensisotiasolinoon-muud-koostisained-orgaaniline-alkohol","11":"pa_paritolumaa-saksamaa","12":"pa_uhik-ml","14":"first","15":"instock","16":"purchasable","17":"product-type-simple"},"acf":[],"_links":{"self":[{"href":"https:\/\/ursus.ee\/en\/wp-json\/wp\/v2\/product\/11269","targetHints":{"allow":["GET"]}}],"collection":[{"href":"https:\/\/ursus.ee\/en\/wp-json\/wp\/v2\/product"}],"about":[{"href":"https:\/\/ursus.ee\/en\/wp-json\/wp\/v2\/types\/product"}],"replies":[{"embeddable":true,"href":"https:\/\/ursus.ee\/en\/wp-json\/wp\/v2\/comments?post=11269"}],"wp:featuredmedia":[{"embeddable":true,"href":"https:\/\/ursus.ee\/en\/wp-json\/wp\/v2\/media\/11270"}],"wp:attachment":[{"href":"https:\/\/ursus.ee\/en\/wp-json\/wp\/v2\/media?parent=11269"}],"wp:term":[{"taxonomy":"product_brand","embeddable":true,"href":"https:\/\/ursus.ee\/en\/wp-json\/wp\/v2\/product_brand?post=11269"},{"taxonomy":"product_cat","embeddable":true,"href":"https:\/\/ursus.ee\/en\/wp-json\/wp\/v2\/product_cat?post=11269"},{"taxonomy":"product_tag","embeddable":true,"href":"https:\/\/ursus.ee\/en\/wp-json\/wp\/v2\/product_tag?post=11269"}],"curies":[{"name":"wp","href":"https:\/\/api.w.org\/{rel}","templated":true}]}}