{"id":11266,"date":"2025-12-16T17:08:22","date_gmt":"2025-12-16T15:08:22","guid":{"rendered":"https:\/\/ursus.ee\/toode\/plekieemaldaja-polstrile-2\/"},"modified":"2026-03-27T15:31:40","modified_gmt":"2026-03-27T13:31:40","slug":"plekieemaldaja-polstrile-2","status":"publish","type":"product","link":"https:\/\/ursus.ee\/en\/toode\/plekieemaldaja-polstrile-2\/","title":{"rendered":"Plekieemaldaja polstrile"},"content":{"rendered":"<p>T\u00f5hus plekkide ja l\u00f5hnade eemaldaja diivanitele, autoistmetele, madratsitele, vankritele ja teistele pehme polstriga materjalidele. Selle v\u00f5imas koostis tungib \u00f5rnalt kangakiududesse ja eemaldab ka raskemad plekid nagu vein, mahl, kastmed ja isegi lemmikloomaplekid.<\/p>\n","protected":false},"excerpt":{"rendered":"<p>T\u00f5hus plekkide ja l\u00f5hnade eemaldaja diivanitele, autoistmetele, madratsitele, vankritele ja teistele pehme polstriga materjalidele. Selle v\u00f5imas koostis tungib \u00f5rnalt kangakiududesse ja eemaldab ka raskemad plekid nagu vein, mahl, kastmed ja isegi lemmikloomaplekid.<\/p>\n","protected":false},"featured_media":11267,"comment_status":"closed","ping_status":"closed","template":"","meta":{"_acf_changed":false},"product_brand":[110],"product_cat":[116,111],"product_tag":[],"class_list":{"0":"post-11266","1":"product","2":"type-product","3":"status-publish","4":"has-post-thumbnail","6":"product_brand-dr-beckmann","7":"product_cat-puhastusvahendid","8":"product_cat-kodukeemia","9":"pa_kogus-400-ml","10":"pa_koostis-vahem-kui-5-anioonseid-ja-mitteioonseid-pindaktiivseid-aineid-hapnikupohised-pleegitusained-lohnaained-naatriumbensoaat","11":"pa_paritolumaa-saksamaa","12":"pa_uhik-ml","14":"first","15":"instock","16":"purchasable","17":"product-type-simple"},"acf":[],"_links":{"self":[{"href":"https:\/\/ursus.ee\/en\/wp-json\/wp\/v2\/product\/11266","targetHints":{"allow":["GET"]}}],"collection":[{"href":"https:\/\/ursus.ee\/en\/wp-json\/wp\/v2\/product"}],"about":[{"href":"https:\/\/ursus.ee\/en\/wp-json\/wp\/v2\/types\/product"}],"replies":[{"embeddable":true,"href":"https:\/\/ursus.ee\/en\/wp-json\/wp\/v2\/comments?post=11266"}],"wp:featuredmedia":[{"embeddable":true,"href":"https:\/\/ursus.ee\/en\/wp-json\/wp\/v2\/media\/11267"}],"wp:attachment":[{"href":"https:\/\/ursus.ee\/en\/wp-json\/wp\/v2\/media?parent=11266"}],"wp:term":[{"taxonomy":"product_brand","embeddable":true,"href":"https:\/\/ursus.ee\/en\/wp-json\/wp\/v2\/product_brand?post=11266"},{"taxonomy":"product_cat","embeddable":true,"href":"https:\/\/ursus.ee\/en\/wp-json\/wp\/v2\/product_cat?post=11266"},{"taxonomy":"product_tag","embeddable":true,"href":"https:\/\/ursus.ee\/en\/wp-json\/wp\/v2\/product_tag?post=11266"}],"curies":[{"name":"wp","href":"https:\/\/api.w.org\/{rel}","templated":true}]}}