{"id":11264,"date":"2025-12-16T17:08:22","date_gmt":"2025-12-16T15:08:22","guid":{"rendered":"https:\/\/ursus.ee\/toode\/pesus-varvunud-riiete-taastaja-2\/"},"modified":"2026-03-27T15:31:41","modified_gmt":"2026-03-27T13:31:41","slug":"pesus-varvunud-riiete-taastaja-2","status":"publish","type":"product","link":"https:\/\/ursus.ee\/en\/toode\/pesus-varvunud-riiete-taastaja-2\/","title":{"rendered":"Pesus v\u00e4rvunud riiete taastaja"},"content":{"rendered":"<p>Spetsiaalne toode, mis v\u00e4rskendab pesu k\u00e4igus luitunud v\u00e4rvi. K\u00e4sitsi v\u00f5i pesumasinaga pesemiseks. Valgele pesule ja pesule, mille v\u00e4rvid ei jookse (ka villale ning siidile). Temperatuur 30\u201395 \u00b0C.<\/p>\n","protected":false},"excerpt":{"rendered":"<p>Spetsiaalne toode, mis v\u00e4rskendab pesu k\u00e4igus luitunud v\u00e4rvi. K\u00e4sitsi v\u00f5i pesumasinaga pesemiseks. Valgele pesule ja pesule, mille v\u00e4rvid ei jookse (ka villale ning siidile). Temperatuur 30\u201395 \u00b0C.<\/p>\n","protected":false},"featured_media":10950,"comment_status":"closed","ping_status":"closed","template":"","meta":{"_acf_changed":false},"product_brand":[110],"product_cat":[116,112],"product_tag":[],"class_list":{"0":"post-11264","1":"product","2":"type-product","3":"status-publish","4":"has-post-thumbnail","6":"product_brand-dr-beckmann","7":"product_cat-puhastusvahendid","8":"product_cat-pesuvahendid","9":"pa_kogus-200-g","10":"pa_paritolumaa-saksamaa","11":"pa_uhik-g","13":"first","14":"instock","15":"purchasable","16":"product-type-simple"},"acf":[],"_links":{"self":[{"href":"https:\/\/ursus.ee\/en\/wp-json\/wp\/v2\/product\/11264","targetHints":{"allow":["GET"]}}],"collection":[{"href":"https:\/\/ursus.ee\/en\/wp-json\/wp\/v2\/product"}],"about":[{"href":"https:\/\/ursus.ee\/en\/wp-json\/wp\/v2\/types\/product"}],"replies":[{"embeddable":true,"href":"https:\/\/ursus.ee\/en\/wp-json\/wp\/v2\/comments?post=11264"}],"wp:featuredmedia":[{"embeddable":true,"href":"https:\/\/ursus.ee\/en\/wp-json\/wp\/v2\/media\/10950"}],"wp:attachment":[{"href":"https:\/\/ursus.ee\/en\/wp-json\/wp\/v2\/media?parent=11264"}],"wp:term":[{"taxonomy":"product_brand","embeddable":true,"href":"https:\/\/ursus.ee\/en\/wp-json\/wp\/v2\/product_brand?post=11264"},{"taxonomy":"product_cat","embeddable":true,"href":"https:\/\/ursus.ee\/en\/wp-json\/wp\/v2\/product_cat?post=11264"},{"taxonomy":"product_tag","embeddable":true,"href":"https:\/\/ursus.ee\/en\/wp-json\/wp\/v2\/product_tag?post=11264"}],"curies":[{"name":"wp","href":"https:\/\/api.w.org\/{rel}","templated":true}]}}