{"id":11257,"date":"2025-12-16T17:08:22","date_gmt":"2025-12-16T15:08:22","guid":{"rendered":"https:\/\/ursus.ee\/toode\/varvi-ja-mustusekogumise-lapid-2\/"},"modified":"2026-03-27T15:31:41","modified_gmt":"2026-03-27T13:31:41","slug":"varvi-ja-mustusekogumise-lapid-2","status":"publish","type":"product","link":"https:\/\/ursus.ee\/en\/toode\/varvi-ja-mustusekogumise-lapid-2\/","title":{"rendered":"V\u00e4rvi- ja mustusekogumise lapid"},"content":{"rendered":"<p>Hoolimata sorteerimisest v\u00f5ib pesu pesemise k\u00e4igus muutuda v\u00e4rviliseks, sest alati mingi osa v\u00e4rvainetest ladestub kangastele, muutes sellega v\u00e4rvid tuhmiks. Dr. Beckmanni v\u00e4rvi- ja mustusekogumislapid aitavad s\u00e4ilitada valge pesu valgena ja v\u00e4rvid kirkana hoides \u00e4ra pesus eraldunud v\u00e4rvi ja mustuse kandumise teistele kangastele. V\u00e4rvi- ja mustusekogumislapid koguvad pesuveest v\u00e4rvi, katlakiviosakesed, mustuse ja aitavad v\u00e4ltida nende kandumist kangastele. Kogumislappide kasutamisel on v\u00f5imalik pesta erinevat v\u00e4rvi pesu koos \u2013 v\u00e4rvilist, tumedat ja valget, mis omakorda v\u00e4hendab pesu sorteerimist ning pesukordi, s\u00e4\u00e4stes nii energiat, aega ja vett. Uute v\u00e4rvi- ja mustusekogumise mikrofiiberlapi kiud toimivad kiiremini ja kindlamalt kui kunagi varem. Ekstra peened kiud v\u00f5imaldavad hoiustada rohkem v\u00e4rvi ja mustuse osakesi ning sellega kaitsta v\u00e4rvi ja mustuse kandumist teistele kangastele.<\/p>\n","protected":false},"excerpt":{"rendered":"<p>Hoolimata sorteerimisest v\u00f5ib pesu pesemise k\u00e4igus muutuda v\u00e4rviliseks, sest alati mingi osa v\u00e4rvainetest ladestub kangastele, muutes sellega v\u00e4rvid tuhmiks. Dr. Beckmanni v\u00e4rvi- ja mustusekogumislapid aitavad s\u00e4ilitada valge pesu valgena ja v\u00e4rvid kirkana hoides \u00e4ra pesus eraldunud v\u00e4rvi ja mustuse kandumise teistele kangastele. V\u00e4rvi- ja mustusekogumislapid koguvad pesuveest v\u00e4rvi, katlakiviosakesed, mustuse ja aitavad v\u00e4ltida nende kandumist<\/p>\n","protected":false},"featured_media":11258,"comment_status":"closed","ping_status":"open","template":"","meta":{"_acf_changed":false},"product_brand":[110],"product_cat":[116,112],"product_tag":[],"class_list":{"0":"post-11257","1":"product","2":"type-product","3":"status-publish","4":"has-post-thumbnail","6":"product_brand-dr-beckmann","7":"product_cat-puhastusvahendid","8":"product_cat-pesuvahendid","9":"pa_kogus-20-tk","10":"pa_koostis-mikrofiiber","11":"pa_paritolumaa-saksamaa","12":"pa_uhik-tk","14":"first","15":"instock","16":"purchasable","17":"product-type-simple"},"acf":[],"_links":{"self":[{"href":"https:\/\/ursus.ee\/en\/wp-json\/wp\/v2\/product\/11257","targetHints":{"allow":["GET"]}}],"collection":[{"href":"https:\/\/ursus.ee\/en\/wp-json\/wp\/v2\/product"}],"about":[{"href":"https:\/\/ursus.ee\/en\/wp-json\/wp\/v2\/types\/product"}],"replies":[{"embeddable":true,"href":"https:\/\/ursus.ee\/en\/wp-json\/wp\/v2\/comments?post=11257"}],"wp:featuredmedia":[{"embeddable":true,"href":"https:\/\/ursus.ee\/en\/wp-json\/wp\/v2\/media\/11258"}],"wp:attachment":[{"href":"https:\/\/ursus.ee\/en\/wp-json\/wp\/v2\/media?parent=11257"}],"wp:term":[{"taxonomy":"product_brand","embeddable":true,"href":"https:\/\/ursus.ee\/en\/wp-json\/wp\/v2\/product_brand?post=11257"},{"taxonomy":"product_cat","embeddable":true,"href":"https:\/\/ursus.ee\/en\/wp-json\/wp\/v2\/product_cat?post=11257"},{"taxonomy":"product_tag","embeddable":true,"href":"https:\/\/ursus.ee\/en\/wp-json\/wp\/v2\/product_tag?post=11257"}],"curies":[{"name":"wp","href":"https:\/\/api.w.org\/{rel}","templated":true}]}}