{"id":11254,"date":"2025-12-16T17:08:22","date_gmt":"2025-12-16T15:08:22","guid":{"rendered":"https:\/\/ursus.ee\/toode\/varvi-ja-kangakiudude-varskendaja-masinpesuks-2\/"},"modified":"2026-03-27T15:31:41","modified_gmt":"2026-03-27T13:31:41","slug":"varvi-ja-kangakiudude-varskendaja-masinpesuks-2","status":"publish","type":"product","link":"https:\/\/ursus.ee\/en\/toode\/varvi-ja-kangakiudude-varskendaja-masinpesuks-2\/","title":{"rendered":"V\u00e4rvi- ja kangakiudude v\u00e4rskendaja masinpesuks"},"content":{"rendered":"<p>Sagedane pesemine ning vees olevad j\u00e4\u00e4kained muudavad musta v\u00e4rvi kangad aja jooksul tuhmiks ja topiliseks. Dr.Beckmanni v\u00e4rvi ja kangakiudede v\u00e4rskenduslapid sisaldavad musta kangav\u00e4rvi ja ens\u00fc\u00fcmmkompleksi, mis taastavad riiete musta v\u00e4rvi ja hoolitsevad kangakiudude eest, ennetades topiliseks muutumist. Sobilik musta v\u00e4rvi pesule ja k\u00f5ikidele materjalidele, efektiivne ka puuvillase ja puuvilla seguga kangastel. Toimib k\u00f5igil temperatuuridel ning sobib k\u00f5ikide pesupesemisvahenditega<\/p>\n","protected":false},"excerpt":{"rendered":"<p>Sagedane pesemine ning vees olevad j\u00e4\u00e4kained muudavad musta v\u00e4rvi kangad aja jooksul tuhmiks ja topiliseks. Dr.Beckmanni v\u00e4rvi ja kangakiudede v\u00e4rskenduslapid sisaldavad musta kangav\u00e4rvi ja ens\u00fc\u00fcmmkompleksi, mis taastavad riiete musta v\u00e4rvi ja hoolitsevad kangakiudude eest, ennetades topiliseks muutumist. Sobilik musta v\u00e4rvi pesule ja k\u00f5ikidele materjalidele, efektiivne ka puuvillase ja puuvilla seguga kangastel. Toimib k\u00f5igil temperatuuridel ning<\/p>\n","protected":false},"featured_media":11255,"comment_status":"closed","ping_status":"open","template":"","meta":{"_acf_changed":false},"product_brand":[110],"product_cat":[116,112],"product_tag":[],"class_list":{"0":"post-11254","1":"product","2":"type-product","3":"status-publish","4":"has-post-thumbnail","6":"product_brand-dr-beckmann","7":"product_cat-puhastusvahendid","8":"product_cat-pesuvahendid","9":"pa_kogus-6-tk","10":"pa_paritolumaa-saksamaa","11":"pa_uhik-tk","13":"first","14":"instock","15":"purchasable","16":"product-type-simple"},"acf":[],"_links":{"self":[{"href":"https:\/\/ursus.ee\/en\/wp-json\/wp\/v2\/product\/11254","targetHints":{"allow":["GET"]}}],"collection":[{"href":"https:\/\/ursus.ee\/en\/wp-json\/wp\/v2\/product"}],"about":[{"href":"https:\/\/ursus.ee\/en\/wp-json\/wp\/v2\/types\/product"}],"replies":[{"embeddable":true,"href":"https:\/\/ursus.ee\/en\/wp-json\/wp\/v2\/comments?post=11254"}],"wp:featuredmedia":[{"embeddable":true,"href":"https:\/\/ursus.ee\/en\/wp-json\/wp\/v2\/media\/11255"}],"wp:attachment":[{"href":"https:\/\/ursus.ee\/en\/wp-json\/wp\/v2\/media?parent=11254"}],"wp:term":[{"taxonomy":"product_brand","embeddable":true,"href":"https:\/\/ursus.ee\/en\/wp-json\/wp\/v2\/product_brand?post=11254"},{"taxonomy":"product_cat","embeddable":true,"href":"https:\/\/ursus.ee\/en\/wp-json\/wp\/v2\/product_cat?post=11254"},{"taxonomy":"product_tag","embeddable":true,"href":"https:\/\/ursus.ee\/en\/wp-json\/wp\/v2\/product_tag?post=11254"}],"curies":[{"name":"wp","href":"https:\/\/api.w.org\/{rel}","templated":true}]}}