{"id":11250,"date":"2025-12-16T17:08:22","date_gmt":"2025-12-16T15:08:22","guid":{"rendered":"https:\/\/ursus.ee\/toode\/valgenduslapid-masinpesuks-activ-weiss-3in1-2\/"},"modified":"2026-03-27T15:31:41","modified_gmt":"2026-03-27T13:31:41","slug":"valgenduslapid-masinpesuks-activ-weiss-3in1-2","status":"publish","type":"product","link":"https:\/\/ursus.ee\/en\/toode\/valgenduslapid-masinpesuks-activ-weiss-3in1-2\/","title":{"rendered":"Valgenduslapid masinpesuks Activ-Weiss 3in1"},"content":{"rendered":"<p>Sagedane pesemine ning vees olevad j\u00e4\u00e4kained muudavad valged kangad aja jooksul hallikaks ja l\u00f5puks kollakaks. Pesu valgenduslapid aitavad \u00e4ra hoida pesu tuhmumise ning taastada s\u00e4ravvalge v\u00e4rvi. Lappe on mugav kasutada ning nende optilisi valgendeid sisaldav koostis t\u00f6\u00f6tab kui valge v\u00e4rvi aktivaator ning muudab riideesemed pesu-pesult j\u00e4rjest valgemaks.<\/p>\n","protected":false},"excerpt":{"rendered":"<p>Sagedane pesemine ning vees olevad j\u00e4\u00e4kained muudavad valged kangad aja jooksul hallikaks ja l\u00f5puks kollakaks. Pesu valgenduslapid aitavad \u00e4ra hoida pesu tuhmumise ning taastada s\u00e4ravvalge v\u00e4rvi. Lappe on mugav kasutada ning nende optilisi valgendeid sisaldav koostis t\u00f6\u00f6tab kui valge v\u00e4rvi aktivaator ning muudab riideesemed pesu-pesult j\u00e4rjest valgemaks.<\/p>\n","protected":false},"featured_media":11251,"comment_status":"closed","ping_status":"open","template":"","meta":{"_acf_changed":false},"product_brand":[110],"product_cat":[116,112],"product_tag":[],"class_list":{"0":"post-11250","1":"product","2":"type-product","3":"status-publish","4":"has-post-thumbnail","6":"product_brand-dr-beckmann","7":"product_cat-puhastusvahendid","8":"product_cat-pesuvahendid","9":"pa_kogus-15-tk","10":"pa_koostis-koostis-optilised-valgendid-peg-200-disodium-distyrylbiphenyl-disulfonate","11":"pa_paritolumaa-saksamaa","12":"pa_uhik-tk","14":"first","15":"instock","16":"purchasable","17":"product-type-simple"},"acf":[],"_links":{"self":[{"href":"https:\/\/ursus.ee\/en\/wp-json\/wp\/v2\/product\/11250","targetHints":{"allow":["GET"]}}],"collection":[{"href":"https:\/\/ursus.ee\/en\/wp-json\/wp\/v2\/product"}],"about":[{"href":"https:\/\/ursus.ee\/en\/wp-json\/wp\/v2\/types\/product"}],"replies":[{"embeddable":true,"href":"https:\/\/ursus.ee\/en\/wp-json\/wp\/v2\/comments?post=11250"}],"wp:featuredmedia":[{"embeddable":true,"href":"https:\/\/ursus.ee\/en\/wp-json\/wp\/v2\/media\/11251"}],"wp:attachment":[{"href":"https:\/\/ursus.ee\/en\/wp-json\/wp\/v2\/media?parent=11250"}],"wp:term":[{"taxonomy":"product_brand","embeddable":true,"href":"https:\/\/ursus.ee\/en\/wp-json\/wp\/v2\/product_brand?post=11250"},{"taxonomy":"product_cat","embeddable":true,"href":"https:\/\/ursus.ee\/en\/wp-json\/wp\/v2\/product_cat?post=11250"},{"taxonomy":"product_tag","embeddable":true,"href":"https:\/\/ursus.ee\/en\/wp-json\/wp\/v2\/product_tag?post=11250"}],"curies":[{"name":"wp","href":"https:\/\/api.w.org\/{rel}","templated":true}]}}