{"id":11246,"date":"2025-12-16T17:08:22","date_gmt":"2025-12-16T15:08:22","guid":{"rendered":"https:\/\/ursus.ee\/toode\/pesuvalgendi-super-white-2\/"},"modified":"2026-03-27T15:31:41","modified_gmt":"2026-03-27T13:31:41","slug":"pesuvalgendi-super-white-2","status":"publish","type":"product","link":"https:\/\/ursus.ee\/en\/toode\/pesuvalgendi-super-white-2\/","title":{"rendered":"Pesuvalgendi Super White"},"content":{"rendered":"<p>Dr.Beckmann Super White muudab pesu s\u00e4rvvalgeks ning eemaldab plekid juba 20 \u00b0 C juures. Intensiivne valgendi aitab s\u00e4ilitada s\u00e4ravvalge v\u00e4rvi isegi p\u00e4rast korduvat pesemist. Sobib kasutamiseks koos k\u00f5ikide pesuvahenditega alates 20 \u00b0 C (mida k\u00f5rgem temperatuur, seda parem tulemus). Mugav doseerida &#8211; 1 kotike kontsentreeritud valgendit 1 pesukorra kohta.<\/p>\n","protected":false},"excerpt":{"rendered":"<p>Dr.Beckmann Super White muudab pesu s\u00e4rvvalgeks ning eemaldab plekid juba 20 \u00b0 C juures. Intensiivne valgendi aitab s\u00e4ilitada s\u00e4ravvalge v\u00e4rvi isegi p\u00e4rast korduvat pesemist. Sobib kasutamiseks koos k\u00f5ikide pesuvahenditega alates 20 \u00b0 C (mida k\u00f5rgem temperatuur, seda parem tulemus). Mugav doseerida &#8211; 1 kotike kontsentreeritud valgendit 1 pesukorra kohta.<\/p>\n","protected":false},"featured_media":11247,"comment_status":"closed","ping_status":"open","template":"","meta":{"_acf_changed":false},"product_brand":[110],"product_cat":[116,112],"product_tag":[],"class_list":{"0":"post-11246","1":"product","2":"type-product","3":"status-publish","4":"has-post-thumbnail","6":"product_brand-dr-beckmann","7":"product_cat-puhastusvahendid","8":"product_cat-pesuvahendid","9":"pa_kogus-2x40-g","10":"pa_koostis-15-30-hapnikupohised-pleegitusained-5-anioonsete-pindaktiivsed-ained-optiline-valgendit-parfuum-limoneen-sodium-carbonate-sodium-carbonate-peroxide-sodium-sulfa","11":"pa_paritolumaa-saksamaa","12":"pa_uhik-g","14":"first","15":"instock","16":"purchasable","17":"product-type-simple"},"acf":[],"_links":{"self":[{"href":"https:\/\/ursus.ee\/en\/wp-json\/wp\/v2\/product\/11246","targetHints":{"allow":["GET"]}}],"collection":[{"href":"https:\/\/ursus.ee\/en\/wp-json\/wp\/v2\/product"}],"about":[{"href":"https:\/\/ursus.ee\/en\/wp-json\/wp\/v2\/types\/product"}],"replies":[{"embeddable":true,"href":"https:\/\/ursus.ee\/en\/wp-json\/wp\/v2\/comments?post=11246"}],"wp:featuredmedia":[{"embeddable":true,"href":"https:\/\/ursus.ee\/en\/wp-json\/wp\/v2\/media\/11247"}],"wp:attachment":[{"href":"https:\/\/ursus.ee\/en\/wp-json\/wp\/v2\/media?parent=11246"}],"wp:term":[{"taxonomy":"product_brand","embeddable":true,"href":"https:\/\/ursus.ee\/en\/wp-json\/wp\/v2\/product_brand?post=11246"},{"taxonomy":"product_cat","embeddable":true,"href":"https:\/\/ursus.ee\/en\/wp-json\/wp\/v2\/product_cat?post=11246"},{"taxonomy":"product_tag","embeddable":true,"href":"https:\/\/ursus.ee\/en\/wp-json\/wp\/v2\/product_tag?post=11246"}],"curies":[{"name":"wp","href":"https:\/\/api.w.org\/{rel}","templated":true}]}}