{"id":11243,"date":"2025-12-16T17:08:22","date_gmt":"2025-12-16T15:08:22","guid":{"rendered":"https:\/\/ursus.ee\/toode\/targeldus-ja-triikimisvedelik-2\/"},"modified":"2026-03-27T15:31:41","modified_gmt":"2026-03-27T13:31:41","slug":"targeldus-ja-triikimisvedelik-2","status":"publish","type":"product","link":"https:\/\/ursus.ee\/en\/toode\/targeldus-ja-triikimisvedelik-2\/","title":{"rendered":"T\u00e4rgeldus- ja triikimisvedelik"},"content":{"rendered":"<p>Hoolimata uutest kiu tehnoloogiatest on endiselt v\u00e4ga palju riideid, mida tuleb triikida. Triikimine ise on aegan\u00f5udev ja raske t\u00f6\u00f6. T\u00e4rgeldusvahend h\u00f5lbustab triikimist ning aitab s\u00e4rgid hoida kauem kortsuvabad ja v\u00e4rske v\u00e4limusega.<\/p>\n","protected":false},"excerpt":{"rendered":"<p>Hoolimata uutest kiu tehnoloogiatest on endiselt v\u00e4ga palju riideid, mida tuleb triikida. Triikimine ise on aegan\u00f5udev ja raske t\u00f6\u00f6. T\u00e4rgeldusvahend h\u00f5lbustab triikimist ning aitab s\u00e4rgid hoida kauem kortsuvabad ja v\u00e4rske v\u00e4limusega.<\/p>\n","protected":false},"featured_media":11244,"comment_status":"closed","ping_status":"open","template":"","meta":{"_acf_changed":false},"product_brand":[110],"product_cat":[162,163],"product_tag":[],"class_list":{"0":"post-11243","1":"product","2":"type-product","3":"status-publish","4":"has-post-thumbnail","6":"product_brand-dr-beckmann","7":"product_cat-pesuhooldus","8":"product_cat-pesutarvikud","9":"pa_kogus-500-ml","10":"pa_koostis-sisaldab-5-sailitusaineid-tetramethylolglycoluril-ja-lohnaaineid-aqua-starch-isopropyl-alcohol-parfum-peg-40-hdrogenated-castor-oil","11":"pa_paritolumaa-saksamaa","12":"pa_uhik-ml","14":"first","15":"instock","16":"purchasable","17":"product-type-simple"},"acf":[],"_links":{"self":[{"href":"https:\/\/ursus.ee\/en\/wp-json\/wp\/v2\/product\/11243","targetHints":{"allow":["GET"]}}],"collection":[{"href":"https:\/\/ursus.ee\/en\/wp-json\/wp\/v2\/product"}],"about":[{"href":"https:\/\/ursus.ee\/en\/wp-json\/wp\/v2\/types\/product"}],"replies":[{"embeddable":true,"href":"https:\/\/ursus.ee\/en\/wp-json\/wp\/v2\/comments?post=11243"}],"wp:featuredmedia":[{"embeddable":true,"href":"https:\/\/ursus.ee\/en\/wp-json\/wp\/v2\/media\/11244"}],"wp:attachment":[{"href":"https:\/\/ursus.ee\/en\/wp-json\/wp\/v2\/media?parent=11243"}],"wp:term":[{"taxonomy":"product_brand","embeddable":true,"href":"https:\/\/ursus.ee\/en\/wp-json\/wp\/v2\/product_brand?post=11243"},{"taxonomy":"product_cat","embeddable":true,"href":"https:\/\/ursus.ee\/en\/wp-json\/wp\/v2\/product_cat?post=11243"},{"taxonomy":"product_tag","embeddable":true,"href":"https:\/\/ursus.ee\/en\/wp-json\/wp\/v2\/product_tag?post=11243"}],"curies":[{"name":"wp","href":"https:\/\/api.w.org\/{rel}","templated":true}]}}