{"id":11236,"date":"2025-12-16T17:08:22","date_gmt":"2025-12-16T15:08:22","guid":{"rendered":"https:\/\/ursus.ee\/toode\/deo-ja-higiplekkide-eemaldi-2\/"},"modified":"2026-03-27T15:31:41","modified_gmt":"2026-03-27T13:31:41","slug":"deo-ja-higiplekkide-eemaldi-2","status":"publish","type":"product","link":"https:\/\/ursus.ee\/en\/toode\/deo-ja-higiplekkide-eemaldi-2\/","title":{"rendered":"Deo- ja higiplekkide eemaldi"},"content":{"rendered":"<p>Keemilise m\u00f5ju kombinatsioon! Tugevdab pesupulbri plekieemaldusm\u00f5ju pesumasinas. Eemaldab tugevamad higi- ja deotorandi plekid. Spetsiaalselt higi ja deodorandi plekkidele. K\u00f5rge efektiivsus t\u00e4nu spetsiaalsele plekki lahustavale j\u00f5ule. Toodet v\u00f5ib kasutada nii v\u00e4rvilistel-, kui ka valgete kangastel. Sobib k\u00f5igile pestavatele ja v\u00e4rvikindlatele tekstiilidele, v\u00e4lja arvatud siidile.<\/p>\n","protected":false},"excerpt":{"rendered":"<p>Keemilise m\u00f5ju kombinatsioon! Tugevdab pesupulbri plekieemaldusm\u00f5ju pesumasinas. Eemaldab tugevamad higi- ja deotorandi plekid. Spetsiaalselt higi ja deodorandi plekkidele. K\u00f5rge efektiivsus t\u00e4nu spetsiaalsele plekki lahustavale j\u00f5ule. Toodet v\u00f5ib kasutada nii v\u00e4rvilistel-, kui ka valgete kangastel. Sobib k\u00f5igile pestavatele ja v\u00e4rvikindlatele tekstiilidele, v\u00e4lja arvatud siidile.<\/p>\n","protected":false},"featured_media":11237,"comment_status":"closed","ping_status":"open","template":"","meta":{"_acf_changed":false},"product_brand":[110],"product_cat":[116,112],"product_tag":[],"class_list":{"0":"post-11236","1":"product","2":"type-product","3":"status-publish","4":"has-post-thumbnail","6":"product_brand-dr-beckmann","7":"product_cat-puhastusvahendid","8":"product_cat-pesuvahendid","9":"pa_kogus-250-ml","10":"pa_koostis-30-anionische-tenside--15-30-zeolithe-phenoxyethanol-duftstoffe-citral-linalool","11":"pa_paritolumaa-saksamaa","12":"pa_uhik-ml","14":"first","15":"instock","16":"purchasable","17":"product-type-simple"},"acf":[],"_links":{"self":[{"href":"https:\/\/ursus.ee\/en\/wp-json\/wp\/v2\/product\/11236","targetHints":{"allow":["GET"]}}],"collection":[{"href":"https:\/\/ursus.ee\/en\/wp-json\/wp\/v2\/product"}],"about":[{"href":"https:\/\/ursus.ee\/en\/wp-json\/wp\/v2\/types\/product"}],"replies":[{"embeddable":true,"href":"https:\/\/ursus.ee\/en\/wp-json\/wp\/v2\/comments?post=11236"}],"wp:featuredmedia":[{"embeddable":true,"href":"https:\/\/ursus.ee\/en\/wp-json\/wp\/v2\/media\/11237"}],"wp:attachment":[{"href":"https:\/\/ursus.ee\/en\/wp-json\/wp\/v2\/media?parent=11236"}],"wp:term":[{"taxonomy":"product_brand","embeddable":true,"href":"https:\/\/ursus.ee\/en\/wp-json\/wp\/v2\/product_brand?post=11236"},{"taxonomy":"product_cat","embeddable":true,"href":"https:\/\/ursus.ee\/en\/wp-json\/wp\/v2\/product_cat?post=11236"},{"taxonomy":"product_tag","embeddable":true,"href":"https:\/\/ursus.ee\/en\/wp-json\/wp\/v2\/product_tag?post=11236"}],"curies":[{"name":"wp","href":"https:\/\/api.w.org\/{rel}","templated":true}]}}