{"id":11230,"date":"2025-12-16T17:08:22","date_gmt":"2025-12-16T15:08:22","guid":{"rendered":"https:\/\/ursus.ee\/toode\/plekieemaldi-harjasega-2\/"},"modified":"2026-03-27T15:31:41","modified_gmt":"2026-03-27T13:31:41","slug":"plekieemaldi-harjasega-2","status":"publish","type":"product","link":"https:\/\/ursus.ee\/en\/toode\/plekieemaldi-harjasega-2\/","title":{"rendered":"Plekieemaldi harjasega"},"content":{"rendered":"<p>Tugevdab pesupulbri plekieemaldusm\u00f5ju pesumasinas. Eemaldab tugevamad plekid just seal, kus vaja. EEMALDAB: rasvaplekid (v\u00f5i, kastmed, majonees jne.); tugevad v\u00e4rvilised plekid (ket\u0161up, spinat, porgand, sinep, lastes\u00f6\u00f6k jne.) Sobib k\u00f5ikide pestavatele tekstiilidele v\u00e4lja arvatud siidile.<\/p>\n","protected":false},"excerpt":{"rendered":"<p>Tugevdab pesupulbri plekieemaldusm\u00f5ju pesumasinas. Eemaldab tugevamad plekid just seal, kus vaja. EEMALDAB: rasvaplekid (v\u00f5i, kastmed, majonees jne.); tugevad v\u00e4rvilised plekid (ket\u0161up, spinat, porgand, sinep, lastes\u00f6\u00f6k jne.) Sobib k\u00f5ikide pestavatele tekstiilidele v\u00e4lja arvatud siidile.<\/p>\n","protected":false},"featured_media":11231,"comment_status":"closed","ping_status":"open","template":"","meta":{"_acf_changed":false},"product_brand":[110],"product_cat":[116,112],"product_tag":[],"class_list":{"0":"post-11230","1":"product","2":"type-product","3":"status-publish","4":"has-post-thumbnail","6":"product_brand-dr-beckmann","7":"product_cat-puhastusvahendid","8":"product_cat-pesuvahendid","9":"pa_kogus-250-ml","10":"pa_paritolumaa-saksamaa","11":"pa_uhik-ml","13":"first","14":"instock","15":"purchasable","16":"product-type-simple"},"acf":[],"_links":{"self":[{"href":"https:\/\/ursus.ee\/en\/wp-json\/wp\/v2\/product\/11230","targetHints":{"allow":["GET"]}}],"collection":[{"href":"https:\/\/ursus.ee\/en\/wp-json\/wp\/v2\/product"}],"about":[{"href":"https:\/\/ursus.ee\/en\/wp-json\/wp\/v2\/types\/product"}],"replies":[{"embeddable":true,"href":"https:\/\/ursus.ee\/en\/wp-json\/wp\/v2\/comments?post=11230"}],"wp:featuredmedia":[{"embeddable":true,"href":"https:\/\/ursus.ee\/en\/wp-json\/wp\/v2\/media\/11231"}],"wp:attachment":[{"href":"https:\/\/ursus.ee\/en\/wp-json\/wp\/v2\/media?parent=11230"}],"wp:term":[{"taxonomy":"product_brand","embeddable":true,"href":"https:\/\/ursus.ee\/en\/wp-json\/wp\/v2\/product_brand?post=11230"},{"taxonomy":"product_cat","embeddable":true,"href":"https:\/\/ursus.ee\/en\/wp-json\/wp\/v2\/product_cat?post=11230"},{"taxonomy":"product_tag","embeddable":true,"href":"https:\/\/ursus.ee\/en\/wp-json\/wp\/v2\/product_tag?post=11230"}],"curies":[{"name":"wp","href":"https:\/\/api.w.org\/{rel}","templated":true}]}}