{"id":11227,"date":"2025-12-16T17:08:22","date_gmt":"2025-12-16T15:08:22","guid":{"rendered":"https:\/\/ursus.ee\/toode\/plekieemaldi-roll-on-kaasaskantav-2\/"},"modified":"2026-03-27T15:31:41","modified_gmt":"2026-03-27T13:31:41","slug":"plekieemaldi-roll-on-kaasaskantav-2","status":"publish","type":"product","link":"https:\/\/ursus.ee\/en\/toode\/plekieemaldi-roll-on-kaasaskantav-2\/","title":{"rendered":"Plekieemaldi Roll-on kaasaskantav"},"content":{"rendered":"<p>Dr.Beckmann Roll-On kaasaskantav plekieemaldi. Ideaalne reisile v\u00f5i k\u00e4ekotti. Eemaldab rasva-, \u00f5li-, k\u00f6\u00f6givilja-, ket\u0161upi,- puuvilja-, punase veini, muru-, kohvi-, vere- jt. plekid.<\/p>\n","protected":false},"excerpt":{"rendered":"<p>Dr.Beckmann Roll-On kaasaskantav plekieemaldi. Ideaalne reisile v\u00f5i k\u00e4ekotti. Eemaldab rasva-, \u00f5li-, k\u00f6\u00f6givilja-, ket\u0161upi,- puuvilja-, punase veini, muru-, kohvi-, vere- jt. plekid.<\/p>\n","protected":false},"featured_media":11228,"comment_status":"closed","ping_status":"open","template":"","meta":{"_acf_changed":false},"product_brand":[110],"product_cat":[116,112],"product_tag":[],"class_list":{"0":"post-11227","1":"product","2":"type-product","3":"status-publish","4":"has-post-thumbnail","6":"product_brand-dr-beckmann","7":"product_cat-puhastusvahendid","8":"product_cat-pesuvahendid","9":"pa_kogus-75-ml","10":"pa_koostis-5-15-anioonsed-pindaktiivsed-ained-alla-5-mitteioonsed-pindaktiivsed-ained-hapnikupohised-valgendajad-lohnaained-2-metuul-2h-isotiasool-3-oon-12-bensisotiasool-32h-oon-aqua","11":"pa_paritolumaa-saksamaa","12":"pa_uhik-ml","14":"first","15":"instock","16":"purchasable","17":"product-type-simple"},"acf":[],"_links":{"self":[{"href":"https:\/\/ursus.ee\/en\/wp-json\/wp\/v2\/product\/11227","targetHints":{"allow":["GET"]}}],"collection":[{"href":"https:\/\/ursus.ee\/en\/wp-json\/wp\/v2\/product"}],"about":[{"href":"https:\/\/ursus.ee\/en\/wp-json\/wp\/v2\/types\/product"}],"replies":[{"embeddable":true,"href":"https:\/\/ursus.ee\/en\/wp-json\/wp\/v2\/comments?post=11227"}],"wp:featuredmedia":[{"embeddable":true,"href":"https:\/\/ursus.ee\/en\/wp-json\/wp\/v2\/media\/11228"}],"wp:attachment":[{"href":"https:\/\/ursus.ee\/en\/wp-json\/wp\/v2\/media?parent=11227"}],"wp:term":[{"taxonomy":"product_brand","embeddable":true,"href":"https:\/\/ursus.ee\/en\/wp-json\/wp\/v2\/product_brand?post=11227"},{"taxonomy":"product_cat","embeddable":true,"href":"https:\/\/ursus.ee\/en\/wp-json\/wp\/v2\/product_cat?post=11227"},{"taxonomy":"product_tag","embeddable":true,"href":"https:\/\/ursus.ee\/en\/wp-json\/wp\/v2\/product_tag?post=11227"}],"curies":[{"name":"wp","href":"https:\/\/api.w.org\/{rel}","templated":true}]}}