{"id":11222,"date":"2025-12-16T17:08:22","date_gmt":"2025-12-16T15:08:22","guid":{"rendered":"https:\/\/ursus.ee\/toode\/plekieemalduspulber-oxi-power-2\/"},"modified":"2026-03-27T15:31:40","modified_gmt":"2026-03-27T13:31:40","slug":"plekieemalduspulber-oxi-power-2","status":"publish","type":"product","link":"https:\/\/ursus.ee\/en\/toode\/plekieemalduspulber-oxi-power-2\/","title":{"rendered":"Plekieemalduspulber Oxi-Power"},"content":{"rendered":"<p>Dr. Beckmann Oxi Power plekieemalduspulber on suure j\u00f5udlusega pulberlisand, mis suurendab regulaarsel kasutamisel pesuvahendi t\u00f5husust* ja aitab hoida kangaste uuev\u00e4\u00e4rset ning kirgast v\u00e4limust. Pakendis m\u00f5\u00f5telusikas mugavamaks doseerimiseks.<br \/>\n\u2022 P\u00f5hjalik ja h\u00fcgieeniline puhtus \u2022 Aitab eemaldada 100+ erinevat t\u00fc\u00fcpi tugevaid ja t\u00f5rksaid plekke \u2022 Aitab hoida r\u00f5ivaste uuev\u00e4\u00e4rset v\u00e4limust ka mitmete pesukordade j\u00e4rel \u2022 Ennetab kangaste tuhmumist \u2022 Toime p\u00f5hineb aktiivhapniku Oxi Action tehnoloogial \u2022 Efektiivne ka madalatel temperatuuridel alates 20 \u00b0C, aidates s\u00e4\u00e4sta energiat \u2022 0% l\u00f5hnaaineid \u2022 0% kloori baasil valgendit \u2022 70% v\u00e4hem pakendij\u00e4\u00e4tmeid**<br \/>\n*V\u00f5rrelduna 40 \u00b0C masinpesu pesuvahendiga + Dr. Beckmann Oxi Power plekieemalduspulber (50g) vs. pesemisel 40 \u00b0C masinpesu ainult pesuvahendiga.<br \/>\n**V\u00f5rrelduna plastpakendites plekieemalduspulbritega, millel on v\u00f5rreldav puhastuskordade arv.<\/p>\n","protected":false},"excerpt":{"rendered":"<p>Dr. Beckmann Oxi Power plekieemalduspulber on suure j\u00f5udlusega pulberlisand, mis suurendab regulaarsel kasutamisel pesuvahendi t\u00f5husust* ja aitab hoida kangaste uuev\u00e4\u00e4rset ning kirgast v\u00e4limust. Pakendis m\u00f5\u00f5telusikas mugavamaks doseerimiseks. \u2022 P\u00f5hjalik ja h\u00fcgieeniline puhtus \u2022 Aitab eemaldada 100+ erinevat t\u00fc\u00fcpi tugevaid ja t\u00f5rksaid plekke \u2022 Aitab hoida r\u00f5ivaste uuev\u00e4\u00e4rset v\u00e4limust ka mitmete pesukordade j\u00e4rel \u2022 Ennetab kangaste<\/p>\n","protected":false},"featured_media":11223,"comment_status":"closed","ping_status":"open","template":"","meta":{"_acf_changed":false},"product_brand":[110],"product_cat":[116,112],"product_tag":[],"class_list":{"0":"post-11222","1":"product","2":"type-product","3":"status-publish","4":"has-post-thumbnail","6":"product_brand-dr-beckmann","7":"product_cat-puhastusvahendid","8":"product_cat-pesuvahendid","9":"pa_kogus-400-g","10":"pa_koostis-5-15-hapniku-baasil-pleegitusained-ensuumid","11":"pa_paritolumaa-poola","12":"pa_uhik-g","14":"first","15":"instock","16":"purchasable","17":"product-type-simple"},"acf":[],"_links":{"self":[{"href":"https:\/\/ursus.ee\/en\/wp-json\/wp\/v2\/product\/11222","targetHints":{"allow":["GET"]}}],"collection":[{"href":"https:\/\/ursus.ee\/en\/wp-json\/wp\/v2\/product"}],"about":[{"href":"https:\/\/ursus.ee\/en\/wp-json\/wp\/v2\/types\/product"}],"replies":[{"embeddable":true,"href":"https:\/\/ursus.ee\/en\/wp-json\/wp\/v2\/comments?post=11222"}],"wp:featuredmedia":[{"embeddable":true,"href":"https:\/\/ursus.ee\/en\/wp-json\/wp\/v2\/media\/11223"}],"wp:attachment":[{"href":"https:\/\/ursus.ee\/en\/wp-json\/wp\/v2\/media?parent=11222"}],"wp:term":[{"taxonomy":"product_brand","embeddable":true,"href":"https:\/\/ursus.ee\/en\/wp-json\/wp\/v2\/product_brand?post=11222"},{"taxonomy":"product_cat","embeddable":true,"href":"https:\/\/ursus.ee\/en\/wp-json\/wp\/v2\/product_cat?post=11222"},{"taxonomy":"product_tag","embeddable":true,"href":"https:\/\/ursus.ee\/en\/wp-json\/wp\/v2\/product_tag?post=11222"}],"curies":[{"name":"wp","href":"https:\/\/api.w.org\/{rel}","templated":true}]}}