{"id":11218,"date":"2025-12-16T17:08:22","date_gmt":"2025-12-16T15:08:22","guid":{"rendered":"https:\/\/ursus.ee\/toode\/plekieemalduspulber-valgele-pesule-hygiene-white-2in1-2\/"},"modified":"2026-03-27T15:31:40","modified_gmt":"2026-03-27T13:31:40","slug":"plekieemalduspulber-valgele-pesule-hygiene-white-2in1-2","status":"publish","type":"product","link":"https:\/\/ursus.ee\/en\/toode\/plekieemalduspulber-valgele-pesule-hygiene-white-2in1-2\/","title":{"rendered":"Plekieemalduspulber valgele pesule Hygiene White 2in1"},"content":{"rendered":"<p>Dr. Beckmann 2in1 Hygiene White plekieemalduspulber on suure j\u00f5udlusega pulberlisand, mis suurendab regulaarsel kasutamisel pesuvahendi t\u00f5husust ja aitab hoida kangaste uuev\u00e4\u00e4rset ning kirgast v\u00e4limust. Pakendis m\u00f5\u00f5telusikas mugavamaks doseerimiseks.<br \/>\n\u2022 Muudab heledad kangad kuni 40% heledamaks, kui ainult pesuvahendi kasutamisel* \u2022 P\u00f5hjalik ja h\u00fcgieeniline puhtus \u2022 Aitab eemaldada ka tugevad ja t\u00f5rksad plekid (nt. higiplekid, m\u00e4\u00e4rdumine k\u00e4istel ja kraedel) \u2022 Toime p\u00f5hineb aktiivhapniku Oxi White tehnoloogial \u2022 Aitab hoida r\u00f5ivaste uuev\u00e4\u00e4rset v\u00e4limust ka mitmete pesukordade j\u00e4rel \u2022 Efektiivne ka madalatel temperatuuridel alates 20 \u00b0C, aidates s\u00e4\u00e4sta energiat \u2022 0% l\u00f5hnaaineid \u2022 0% kloori baasil valgendit \u2022 70% v\u00e4hem pakendij\u00e4\u00e4tmeid**<br \/>\n*V\u00f5rrelduna 40 \u00b0C masinpesu pesuvahendiga + Dr. Beckmann Hygiene White plekieemalduspulber (50g) vs. pesemisel 40 \u00b0C masinpesu ainult pesuvahendiga.<br \/>\n**V\u00f5rrelduna plastpakendites plekieemalduspulbritega, millel on v\u00f5rreldav puhastuskordade arv.<\/p>\n","protected":false},"excerpt":{"rendered":"<p>Dr. Beckmann 2in1 Hygiene White plekieemalduspulber on suure j\u00f5udlusega pulberlisand, mis suurendab regulaarsel kasutamisel pesuvahendi t\u00f5husust ja aitab hoida kangaste uuev\u00e4\u00e4rset ning kirgast v\u00e4limust. Pakendis m\u00f5\u00f5telusikas mugavamaks doseerimiseks. \u2022 Muudab heledad kangad kuni 40% heledamaks, kui ainult pesuvahendi kasutamisel* \u2022 P\u00f5hjalik ja h\u00fcgieeniline puhtus \u2022 Aitab eemaldada ka tugevad ja t\u00f5rksad plekid (nt. higiplekid, m\u00e4\u00e4rdumine<\/p>\n","protected":false},"featured_media":11219,"comment_status":"closed","ping_status":"open","template":"","meta":{"_acf_changed":false},"product_brand":[110],"product_cat":[116,112],"product_tag":[],"class_list":{"0":"post-11218","1":"product","2":"type-product","3":"status-publish","4":"has-post-thumbnail","6":"product_brand-dr-beckmann","7":"product_cat-puhastusvahendid","8":"product_cat-pesuvahendid","9":"pa_kogus-400-g","10":"pa_koostis-5-15-hapniku-baasil-pleegitusained-ensuumid-optilised-valgendid","11":"pa_paritolumaa-poola","12":"pa_uhik-g","14":"first","15":"instock","16":"purchasable","17":"product-type-simple"},"acf":[],"_links":{"self":[{"href":"https:\/\/ursus.ee\/en\/wp-json\/wp\/v2\/product\/11218","targetHints":{"allow":["GET"]}}],"collection":[{"href":"https:\/\/ursus.ee\/en\/wp-json\/wp\/v2\/product"}],"about":[{"href":"https:\/\/ursus.ee\/en\/wp-json\/wp\/v2\/types\/product"}],"replies":[{"embeddable":true,"href":"https:\/\/ursus.ee\/en\/wp-json\/wp\/v2\/comments?post=11218"}],"wp:featuredmedia":[{"embeddable":true,"href":"https:\/\/ursus.ee\/en\/wp-json\/wp\/v2\/media\/11219"}],"wp:attachment":[{"href":"https:\/\/ursus.ee\/en\/wp-json\/wp\/v2\/media?parent=11218"}],"wp:term":[{"taxonomy":"product_brand","embeddable":true,"href":"https:\/\/ursus.ee\/en\/wp-json\/wp\/v2\/product_brand?post=11218"},{"taxonomy":"product_cat","embeddable":true,"href":"https:\/\/ursus.ee\/en\/wp-json\/wp\/v2\/product_cat?post=11218"},{"taxonomy":"product_tag","embeddable":true,"href":"https:\/\/ursus.ee\/en\/wp-json\/wp\/v2\/product_tag?post=11218"}],"curies":[{"name":"wp","href":"https:\/\/api.w.org\/{rel}","templated":true}]}}